{"id":88737,"date":"2026-05-09T14:50:25","date_gmt":"2026-05-09T12:50:25","guid":{"rendered":"https:\/\/www.wepaflyer.com\/?post_type=product&#038;p=88737"},"modified":"2026-05-09T14:57:14","modified_gmt":"2026-05-09T12:57:14","slug":"hq-eco-box-kite-30-s","status":"publish","type":"product","link":"https:\/\/www.wepaflyer.com\/de\/produkt\/hq-eco-box-kite-30-s\/","title":{"rendered":"HQ Eco Box-Kite 30 S"},"content":{"rendered":"<h3>HQ Eco Box-Kite 30 S | Kastendrachen<\/h3>\n<h4>\u00d8 29 x 30 cm | Ready-to-Fly | Geeignet f\u00fcr die j\u00fcngsten Drachenflieger<\/h4>\n<p>Die Einleiner-Drachen der HQ Eco Line Serie wurden speziell f\u00fcr Hobby-Drachenflieger entwickelt und gefertigt, die unkompliziert und ab und zu einen Drachen steigen lassen m\u00f6chten.<\/p>\n<p>Dieser kleinste Box-Drachen ist ein toller 3D-Drachen, der direkt aus der Hand gestartet werden kann. Er ist stabil und eignet sich auch perfekt f\u00fcr die J\u00fcngsten.<br \/>\nHergestellt aus rei\u00dffestem Polyestergewebe mit einem 2 mm starken Fiberglasrahmen.<\/p>\n<p>Der Boxkite 30-S fliegt am besten bei Windst\u00e4rken von 3 bis 5 Beaufort.<\/p>\n<p>Der Kite wird flugfertig mit 20 Metern Drachenleine auf einer Rolle (10 daN) in verschiedenen Farbkombinationen geliefert. Eine Anleitung und ein Drachenschwanz sind ebenfalls enthalten. Verpackt in einer einfachen H\u00fclle.<\/p>\n","protected":false},"excerpt":{"rendered":"<p>\u00d8 29 x 30 cm | Ready-to-Fly | Geeignet f\u00fcr die j\u00fcngsten Drachenflieger<\/p>\n","protected":false},"featured_media":88735,"comment_status":"closed","ping_status":"closed","template":"","meta":{"_acf_changed":false},"product_brand":[],"product_cat":[1396,2177,2184,1348,1384],"product_tag":[],"class_list":{"0":"post-88737","1":"product","2":"type-product","3":"status-publish","4":"has-post-thumbnail","6":"product_cat-drachen","7":"product_cat-hq-kites","8":"product_cat-kinderdrachen","9":"product_cat-marken","10":"product_cat-sale","12":"first","13":"instock","14":"sale","15":"taxable","16":"shipping-taxable","17":"purchasable","18":"product-type-simple"},"acf":[],"_links":{"self":[{"href":"https:\/\/www.wepaflyer.com\/de\/wp-json\/wp\/v2\/product\/88737","targetHints":{"allow":["GET"]}}],"collection":[{"href":"https:\/\/www.wepaflyer.com\/de\/wp-json\/wp\/v2\/product"}],"about":[{"href":"https:\/\/www.wepaflyer.com\/de\/wp-json\/wp\/v2\/types\/product"}],"replies":[{"embeddable":true,"href":"https:\/\/www.wepaflyer.com\/de\/wp-json\/wp\/v2\/comments?post=88737"}],"wp:featuredmedia":[{"embeddable":true,"href":"https:\/\/www.wepaflyer.com\/de\/wp-json\/wp\/v2\/media\/88735"}],"wp:attachment":[{"href":"https:\/\/www.wepaflyer.com\/de\/wp-json\/wp\/v2\/media?parent=88737"}],"wp:term":[{"taxonomy":"product_brand","embeddable":true,"href":"https:\/\/www.wepaflyer.com\/de\/wp-json\/wp\/v2\/product_brand?post=88737"},{"taxonomy":"product_cat","embeddable":true,"href":"https:\/\/www.wepaflyer.com\/de\/wp-json\/wp\/v2\/product_cat?post=88737"},{"taxonomy":"product_tag","embeddable":true,"href":"https:\/\/www.wepaflyer.com\/de\/wp-json\/wp\/v2\/product_tag?post=88737"}],"curies":[{"name":"wp","href":"https:\/\/api.w.org\/{rel}","templated":true}]}}