{"id":88711,"date":"2026-05-09T11:38:30","date_gmt":"2026-05-09T09:38:30","guid":{"rendered":"https:\/\/www.wepaflyer.com\/?post_type=product&#038;p=88711"},"modified":"2026-05-09T11:41:07","modified_gmt":"2026-05-09T09:41:07","slug":"win-eco-magic-wheel-16","status":"publish","type":"product","link":"https:\/\/www.wepaflyer.com\/de\/produkt\/win-eco-magic-wheel-16\/","title":{"rendered":"WIN Eco Magic Wheel 16"},"content":{"rendered":"<h3>WIN Eco Magic Wheel 16<\/h3>\n<h4>\u00d8 16 x 48 cm<\/h4>\n<p>Unsere Ecoline-Windspielserie besteht aus Modellen mit attraktiven Designs zu besonders g\u00fcnstigen Preisen. Die gute Verarbeitung aus robustem Polyestertuch erweist sich im t\u00e4glichen Gebrauch als sehr widerstandsf\u00e4hig. Ein Schmuckst\u00fcck f\u00fcr jeden Garten, Balkon oder jede Veranda.<\/p>\n<p>Der Aufbau aller Modelle ist denkbar einfach.<\/p>\n","protected":false},"excerpt":{"rendered":"<p>\u00d8 16 x 48 cm<\/p>\n","protected":false},"featured_media":88710,"comment_status":"closed","ping_status":"closed","template":"","meta":{"_acf_changed":false},"product_brand":[],"product_cat":[2177,1348,1384,1403,2188],"product_tag":[3634],"class_list":{"0":"post-88711","1":"product","2":"type-product","3":"status-publish","4":"has-post-thumbnail","6":"product_cat-hq-kites","7":"product_cat-marken","8":"product_cat-sale","9":"product_cat-windspiele","10":"product_cat-windspiele-garten","11":"product_tag-windspelen","13":"first","14":"instock","15":"sale","16":"taxable","17":"shipping-taxable","18":"purchasable","19":"product-type-simple"},"acf":[],"_links":{"self":[{"href":"https:\/\/www.wepaflyer.com\/de\/wp-json\/wp\/v2\/product\/88711","targetHints":{"allow":["GET"]}}],"collection":[{"href":"https:\/\/www.wepaflyer.com\/de\/wp-json\/wp\/v2\/product"}],"about":[{"href":"https:\/\/www.wepaflyer.com\/de\/wp-json\/wp\/v2\/types\/product"}],"replies":[{"embeddable":true,"href":"https:\/\/www.wepaflyer.com\/de\/wp-json\/wp\/v2\/comments?post=88711"}],"wp:featuredmedia":[{"embeddable":true,"href":"https:\/\/www.wepaflyer.com\/de\/wp-json\/wp\/v2\/media\/88710"}],"wp:attachment":[{"href":"https:\/\/www.wepaflyer.com\/de\/wp-json\/wp\/v2\/media?parent=88711"}],"wp:term":[{"taxonomy":"product_brand","embeddable":true,"href":"https:\/\/www.wepaflyer.com\/de\/wp-json\/wp\/v2\/product_brand?post=88711"},{"taxonomy":"product_cat","embeddable":true,"href":"https:\/\/www.wepaflyer.com\/de\/wp-json\/wp\/v2\/product_cat?post=88711"},{"taxonomy":"product_tag","embeddable":true,"href":"https:\/\/www.wepaflyer.com\/de\/wp-json\/wp\/v2\/product_tag?post=88711"}],"curies":[{"name":"wp","href":"https:\/\/api.w.org\/{rel}","templated":true}]}}