{"id":88706,"date":"2026-05-09T11:28:33","date_gmt":"2026-05-09T09:28:33","guid":{"rendered":"https:\/\/www.wepaflyer.com\/?post_type=product&#038;p=88706"},"modified":"2026-05-09T11:33:11","modified_gmt":"2026-05-09T09:33:11","slug":"win-eco-yellowred-flower-duett","status":"publish","type":"product","link":"https:\/\/www.wepaflyer.com\/de\/produkt\/win-eco-yellowred-flower-duett\/","title":{"rendered":"WIN Eco YellowRed Flower Duett"},"content":{"rendered":"<h3>WIN Eco YellowRed Flower (Blume) Duett<\/h3>\n<h4>\u00d8 26 + \u00d8 16 x 64 cm | Zwei entgegengesetz drehende Blumen<\/h4>\n<p>Unsere Ecoline-Windspielserie besteht aus Modellen mit attraktiven Designs zu besonders g\u00fcnstigen Preisen. Die gute Verarbeitung aus robustem Polyestertuch erweist sich im t\u00e4glichen Gebrauch als sehr widerstandsf\u00e4hig. Ein Schmuckst\u00fcck f\u00fcr jeden Garten, Balkon oder jede Veranda.<\/p>\n<p>Der Aufbau aller Modelle ist denkbar einfach.<\/p>\n","protected":false},"excerpt":{"rendered":"<p>\u00d8 26 + \u00d8 16 x 64 cm | Zwei entgegengesetz drehende Blumen<\/p>\n","protected":false},"featured_media":88705,"comment_status":"closed","ping_status":"closed","template":"","meta":{"_acf_changed":false},"product_brand":[],"product_cat":[2177,1348,1384,1403,2188],"product_tag":[3634],"class_list":{"0":"post-88706","1":"product","2":"type-product","3":"status-publish","4":"has-post-thumbnail","6":"product_cat-hq-kites","7":"product_cat-marken","8":"product_cat-sale","9":"product_cat-windspiele","10":"product_cat-windspiele-garten","11":"product_tag-windspelen","13":"first","14":"instock","15":"sale","16":"taxable","17":"shipping-taxable","18":"purchasable","19":"product-type-simple"},"acf":[],"_links":{"self":[{"href":"https:\/\/www.wepaflyer.com\/de\/wp-json\/wp\/v2\/product\/88706","targetHints":{"allow":["GET"]}}],"collection":[{"href":"https:\/\/www.wepaflyer.com\/de\/wp-json\/wp\/v2\/product"}],"about":[{"href":"https:\/\/www.wepaflyer.com\/de\/wp-json\/wp\/v2\/types\/product"}],"replies":[{"embeddable":true,"href":"https:\/\/www.wepaflyer.com\/de\/wp-json\/wp\/v2\/comments?post=88706"}],"wp:featuredmedia":[{"embeddable":true,"href":"https:\/\/www.wepaflyer.com\/de\/wp-json\/wp\/v2\/media\/88705"}],"wp:attachment":[{"href":"https:\/\/www.wepaflyer.com\/de\/wp-json\/wp\/v2\/media?parent=88706"}],"wp:term":[{"taxonomy":"product_brand","embeddable":true,"href":"https:\/\/www.wepaflyer.com\/de\/wp-json\/wp\/v2\/product_brand?post=88706"},{"taxonomy":"product_cat","embeddable":true,"href":"https:\/\/www.wepaflyer.com\/de\/wp-json\/wp\/v2\/product_cat?post=88706"},{"taxonomy":"product_tag","embeddable":true,"href":"https:\/\/www.wepaflyer.com\/de\/wp-json\/wp\/v2\/product_tag?post=88706"}],"curies":[{"name":"wp","href":"https:\/\/api.w.org\/{rel}","templated":true}]}}