{"id":88642,"date":"2026-05-08T12:57:41","date_gmt":"2026-05-08T10:57:41","guid":{"rendered":"https:\/\/www.wepaflyer.com\/?post_type=product&#038;p=88642"},"modified":"2026-05-08T13:07:45","modified_gmt":"2026-05-08T11:07:45","slug":"cim-magic-wheel-twin-35","status":"publish","type":"product","link":"https:\/\/www.wepaflyer.com\/de\/produkt\/cim-magic-wheel-twin-35\/","title":{"rendered":"CiM Magic Wheel Twin 35"},"content":{"rendered":"<h3>CiM Magic Wheel Twin 35<\/h3>\n<h4>\u00d8 35 \/ \u00d8 35 x 97 cm.<\/h4>\n<p>Magic Wheels sind Windspiele, deren \u201eR\u00e4der\u201c sich in entgegengesetzte Richtungen drehen. Sie sind in verschiedenen Designs, Ausf\u00fchrungen und Gr\u00f6\u00dfen erh\u00e4ltlich und faszinieren alle durch das schillernde Farbenspiel, das die R\u00e4der im Wind erzeugen.<\/p>\n<p>Dieses Windspiel von Colours in Motion ist aus rei\u00dffestem Spinnaker-Gewebe gefertigt. Es ist UV- und witterungsbest\u00e4ndig und mit verst\u00e4rkten Fiberglasst\u00e4ben.<\/p>\n","protected":false},"excerpt":{"rendered":"<p>\u00d8 35 \/ \u00d8 35 x 97 cm.<\/p>\n","protected":false},"featured_media":88641,"comment_status":"closed","ping_status":"closed","template":"","meta":{"_acf_changed":false},"product_brand":[],"product_cat":[2187,1348,1403,2188],"product_tag":[3634],"class_list":{"0":"post-88642","1":"product","2":"type-product","3":"status-publish","4":"has-post-thumbnail","6":"product_cat-colours-in-motion","7":"product_cat-marken","8":"product_cat-windspiele","9":"product_cat-windspiele-garten","10":"product_tag-windspelen","12":"first","13":"instock","14":"sale","15":"taxable","16":"shipping-taxable","17":"purchasable","18":"product-type-simple"},"acf":[],"_links":{"self":[{"href":"https:\/\/www.wepaflyer.com\/de\/wp-json\/wp\/v2\/product\/88642","targetHints":{"allow":["GET"]}}],"collection":[{"href":"https:\/\/www.wepaflyer.com\/de\/wp-json\/wp\/v2\/product"}],"about":[{"href":"https:\/\/www.wepaflyer.com\/de\/wp-json\/wp\/v2\/types\/product"}],"replies":[{"embeddable":true,"href":"https:\/\/www.wepaflyer.com\/de\/wp-json\/wp\/v2\/comments?post=88642"}],"wp:featuredmedia":[{"embeddable":true,"href":"https:\/\/www.wepaflyer.com\/de\/wp-json\/wp\/v2\/media\/88641"}],"wp:attachment":[{"href":"https:\/\/www.wepaflyer.com\/de\/wp-json\/wp\/v2\/media?parent=88642"}],"wp:term":[{"taxonomy":"product_brand","embeddable":true,"href":"https:\/\/www.wepaflyer.com\/de\/wp-json\/wp\/v2\/product_brand?post=88642"},{"taxonomy":"product_cat","embeddable":true,"href":"https:\/\/www.wepaflyer.com\/de\/wp-json\/wp\/v2\/product_cat?post=88642"},{"taxonomy":"product_tag","embeddable":true,"href":"https:\/\/www.wepaflyer.com\/de\/wp-json\/wp\/v2\/product_tag?post=88642"}],"curies":[{"name":"wp","href":"https:\/\/api.w.org\/{rel}","templated":true}]}}