{"id":88531,"date":"2026-05-04T20:33:23","date_gmt":"2026-05-04T18:33:23","guid":{"rendered":"https:\/\/www.wepaflyer.com\/?post_type=product&#038;p=88531"},"modified":"2026-05-04T20:37:58","modified_gmt":"2026-05-04T18:37:58","slug":"cim-space-flower","status":"publish","type":"product","link":"https:\/\/www.wepaflyer.com\/de\/produkt\/cim-space-flower\/","title":{"rendered":"CiM Space Flower"},"content":{"rendered":"<h3>CiM Space Flower \u2013 Doppel Windrad<\/h3>\n<h4>\u00d8 27 cm. \/ 45 x 16 cm. \/ H\u00f6he 100 cm. | Futuristisches Windspiel<\/h4>\n<p>Die Space Flower verf\u00fcgt \u00fcber zwei Windr\u00e4der und sieht etwas futuristisch aus. Die beiden sich gleichzeitig drehenden R\u00e4der erzeugen einen einzigartigen Effekt, insbesondere da sie sich nicht parallel drehen. Man muss also genau hinsehen, um das Besondere zu erkennen.<\/p>\n<p>Dieser Windspinner von Colours in Motion ist aus rei\u00dffestem Spinnaker-Gewebe gefertigt.<br \/>\nEr ist UV- und wetterbest\u00e4ndig, mit Fiberglasst\u00e4ben und einem Bodend\u00fcbel ausgestattet.<\/p>\n","protected":false},"excerpt":{"rendered":"<p>\u00d8 27 cm. \/ 45 x 16 cm. \/ H\u00f6he 100 cm. | Futuristisches Windspiel<\/p>\n","protected":false},"featured_media":88530,"comment_status":"closed","ping_status":"closed","template":"","meta":{"_acf_changed":false},"product_brand":[],"product_cat":[2187,1348,1384,1403,2188],"product_tag":[3634],"class_list":{"0":"post-88531","1":"product","2":"type-product","3":"status-publish","4":"has-post-thumbnail","6":"product_cat-colours-in-motion","7":"product_cat-marken","8":"product_cat-sale","9":"product_cat-windspiele","10":"product_cat-windspiele-garten","11":"product_tag-windspelen","13":"first","14":"instock","15":"sale","16":"taxable","17":"shipping-taxable","18":"purchasable","19":"product-type-simple"},"acf":[],"_links":{"self":[{"href":"https:\/\/www.wepaflyer.com\/de\/wp-json\/wp\/v2\/product\/88531","targetHints":{"allow":["GET"]}}],"collection":[{"href":"https:\/\/www.wepaflyer.com\/de\/wp-json\/wp\/v2\/product"}],"about":[{"href":"https:\/\/www.wepaflyer.com\/de\/wp-json\/wp\/v2\/types\/product"}],"replies":[{"embeddable":true,"href":"https:\/\/www.wepaflyer.com\/de\/wp-json\/wp\/v2\/comments?post=88531"}],"wp:featuredmedia":[{"embeddable":true,"href":"https:\/\/www.wepaflyer.com\/de\/wp-json\/wp\/v2\/media\/88530"}],"wp:attachment":[{"href":"https:\/\/www.wepaflyer.com\/de\/wp-json\/wp\/v2\/media?parent=88531"}],"wp:term":[{"taxonomy":"product_brand","embeddable":true,"href":"https:\/\/www.wepaflyer.com\/de\/wp-json\/wp\/v2\/product_brand?post=88531"},{"taxonomy":"product_cat","embeddable":true,"href":"https:\/\/www.wepaflyer.com\/de\/wp-json\/wp\/v2\/product_cat?post=88531"},{"taxonomy":"product_tag","embeddable":true,"href":"https:\/\/www.wepaflyer.com\/de\/wp-json\/wp\/v2\/product_tag?post=88531"}],"curies":[{"name":"wp","href":"https:\/\/api.w.org\/{rel}","templated":true}]}}