{"id":88520,"date":"2026-05-04T20:05:17","date_gmt":"2026-05-04T18:05:17","guid":{"rendered":"https:\/\/www.wepaflyer.com\/?post_type=product&#038;p=88520"},"modified":"2026-05-04T20:11:00","modified_gmt":"2026-05-04T18:11:00","slug":"cim-runner-20-sun","status":"publish","type":"product","link":"https:\/\/www.wepaflyer.com\/de\/produkt\/cim-runner-20-sun\/","title":{"rendered":"CiM Runner 20 Sun"},"content":{"rendered":"<h3>CiM Runner 20 Sun WindWheel<\/h3>\n<h4>\u00d8 20 x 58 cm.\u00a0 | Blitzendes Windrad<\/h4>\n<p>Ein fast schon klassisches Windrad, eines der ersten aus Spinnakertuch.<\/p>\n<p>Das Runner 20 Sun von Colours in Motion dreht sich unerm\u00fcdlich im Wind.<br \/>\nEin fr\u00f6hliches und dekoratives Element in vielen G\u00e4rten, auf Campingpl\u00e4tzen und Balkonen.<br \/>\nEs besticht durch seine schlichte Eleganz.<\/p>\n<p>Hergestellt aus rei\u00dffestem Spinnakertuch. UV- und witterungsbest\u00e4ndig, mit einer robusten Fiberglasstange.<\/p>\n","protected":false},"excerpt":{"rendered":"<p>\u00d8 20 x 58 cm.\u00a0 | Blitzendes Windrad<\/p>\n","protected":false},"featured_media":88519,"comment_status":"closed","ping_status":"closed","template":"","meta":{"_acf_changed":false},"product_brand":[],"product_cat":[2187,1348,1384,1403,2188],"product_tag":[3634],"class_list":{"0":"post-88520","1":"product","2":"type-product","3":"status-publish","4":"has-post-thumbnail","6":"product_cat-colours-in-motion","7":"product_cat-marken","8":"product_cat-sale","9":"product_cat-windspiele","10":"product_cat-windspiele-garten","11":"product_tag-windspelen","13":"first","14":"instock","15":"sale","16":"taxable","17":"shipping-taxable","18":"purchasable","19":"product-type-simple"},"acf":[],"_links":{"self":[{"href":"https:\/\/www.wepaflyer.com\/de\/wp-json\/wp\/v2\/product\/88520","targetHints":{"allow":["GET"]}}],"collection":[{"href":"https:\/\/www.wepaflyer.com\/de\/wp-json\/wp\/v2\/product"}],"about":[{"href":"https:\/\/www.wepaflyer.com\/de\/wp-json\/wp\/v2\/types\/product"}],"replies":[{"embeddable":true,"href":"https:\/\/www.wepaflyer.com\/de\/wp-json\/wp\/v2\/comments?post=88520"}],"wp:featuredmedia":[{"embeddable":true,"href":"https:\/\/www.wepaflyer.com\/de\/wp-json\/wp\/v2\/media\/88519"}],"wp:attachment":[{"href":"https:\/\/www.wepaflyer.com\/de\/wp-json\/wp\/v2\/media?parent=88520"}],"wp:term":[{"taxonomy":"product_brand","embeddable":true,"href":"https:\/\/www.wepaflyer.com\/de\/wp-json\/wp\/v2\/product_brand?post=88520"},{"taxonomy":"product_cat","embeddable":true,"href":"https:\/\/www.wepaflyer.com\/de\/wp-json\/wp\/v2\/product_cat?post=88520"},{"taxonomy":"product_tag","embeddable":true,"href":"https:\/\/www.wepaflyer.com\/de\/wp-json\/wp\/v2\/product_tag?post=88520"}],"curies":[{"name":"wp","href":"https:\/\/api.w.org\/{rel}","templated":true}]}}