{"id":88495,"date":"2026-05-04T13:05:19","date_gmt":"2026-05-04T11:05:19","guid":{"rendered":"https:\/\/www.wepaflyer.com\/?post_type=product&#038;p=88495"},"modified":"2026-05-04T13:18:01","modified_gmt":"2026-05-04T11:18:01","slug":"win-hoffmanns-laterne-xs-rot-kopie","status":"publish","type":"product","link":"https:\/\/www.wepaflyer.com\/de\/produkt\/win-hoffmanns-laterne-xs-rot-kopie\/","title":{"rendered":"WIN Hoffmanns Laterne XS Cascade"},"content":{"rendered":"<h3>WINDSPIRATION Hoffmanns Laterne XS Cascade<\/h3>\n<h4>\u00f8 34 x 65 cm. | Laterne (Lampion) Windspiel in bunten Farben<\/h4>\n<p>Windspiration Windspiele sind Windspiele von besonderer Qualit\u00e4t und Optik. Form und Design sind so gestaltet, dass diese Windspiele auch bei leichtem Wind mit voller Geschwindigkeit laufen und so ein wundersch\u00f6nes Farbspiel entstehen. Das kugelgelagerte Drehgelenk-Aufh\u00e4ngungssystem garantiert minimalen Widerstand\/Verschlei\u00df und somit eine sehr lange Lebensdauer.<\/p>\n<p>Die Laterne (Lampion) erfordert keine weitere Montage. Flach verpackt wie eine Scheibe entfalten sich sieben Ringe wie eine Ziehharmonika, sobald man sie am Karabinerhaken einh\u00e4ngt. Schr\u00e4ge Spinnaker-Rechtecke zwischen den Ringen sorgen daf\u00fcr, dass sich die Laterne bereits bei der geringsten Brise zu drehen beginnt. Die Laterne bietet vielseitige Aufh\u00e4ngem\u00f6glichkeiten: Unter einer Veranda montiert, wirkt die Laterne mit ihrem schlichten Design elegant und majest\u00e4tisch. An einer langen Teleskopstange h\u00e4ngend, dreht sich die Laterne nicht nur um die eigene Achse, sondern steigt auch langsam in vertikaler Richtung auf und ab. Die Laterne l\u00e4sst sich auch nachtr\u00e4glich problemlos mit herk\u00f6mmlichen LED-Lampen (z.B. mit der Mulicolor LED Light, Art.Nr.416273, hier im Webshop erh\u00e4ltlich) beleuchten. Die tanzenden Laternen leuchten dann im Dunkeln und sorgen f\u00fcr eine mystische Atmosph\u00e4re.<\/p>\n<p>Aus rei\u00dffestem Spinnakertuch. UV- und witterungsbest\u00e4ndig.<\/p>\n","protected":false},"excerpt":{"rendered":"<p>\u00f8 34 x 65 cm. | Laterne (Lampion) Windspiel in bunten Farben<\/p>\n","protected":false},"featured_media":88498,"comment_status":"closed","ping_status":"closed","template":"","meta":{"_acf_changed":false},"product_brand":[],"product_cat":[2177,1348,3560,1403,2188],"product_tag":[3634],"class_list":{"0":"post-88495","1":"product","2":"type-product","3":"status-publish","4":"has-post-thumbnail","6":"product_cat-hq-kites","7":"product_cat-marken","8":"product_cat-neu","9":"product_cat-windspiele","10":"product_cat-windspiele-garten","11":"product_tag-windspelen","12":"pa_lengte-cm-65-de","14":"first","15":"instock","16":"sale","17":"taxable","18":"shipping-taxable","19":"purchasable","20":"product-type-simple"},"acf":[],"_links":{"self":[{"href":"https:\/\/www.wepaflyer.com\/de\/wp-json\/wp\/v2\/product\/88495","targetHints":{"allow":["GET"]}}],"collection":[{"href":"https:\/\/www.wepaflyer.com\/de\/wp-json\/wp\/v2\/product"}],"about":[{"href":"https:\/\/www.wepaflyer.com\/de\/wp-json\/wp\/v2\/types\/product"}],"replies":[{"embeddable":true,"href":"https:\/\/www.wepaflyer.com\/de\/wp-json\/wp\/v2\/comments?post=88495"}],"wp:featuredmedia":[{"embeddable":true,"href":"https:\/\/www.wepaflyer.com\/de\/wp-json\/wp\/v2\/media\/88498"}],"wp:attachment":[{"href":"https:\/\/www.wepaflyer.com\/de\/wp-json\/wp\/v2\/media?parent=88495"}],"wp:term":[{"taxonomy":"product_brand","embeddable":true,"href":"https:\/\/www.wepaflyer.com\/de\/wp-json\/wp\/v2\/product_brand?post=88495"},{"taxonomy":"product_cat","embeddable":true,"href":"https:\/\/www.wepaflyer.com\/de\/wp-json\/wp\/v2\/product_cat?post=88495"},{"taxonomy":"product_tag","embeddable":true,"href":"https:\/\/www.wepaflyer.com\/de\/wp-json\/wp\/v2\/product_tag?post=88495"}],"curies":[{"name":"wp","href":"https:\/\/api.w.org\/{rel}","templated":true}]}}