{"id":88076,"date":"2026-04-21T20:52:34","date_gmt":"2026-04-21T18:52:34","guid":{"rendered":"https:\/\/www.wepaflyer.com\/?post_type=product&#038;p=88076"},"modified":"2026-04-21T20:59:36","modified_gmt":"2026-04-21T18:59:36","slug":"soft-swirl-rainbow-6-meter-kopie","status":"publish","type":"product","link":"https:\/\/www.wepaflyer.com\/de\/produkt\/soft-swirl-rainbow-6-meter-kopie\/","title":{"rendered":"Soft Swirl Rainbow 3 Meter"},"content":{"rendered":"<h3>SOFT SWIRL RAINBOW 3 METER<\/h3>\n<h4>Regenbogenfarbiger Swirl Tail (Wirbelschweif) | 300 cm<\/h4>\n<p>Der in jeder Hinsicht au\u00dfergew\u00f6hnliche Soft Swirl Rainbow zeichnet mit seinen langsam rotierenden Schweifen bezaubernde Bilder in den Himmel. Als Leinendekoration ist der Soft Swirl eine perfekte Erg\u00e4nzung f\u00fcr gr\u00f6\u00dfere 1-Leiner-Drachen.<\/p>\n<p>Durchmesser: 43 cm L\u00e4nge: 3 m<\/p>\n<p>Hergestellt aus robustem Nylon-Polyester-Tuch.<\/p>\n<p>Lieferung erfolgt in der abgebildeten Ausf\u00fchrung.<\/p>\n","protected":false},"excerpt":{"rendered":"<p>Regenbogenfarbiger Swirl Tail (Wirbelschweif) | 300 cm<\/p>\n","protected":false},"featured_media":88080,"comment_status":"closed","ping_status":"closed","template":"","meta":{"_acf_changed":false},"product_brand":[],"product_cat":[2183,2182,2177,1348,1403],"product_tag":[],"class_list":{"0":"post-88076","1":"product","2":"type-product","3":"status-publish","4":"has-post-thumbnail","6":"product_cat-kite-zubehor","7":"product_cat-festival-drachen","8":"product_cat-hq-kites","9":"product_cat-marken","10":"product_cat-windspiele","12":"first","13":"instock","14":"sale","15":"taxable","16":"shipping-taxable","17":"purchasable","18":"product-type-simple"},"acf":[],"_links":{"self":[{"href":"https:\/\/www.wepaflyer.com\/de\/wp-json\/wp\/v2\/product\/88076","targetHints":{"allow":["GET"]}}],"collection":[{"href":"https:\/\/www.wepaflyer.com\/de\/wp-json\/wp\/v2\/product"}],"about":[{"href":"https:\/\/www.wepaflyer.com\/de\/wp-json\/wp\/v2\/types\/product"}],"replies":[{"embeddable":true,"href":"https:\/\/www.wepaflyer.com\/de\/wp-json\/wp\/v2\/comments?post=88076"}],"wp:featuredmedia":[{"embeddable":true,"href":"https:\/\/www.wepaflyer.com\/de\/wp-json\/wp\/v2\/media\/88080"}],"wp:attachment":[{"href":"https:\/\/www.wepaflyer.com\/de\/wp-json\/wp\/v2\/media?parent=88076"}],"wp:term":[{"taxonomy":"product_brand","embeddable":true,"href":"https:\/\/www.wepaflyer.com\/de\/wp-json\/wp\/v2\/product_brand?post=88076"},{"taxonomy":"product_cat","embeddable":true,"href":"https:\/\/www.wepaflyer.com\/de\/wp-json\/wp\/v2\/product_cat?post=88076"},{"taxonomy":"product_tag","embeddable":true,"href":"https:\/\/www.wepaflyer.com\/de\/wp-json\/wp\/v2\/product_tag?post=88076"}],"curies":[{"name":"wp","href":"https:\/\/api.w.org\/{rel}","templated":true}]}}