{"id":87598,"date":"2026-04-07T19:28:22","date_gmt":"2026-04-07T17:28:22","guid":{"rendered":"https:\/\/www.wepaflyer.com\/?post_type=product&#038;p=87598"},"modified":"2026-04-07T19:31:06","modified_gmt":"2026-04-07T17:31:06","slug":"cim-flying-chickadee-meise","status":"publish","type":"product","link":"https:\/\/www.wepaflyer.com\/de\/produkt\/cim-flying-chickadee-meise\/","title":{"rendered":"CiM FLYING Chickadee \/ Meise"},"content":{"rendered":"<h3>CiM FLYING CHICKADEDE \/ MEISE<\/h3>\n<h4>\u00d8 90 x 18 cm \/ 155 cm hoch | Besonderes Windspiel<\/h4>\n<p>Die fliegenden V\u00f6gel der Serie \u201eFliegende V\u00f6gel\u201c sind detailgetreu gestaltet und wirken dadurch sehr lebensecht. Ein wundersch\u00f6nes und farbenfrohes Windspiel f\u00fcr jeden Garten oder jede Veranda.<\/p>\n<p>Hergestellt aus besonders robustem SolarMax- oder SunTex-Polyestergewebe mit patentiertem Verbindungssystem. Garantiert UV- und witterungsbest\u00e4ndig, mit extra starken Fiberglasst\u00e4ben und Bodend\u00fcbel.<\/p>\n","protected":false},"excerpt":{"rendered":"<p>\u00d8 90 x 18 cm \/ 155 cm hoch | Besonderes Windspiel<\/p>\n","protected":false},"featured_media":87597,"comment_status":"closed","ping_status":"closed","template":"","meta":{"_acf_changed":false},"product_brand":[],"product_cat":[2187,1348,1384,1403,2188],"product_tag":[],"class_list":{"0":"post-87598","1":"product","2":"type-product","3":"status-publish","4":"has-post-thumbnail","6":"product_cat-colours-in-motion","7":"product_cat-marken","8":"product_cat-sale","9":"product_cat-windspiele","10":"product_cat-windspiele-garten","12":"first","13":"instock","14":"sale","15":"taxable","16":"shipping-taxable","17":"purchasable","18":"product-type-simple"},"acf":[],"_links":{"self":[{"href":"https:\/\/www.wepaflyer.com\/de\/wp-json\/wp\/v2\/product\/87598","targetHints":{"allow":["GET"]}}],"collection":[{"href":"https:\/\/www.wepaflyer.com\/de\/wp-json\/wp\/v2\/product"}],"about":[{"href":"https:\/\/www.wepaflyer.com\/de\/wp-json\/wp\/v2\/types\/product"}],"replies":[{"embeddable":true,"href":"https:\/\/www.wepaflyer.com\/de\/wp-json\/wp\/v2\/comments?post=87598"}],"wp:featuredmedia":[{"embeddable":true,"href":"https:\/\/www.wepaflyer.com\/de\/wp-json\/wp\/v2\/media\/87597"}],"wp:attachment":[{"href":"https:\/\/www.wepaflyer.com\/de\/wp-json\/wp\/v2\/media?parent=87598"}],"wp:term":[{"taxonomy":"product_brand","embeddable":true,"href":"https:\/\/www.wepaflyer.com\/de\/wp-json\/wp\/v2\/product_brand?post=87598"},{"taxonomy":"product_cat","embeddable":true,"href":"https:\/\/www.wepaflyer.com\/de\/wp-json\/wp\/v2\/product_cat?post=87598"},{"taxonomy":"product_tag","embeddable":true,"href":"https:\/\/www.wepaflyer.com\/de\/wp-json\/wp\/v2\/product_tag?post=87598"}],"curies":[{"name":"wp","href":"https:\/\/api.w.org\/{rel}","templated":true}]}}