{"id":87593,"date":"2026-04-07T19:15:43","date_gmt":"2026-04-07T17:15:43","guid":{"rendered":"https:\/\/www.wepaflyer.com\/?post_type=product&#038;p=87593"},"modified":"2026-04-07T19:18:33","modified_gmt":"2026-04-07T17:18:33","slug":"cim-flying-jr-pink-flamingo","status":"publish","type":"product","link":"https:\/\/www.wepaflyer.com\/de\/produkt\/cim-flying-jr-pink-flamingo\/","title":{"rendered":"CiM FLYING JR. Pink Flamingo"},"content":{"rendered":"<h3>CiM FLYING JR PINK FLAMINGO<\/h3>\n<h4>\u00d8 70 cm \/ 53 x 70 cm \/ 147 cm hoch | Besonderes Windspiel<\/h4>\n<p>Die fliegenden V\u00f6gel der Flying Bird Serie sind detailgetreu gestaltet und wirken dadurch sehr lebensecht. Ein wundersch\u00f6nes und farbenfrohes Windspiel f\u00fcr jeden Garten oder jede Veranda.<\/p>\n<p>Hergestellt aus besonders robustem SolarMax- oder SunTex-Polyestergewebe mit patentiertem Verbindungssystem. Garantiert UV- und witterungsbest\u00e4ndig, mit extra starken Fiberglasst\u00e4ben und Bodend\u00fcbel.<\/p>\n","protected":false},"excerpt":{"rendered":"<p>\u00d8 70 cm \/ 53 x 70 cm \/ 147 cm hoch | Besonderes Windspiel<\/p>\n","protected":false},"featured_media":87592,"comment_status":"closed","ping_status":"closed","template":"","meta":{"_acf_changed":false},"product_brand":[],"product_cat":[2187,1348,1384,1403,2188],"product_tag":[],"class_list":{"0":"post-87593","1":"product","2":"type-product","3":"status-publish","4":"has-post-thumbnail","6":"product_cat-colours-in-motion","7":"product_cat-marken","8":"product_cat-sale","9":"product_cat-windspiele","10":"product_cat-windspiele-garten","12":"first","13":"instock","14":"sale","15":"taxable","16":"shipping-taxable","17":"purchasable","18":"product-type-simple"},"acf":[],"_links":{"self":[{"href":"https:\/\/www.wepaflyer.com\/de\/wp-json\/wp\/v2\/product\/87593","targetHints":{"allow":["GET"]}}],"collection":[{"href":"https:\/\/www.wepaflyer.com\/de\/wp-json\/wp\/v2\/product"}],"about":[{"href":"https:\/\/www.wepaflyer.com\/de\/wp-json\/wp\/v2\/types\/product"}],"replies":[{"embeddable":true,"href":"https:\/\/www.wepaflyer.com\/de\/wp-json\/wp\/v2\/comments?post=87593"}],"wp:featuredmedia":[{"embeddable":true,"href":"https:\/\/www.wepaflyer.com\/de\/wp-json\/wp\/v2\/media\/87592"}],"wp:attachment":[{"href":"https:\/\/www.wepaflyer.com\/de\/wp-json\/wp\/v2\/media?parent=87593"}],"wp:term":[{"taxonomy":"product_brand","embeddable":true,"href":"https:\/\/www.wepaflyer.com\/de\/wp-json\/wp\/v2\/product_brand?post=87593"},{"taxonomy":"product_cat","embeddable":true,"href":"https:\/\/www.wepaflyer.com\/de\/wp-json\/wp\/v2\/product_cat?post=87593"},{"taxonomy":"product_tag","embeddable":true,"href":"https:\/\/www.wepaflyer.com\/de\/wp-json\/wp\/v2\/product_tag?post=87593"}],"curies":[{"name":"wp","href":"https:\/\/api.w.org\/{rel}","templated":true}]}}