{"id":87552,"date":"2026-04-06T20:21:28","date_gmt":"2026-04-06T18:21:28","guid":{"rendered":"https:\/\/www.wepaflyer.com\/?post_type=product&#038;p=87552"},"modified":"2026-04-06T20:25:46","modified_gmt":"2026-04-06T18:25:46","slug":"cim-windmuehle-77-rainbow","status":"publish","type":"product","link":"https:\/\/www.wepaflyer.com\/de\/produkt\/cim-windmuehle-77-rainbow\/","title":{"rendered":"CiM Windm\u00fchle 77 Rainbow"},"content":{"rendered":"<h3>CiM WINDM\u00dcHLE 77 RAINBOW \/ REGENBOGEN<\/h3>\n<h4>\u00d8 47 \u2013 44 \/ 40 x 26 cm. | Originelles Windspiel<\/h4>\n<p>Bunte Windm\u00fchle in Regenbogenfarben mit Wetterfahnenfunktion, gegenl\u00e4ufigen Fl\u00fcgeln und Regenbogenkiel. Unerm\u00fcdliche Wetterfahne.<\/p>\n<p>Detailreiche Verzierungen. Ein echter Hingucker in jedem Garten; strahlende Gesichter garantiert!<\/p>\n<p>Hergestellt aus robustem Polyester-Nylon-Tuch. UV- und witterungsbest\u00e4ndig, mit bruchsicheren Fiberglasst\u00e4ben, inkl. Erdspie\u00df. H\u00f6he: 110 cm.<\/p>\n","protected":false},"excerpt":{"rendered":"<p>\u00d8 47 \u2013 44 \/ 40 x 26 cm. | Originelles Windspiel<\/p>\n","protected":false},"featured_media":87549,"comment_status":"closed","ping_status":"closed","template":"","meta":{"_acf_changed":false},"product_brand":[],"product_cat":[2187,1348,1384,1403,2188],"product_tag":[],"class_list":{"0":"post-87552","1":"product","2":"type-product","3":"status-publish","4":"has-post-thumbnail","6":"product_cat-colours-in-motion","7":"product_cat-marken","8":"product_cat-sale","9":"product_cat-windspiele","10":"product_cat-windspiele-garten","12":"first","13":"instock","14":"sale","15":"taxable","16":"shipping-taxable","17":"purchasable","18":"product-type-simple"},"acf":[],"_links":{"self":[{"href":"https:\/\/www.wepaflyer.com\/de\/wp-json\/wp\/v2\/product\/87552","targetHints":{"allow":["GET"]}}],"collection":[{"href":"https:\/\/www.wepaflyer.com\/de\/wp-json\/wp\/v2\/product"}],"about":[{"href":"https:\/\/www.wepaflyer.com\/de\/wp-json\/wp\/v2\/types\/product"}],"replies":[{"embeddable":true,"href":"https:\/\/www.wepaflyer.com\/de\/wp-json\/wp\/v2\/comments?post=87552"}],"wp:featuredmedia":[{"embeddable":true,"href":"https:\/\/www.wepaflyer.com\/de\/wp-json\/wp\/v2\/media\/87549"}],"wp:attachment":[{"href":"https:\/\/www.wepaflyer.com\/de\/wp-json\/wp\/v2\/media?parent=87552"}],"wp:term":[{"taxonomy":"product_brand","embeddable":true,"href":"https:\/\/www.wepaflyer.com\/de\/wp-json\/wp\/v2\/product_brand?post=87552"},{"taxonomy":"product_cat","embeddable":true,"href":"https:\/\/www.wepaflyer.com\/de\/wp-json\/wp\/v2\/product_cat?post=87552"},{"taxonomy":"product_tag","embeddable":true,"href":"https:\/\/www.wepaflyer.com\/de\/wp-json\/wp\/v2\/product_tag?post=87552"}],"curies":[{"name":"wp","href":"https:\/\/api.w.org\/{rel}","templated":true}]}}