{"id":87543,"date":"2026-04-06T20:11:26","date_gmt":"2026-04-06T18:11:26","guid":{"rendered":"https:\/\/www.wepaflyer.com\/?post_type=product&#038;p=87543"},"modified":"2026-04-06T20:16:06","modified_gmt":"2026-04-06T18:16:06","slug":"cim-windmolen-66-lighthouse-leuchtturm","status":"publish","type":"product","link":"https:\/\/www.wepaflyer.com\/de\/produkt\/cim-windmolen-66-lighthouse-leuchtturm\/","title":{"rendered":"CiM Windmolen 66 Lighthouse\/Leuchtturm"},"content":{"rendered":"<h3>CiM WINDM\u00dcHLE 66 LIGHTHOUSE \/ LEUCHTTUTM<\/h3>\n<h4>\u00d8 48 \u2013 40 \/ 40 x 27 cm. | Originelles Windspiel<\/h4>\n<p>Farbenfrohe Windm\u00fchle mit Wetterfahnenfunktion, gegenl\u00e4ufigen Fl\u00fcgeln und einem Bild des ber\u00fchmten Leuchtturms <strong>Westerhever<\/strong> auf dem Kiel. Eine unerm\u00fcdliche Wetterfahne.<\/p>\n<p>Detailreiche Verzierungen. Ein echter Hingucker in jedem Garten; strahlende Gesichter garantiert!<\/p>\n<p>Hergestellt aus robustem Polyester-Nylon-Tuch. UV- und witterungsbest\u00e4ndig, mit bruchsicheren Fiberglasst\u00e4ben, inkl. Erdspie\u00df. H\u00f6he: 112 cm.<\/p>\n","protected":false},"excerpt":{"rendered":"<p>\u00d8 48 \u2013 40 \/ 40 x 27 cm. | Originelles Windspiel<\/p>\n","protected":false},"featured_media":87540,"comment_status":"closed","ping_status":"closed","template":"","meta":{"_acf_changed":false},"product_brand":[],"product_cat":[2187,1348,1384,1403,2188],"product_tag":[],"class_list":{"0":"post-87543","1":"product","2":"type-product","3":"status-publish","4":"has-post-thumbnail","6":"product_cat-colours-in-motion","7":"product_cat-marken","8":"product_cat-sale","9":"product_cat-windspiele","10":"product_cat-windspiele-garten","12":"first","13":"instock","14":"sale","15":"taxable","16":"shipping-taxable","17":"purchasable","18":"product-type-simple"},"acf":[],"_links":{"self":[{"href":"https:\/\/www.wepaflyer.com\/de\/wp-json\/wp\/v2\/product\/87543","targetHints":{"allow":["GET"]}}],"collection":[{"href":"https:\/\/www.wepaflyer.com\/de\/wp-json\/wp\/v2\/product"}],"about":[{"href":"https:\/\/www.wepaflyer.com\/de\/wp-json\/wp\/v2\/types\/product"}],"replies":[{"embeddable":true,"href":"https:\/\/www.wepaflyer.com\/de\/wp-json\/wp\/v2\/comments?post=87543"}],"wp:featuredmedia":[{"embeddable":true,"href":"https:\/\/www.wepaflyer.com\/de\/wp-json\/wp\/v2\/media\/87540"}],"wp:attachment":[{"href":"https:\/\/www.wepaflyer.com\/de\/wp-json\/wp\/v2\/media?parent=87543"}],"wp:term":[{"taxonomy":"product_brand","embeddable":true,"href":"https:\/\/www.wepaflyer.com\/de\/wp-json\/wp\/v2\/product_brand?post=87543"},{"taxonomy":"product_cat","embeddable":true,"href":"https:\/\/www.wepaflyer.com\/de\/wp-json\/wp\/v2\/product_cat?post=87543"},{"taxonomy":"product_tag","embeddable":true,"href":"https:\/\/www.wepaflyer.com\/de\/wp-json\/wp\/v2\/product_tag?post=87543"}],"curies":[{"name":"wp","href":"https:\/\/api.w.org\/{rel}","templated":true}]}}