{"id":87534,"date":"2026-04-06T19:48:53","date_gmt":"2026-04-06T17:48:53","guid":{"rendered":"https:\/\/www.wepaflyer.com\/?post_type=product&#038;p=87534"},"modified":"2026-04-06T19:54:21","modified_gmt":"2026-04-06T17:54:21","slug":"cim-petite-hatteras-lighthouse","status":"publish","type":"product","link":"https:\/\/www.wepaflyer.com\/de\/produkt\/cim-petite-hatteras-lighthouse\/","title":{"rendered":"CiM Petite Hatteras Lighthouse"},"content":{"rendered":"<h3>CiM PETITE HATTERAS LIGHTHOUSE (LEUCHTTURM)<\/h3>\n<h4>\u00d8 30 \/ 53 x 30 cm. | Originelles Windspiel<\/h4>\n<p>Besonders sch\u00f6ne Windm\u00fchle von Colours in Motion in Form eines klassischen Leuchtturms aus Hatteras mit farbenfrohen Akzenten. Detailreiche Applikationen. Ein echter Hingucker in jedem Garten \u2013 strahlende Gesichter garantiert!<\/p>\n<p>Hergestellt aus extra starkem SolarMax-Polyestergewebe. Garantiert UV- und witterungsbest\u00e4ndig, mit extra starken Fiberglasst\u00e4ben. H\u00f6he: 100 cm.<\/p>\n","protected":false},"excerpt":{"rendered":"<p>\u00d8 30 \/ 53 x 30 cm. | Originelles Windspiel<\/p>\n","protected":false},"featured_media":87533,"comment_status":"closed","ping_status":"closed","template":"","meta":{"_acf_changed":false},"product_brand":[],"product_cat":[2187,1348,1384,1403,2188],"product_tag":[],"class_list":{"0":"post-87534","1":"product","2":"type-product","3":"status-publish","4":"has-post-thumbnail","6":"product_cat-colours-in-motion","7":"product_cat-marken","8":"product_cat-sale","9":"product_cat-windspiele","10":"product_cat-windspiele-garten","12":"first","13":"instock","14":"sale","15":"taxable","16":"shipping-taxable","17":"purchasable","18":"product-type-simple"},"acf":[],"_links":{"self":[{"href":"https:\/\/www.wepaflyer.com\/de\/wp-json\/wp\/v2\/product\/87534","targetHints":{"allow":["GET"]}}],"collection":[{"href":"https:\/\/www.wepaflyer.com\/de\/wp-json\/wp\/v2\/product"}],"about":[{"href":"https:\/\/www.wepaflyer.com\/de\/wp-json\/wp\/v2\/types\/product"}],"replies":[{"embeddable":true,"href":"https:\/\/www.wepaflyer.com\/de\/wp-json\/wp\/v2\/comments?post=87534"}],"wp:featuredmedia":[{"embeddable":true,"href":"https:\/\/www.wepaflyer.com\/de\/wp-json\/wp\/v2\/media\/87533"}],"wp:attachment":[{"href":"https:\/\/www.wepaflyer.com\/de\/wp-json\/wp\/v2\/media?parent=87534"}],"wp:term":[{"taxonomy":"product_brand","embeddable":true,"href":"https:\/\/www.wepaflyer.com\/de\/wp-json\/wp\/v2\/product_brand?post=87534"},{"taxonomy":"product_cat","embeddable":true,"href":"https:\/\/www.wepaflyer.com\/de\/wp-json\/wp\/v2\/product_cat?post=87534"},{"taxonomy":"product_tag","embeddable":true,"href":"https:\/\/www.wepaflyer.com\/de\/wp-json\/wp\/v2\/product_tag?post=87534"}],"curies":[{"name":"wp","href":"https:\/\/api.w.org\/{rel}","templated":true}]}}