{"id":87384,"date":"2026-04-04T15:31:25","date_gmt":"2026-04-04T13:31:25","guid":{"rendered":"https:\/\/www.wepaflyer.com\/?post_type=product&#038;p=87384"},"modified":"2026-04-04T15:35:00","modified_gmt":"2026-04-04T13:35:00","slug":"cim-magic-butterfly-schmetterling","status":"publish","type":"product","link":"https:\/\/www.wepaflyer.com\/de\/produkt\/cim-magic-butterfly-schmetterling\/","title":{"rendered":"CiM Magic Butterfly \/ Schmetterling"},"content":{"rendered":"<h3>MAGIC BUTTERFLY \/ SCHMETTERLING<\/h3>\n<h4>\u00f8 38 \/ 46 x 18 x 103 cm. | Farbenfrohes Magic Windspiel<\/h4>\n<p>Neben den Magic Wheels und Magic Flowers sind die Magic Animals eine dritte Gruppe von Magic Wind-Spielen und vielleicht die gefragteste. Die sich drehenden Insekten und Tiere \u00fcben eine magische Anziehungskraft auf Kinder aus, die nicht genug davon bekommen k\u00f6nnen. Sie lassen sich im Handumdrehen aufbauen und auch die Magic Animals stehen zur Auswahl, also schauen Sie vorbei! Von den beliebtesten Magic Animals, gibt es auch kleinere Versionen perfekt f\u00fcr den Balkon, die Little Magics.<\/p>\n<p><strong>Der Magic Butterfly \/ Schmetterling dreht sich immer fr\u00f6hlich im Kreis!<\/strong><\/p>\n<p>Hergestellt aus rei\u00dffestem Spinnakertuch und PET-Material. Ausgestattet mit Applikationen und Druck. UV- und witterungsbest\u00e4ndig, mit Glasfaserst\u00e4ben und inkl. Bodend\u00fcbel.<\/p>\n","protected":false},"excerpt":{"rendered":"<p>\u00f8 38 \/ 46 x 18 x 103 cm. | Farbenfrohes Magic Windspiel<\/p>\n","protected":false},"featured_media":87380,"comment_status":"closed","ping_status":"closed","template":"","meta":{"_acf_changed":false},"product_brand":[],"product_cat":[2187,1348,1403,2188],"product_tag":[],"class_list":{"0":"post-87384","1":"product","2":"type-product","3":"status-publish","4":"has-post-thumbnail","6":"product_cat-colours-in-motion","7":"product_cat-marken","8":"product_cat-windspiele","9":"product_cat-windspiele-garten","11":"first","12":"instock","13":"sale","14":"taxable","15":"shipping-taxable","16":"purchasable","17":"product-type-simple"},"acf":[],"_links":{"self":[{"href":"https:\/\/www.wepaflyer.com\/de\/wp-json\/wp\/v2\/product\/87384","targetHints":{"allow":["GET"]}}],"collection":[{"href":"https:\/\/www.wepaflyer.com\/de\/wp-json\/wp\/v2\/product"}],"about":[{"href":"https:\/\/www.wepaflyer.com\/de\/wp-json\/wp\/v2\/types\/product"}],"replies":[{"embeddable":true,"href":"https:\/\/www.wepaflyer.com\/de\/wp-json\/wp\/v2\/comments?post=87384"}],"wp:featuredmedia":[{"embeddable":true,"href":"https:\/\/www.wepaflyer.com\/de\/wp-json\/wp\/v2\/media\/87380"}],"wp:attachment":[{"href":"https:\/\/www.wepaflyer.com\/de\/wp-json\/wp\/v2\/media?parent=87384"}],"wp:term":[{"taxonomy":"product_brand","embeddable":true,"href":"https:\/\/www.wepaflyer.com\/de\/wp-json\/wp\/v2\/product_brand?post=87384"},{"taxonomy":"product_cat","embeddable":true,"href":"https:\/\/www.wepaflyer.com\/de\/wp-json\/wp\/v2\/product_cat?post=87384"},{"taxonomy":"product_tag","embeddable":true,"href":"https:\/\/www.wepaflyer.com\/de\/wp-json\/wp\/v2\/product_tag?post=87384"}],"curies":[{"name":"wp","href":"https:\/\/api.w.org\/{rel}","templated":true}]}}