{"id":86770,"date":"2026-03-15T19:59:49","date_gmt":"2026-03-15T18:59:49","guid":{"rendered":"https:\/\/www.wepaflyer.com\/?post_type=product&#038;p=86770"},"modified":"2026-03-15T20:05:13","modified_gmt":"2026-03-15T19:05:13","slug":"hq-mini-eddy-puffy-the-dragon","status":"publish","type":"product","link":"https:\/\/www.wepaflyer.com\/de\/produkt\/hq-mini-eddy-puffy-the-dragon\/","title":{"rendered":"HQ Mini Eddy Puffy the Dragon"},"content":{"rendered":"<h3><span>HQ MINI EDDY PUFFY the DRAGON<\/span><\/h3>\n<h4><span>40 x 40 cm. | R2F | F\u00fcr die allerj\u00fcngsten Drachenfans | Lieferbar ab 1. April 2026<\/span><\/h4>\n<p>Die klassische Drachenform.<\/p>\n<p>Unsere Mini-Eddy-Drachen sind bereits flugfertig montiert und deshalb ruck-zuck in der Luft. Trotz ihrer kleinen Gr\u00f6\u00dfe sind sie zuverl\u00e4ssige Flieger.<\/p>\n<p><strong>Spezifikationen:<\/strong><\/p>\n<ul>\n<li>Breite: 40 cm<\/li>\n<li>H\u00f6he: 40 cm<\/li>\n<li>Segel: Ripstop-Polyester<\/li>\n<li>St\u00e4be: Fiberglas 1,2+2 mm inkl.<\/li>\n<li>Schnur: Polyester 15\u00a0kp, 15 m auf Griff inkl.<\/li>\n<li>Wind (Bft.): 3-6 (12-49 km\/h l 8-31 mph)<\/li>\n<li>Alter: 5+<\/li>\n<\/ul>\n","protected":false},"excerpt":{"rendered":"<p><span>40 x 40 cm. | R2F | F\u00fcr die allerj\u00fcngsten Drachenfans | Lieferbar ab 1. April 2026<\/span><\/p>\n","protected":false},"featured_media":86772,"comment_status":"closed","ping_status":"closed","template":"","meta":{"_acf_changed":false},"product_brand":[],"product_cat":[1396,2177,2184,1348,3560],"product_tag":[],"class_list":{"0":"post-86770","1":"product","2":"type-product","3":"status-publish","4":"has-post-thumbnail","6":"product_cat-drachen","7":"product_cat-hq-kites","8":"product_cat-kinderdrachen","9":"product_cat-marken","10":"product_cat-neu","12":"first","13":"onbackorder","14":"sale","15":"taxable","16":"shipping-taxable","17":"purchasable","18":"product-type-simple"},"acf":[],"_links":{"self":[{"href":"https:\/\/www.wepaflyer.com\/de\/wp-json\/wp\/v2\/product\/86770","targetHints":{"allow":["GET"]}}],"collection":[{"href":"https:\/\/www.wepaflyer.com\/de\/wp-json\/wp\/v2\/product"}],"about":[{"href":"https:\/\/www.wepaflyer.com\/de\/wp-json\/wp\/v2\/types\/product"}],"replies":[{"embeddable":true,"href":"https:\/\/www.wepaflyer.com\/de\/wp-json\/wp\/v2\/comments?post=86770"}],"wp:featuredmedia":[{"embeddable":true,"href":"https:\/\/www.wepaflyer.com\/de\/wp-json\/wp\/v2\/media\/86772"}],"wp:attachment":[{"href":"https:\/\/www.wepaflyer.com\/de\/wp-json\/wp\/v2\/media?parent=86770"}],"wp:term":[{"taxonomy":"product_brand","embeddable":true,"href":"https:\/\/www.wepaflyer.com\/de\/wp-json\/wp\/v2\/product_brand?post=86770"},{"taxonomy":"product_cat","embeddable":true,"href":"https:\/\/www.wepaflyer.com\/de\/wp-json\/wp\/v2\/product_cat?post=86770"},{"taxonomy":"product_tag","embeddable":true,"href":"https:\/\/www.wepaflyer.com\/de\/wp-json\/wp\/v2\/product_tag?post=86770"}],"curies":[{"name":"wp","href":"https:\/\/api.w.org\/{rel}","templated":true}]}}