{"id":86758,"date":"2026-03-15T19:33:44","date_gmt":"2026-03-15T18:33:44","guid":{"rendered":"https:\/\/www.wepaflyer.com\/?post_type=product&#038;p=86758"},"modified":"2026-04-22T12:07:07","modified_gmt":"2026-04-22T10:07:07","slug":"hq-eco-simple-flyer-120-jolly-roger-kopie","status":"publish","type":"product","link":"https:\/\/www.wepaflyer.com\/de\/produkt\/hq-eco-simple-flyer-120-jolly-roger-kopie\/","title":{"rendered":"HQ Eco Simple Flyer 120 Jolly Roger Neu"},"content":{"rendered":"<h3>HQ ECO SIMPLE FLYER 120 JOLLY ROGER NEU<\/h3>\n<h4>120 x 75 cm. | R2F | Mit breitem Schweif | Lieferbar ab 17. Mai 2026<\/h4>\n<p>Die 1-leinigen Simple Flyer-Drachen der HQ Eco Line-Serie sind speziell f\u00fcr Drachenflieger konzipiert und hergestellt Problemloses Drachenfliegen, sodass auch die j\u00fcngsten Drachenflieger schnell und einfach einen Drachen steigen lassen k\u00f6nnen!<\/p>\n<p>Diesen mittelgro\u00dfen Simple Flyer 120 Drachen k\u00f6nnen Sie auf und durch die Breite und L\u00e4nge fliegen lassen Schwanz (knapp 2 Meter lang!) fliegt extrem stabil, maximaler Flugspa\u00df zum minimalen Preis. Geeignet f\u00fcr alle Altersgruppen.<\/p>\n<p>Hergestellt aus Ripstop-Polyestergewebe mit einem 4-mm-Glasfaserrahmen.<\/p>\n<p>Der HQ Eco Simple Flyer 120 fliegt am besten bei Windst\u00e4rken von 2 bis 5 Bft.&lt;\/p &gt;<\/p>\n<p>Der Drachen wird flugbereit mit 25 Metern Drachenleine auf einer Rolle in 17-daN-St\u00e4rke in Farbe und Design wie abgebildet geliefert. Anweisungen sind im Paket enthalten. Verpackt in einfacher H\u00fclle.<\/p>\n","protected":false},"excerpt":{"rendered":"<p>120 x 75 cm. | R2F | Mit breitem Schweif | Lieferbar ab 17. Mai 2026<\/p>\n","protected":false},"featured_media":86762,"comment_status":"closed","ping_status":"closed","template":"","meta":{"_acf_changed":false},"product_brand":[],"product_cat":[1396,2177,2184,1348,3560],"product_tag":[],"class_list":{"0":"post-86758","1":"product","2":"type-product","3":"status-publish","4":"has-post-thumbnail","6":"product_cat-drachen","7":"product_cat-hq-kites","8":"product_cat-kinderdrachen","9":"product_cat-marken","10":"product_cat-neu","11":"pa_breedte-cm-19-de","12":"pa_lengte-cm-120-de","14":"first","15":"instock","16":"sale","17":"taxable","18":"shipping-taxable","19":"purchasable","20":"product-type-simple"},"acf":[],"_links":{"self":[{"href":"https:\/\/www.wepaflyer.com\/de\/wp-json\/wp\/v2\/product\/86758","targetHints":{"allow":["GET"]}}],"collection":[{"href":"https:\/\/www.wepaflyer.com\/de\/wp-json\/wp\/v2\/product"}],"about":[{"href":"https:\/\/www.wepaflyer.com\/de\/wp-json\/wp\/v2\/types\/product"}],"replies":[{"embeddable":true,"href":"https:\/\/www.wepaflyer.com\/de\/wp-json\/wp\/v2\/comments?post=86758"}],"wp:featuredmedia":[{"embeddable":true,"href":"https:\/\/www.wepaflyer.com\/de\/wp-json\/wp\/v2\/media\/86762"}],"wp:attachment":[{"href":"https:\/\/www.wepaflyer.com\/de\/wp-json\/wp\/v2\/media?parent=86758"}],"wp:term":[{"taxonomy":"product_brand","embeddable":true,"href":"https:\/\/www.wepaflyer.com\/de\/wp-json\/wp\/v2\/product_brand?post=86758"},{"taxonomy":"product_cat","embeddable":true,"href":"https:\/\/www.wepaflyer.com\/de\/wp-json\/wp\/v2\/product_cat?post=86758"},{"taxonomy":"product_tag","embeddable":true,"href":"https:\/\/www.wepaflyer.com\/de\/wp-json\/wp\/v2\/product_tag?post=86758"}],"curies":[{"name":"wp","href":"https:\/\/api.w.org\/{rel}","templated":true}]}}