{"id":86506,"date":"2026-03-12T09:23:22","date_gmt":"2026-03-12T08:23:22","guid":{"rendered":"https:\/\/www.wepaflyer.com\/?post_type=product&#038;p=86506"},"modified":"2026-03-12T09:45:53","modified_gmt":"2026-03-12T08:45:53","slug":"hq-symphony-pro-2-leiner-speed-powerkite-rainbow-neon-kopie","status":"publish","type":"product","link":"https:\/\/www.wepaflyer.com\/de\/produkt\/hq-symphony-pro-2-leiner-speed-powerkite-rainbow-neon-kopie\/","title":{"rendered":"HQ Symphony PRO 2-Lines Adventure Kite | Rainbow"},"content":{"rendered":"<h3>HQ Symphony PRO | Speed &amp; Power | R2F | Rainbow<\/h3>\n<h4>Leistungsstarke 2-Leiner-Lenkmatte f\u00fcr Speed- &amp; Power-Kiting | The Real Adventure | 4 Gr\u00f6\u00dfen<\/h4>\n<p><strong>Auf der Suche nach einem bedingungslosen Abenteuer?<\/strong><\/p>\n<p>Die neue Generation der Symphony Pro Kites! Drachenspa\u00df f\u00fcr Anf\u00e4nger und Fortgeschrittene, die Geschwindigkeit und Zugkraft suchen. Der aktualisierte Symphony Pro ist einer der beliebtesten Drachen von HQ.<\/p>\n<p>Das stablose Design des Symphony Pro f\u00fchlt sich solide an. Da es sich um einen Ram-Air-Drachen handelt, bleiben die Luftkammern immer mit Luft gef\u00fcllt und der Drachen beh\u00e4lt auch in scharfen Kurven immer seine Form. Die gr\u00f6\u00dferen Modelle der Symphony Pro-Serie k\u00f6nnen eine betr\u00e4chtliche Zugkraft entwickeln, also bereiten Sie sich auf diese Herausforderung vor!<\/p>\n<p>Die Symphony Pros werden in einer kompakten Tragetasche geliefert, sodass Sie sie problemlos bei Ihrem n\u00e4chsten Flugabenteuer mitnehmen k\u00f6nnen. Lenkschlaufen und Dyneema-Flugleinen auf einem Wickelgriff sind im Lieferumfang enthalten. Der Drachen ist R2F (Ready to Fly), also sofort startbereit.<\/p>\n<p>Hergestellt aus sehr robustem Ripstop-Nylontuch.<\/p>\n<h6><strong>Erh\u00e4ltlich in den folgenden Formaten:<\/strong><\/h6>\n<ul>\n<li><strong>Symphony PRO 1.3 Rainbow | <span><\/span><\/strong><strong>130 x 55 cm. | 0,7m\u00b2 | R2F | 2&#215;20 Meter DyneemaLines 45daN | Alter 8+ | Windst\u00e4rke 2-6 Bft.<\/strong><\/li>\n<li><strong>Symphony PRO 1.8 Rainbow | <span><\/span><\/strong><strong>180 x 60 cm. | 1,1m\u00b2 | R2F | 2&#215;25 Meter DyneemaLines 100daN | Alter 12+ | Windst\u00e4rke 2-6 Bft.<\/strong><\/li>\n<li><strong>Symphony PRO 2.2 Rainbow |<span> 220<\/span><\/strong><strong> x 73 cm. | 1,6m\u00b2 | R2F | 2&#215;25 Meter DyneemaLines 140daN | Alter 14+ | Windst\u00e4rke 2-6 Bft.<\/strong><\/li>\n<li><strong>Symphony PRO 2.5 Rainbow |<span> 250<\/span><\/strong><strong> x 73 cm. | 1,8m\u00b2 | R2F | 2&#215;25 Meter DyneemaLines 140daN | Alter 14+ | Windst\u00e4rke 2-6 Bft.<\/strong><\/li>\n<li><strong>Alle angegebenen Altersangaben sind Richtwerte<\/strong><\/li>\n<\/ul>\n<h6 style=\"text-align: justify;\"><strong>HINWEIS!: Die Symphony PRO 2.2 &amp; 2.5 sind \u201eQUAD-Prepared\u201c, d.h. du kannst sie im Handumdrehen in einen 4-Leiner-Powerkite umbauen!<\/strong><\/h6>\n<div style=\"text-align: justify;\">\n<div>\n<p><strong>QUAD-KITE VORBEREITET:<\/strong> Die Symphony PRO 2.2 &amp; 2.5-Drachen sind seit der V21-Version \u201eQuad Prepared\u201c, sodass Sie den regul\u00e4ren Symphony PRO 2-Leiner-Drachen im Handumdrehen in einen vollwertigen 4-Leiner-Drachen verwandeln k\u00f6nnen. Befestigen Sie das Quad Bridling <strong>(Art. Nr. 015704 = Pro 2.2 | Art. Nr. 015711 = Pro 2.5)<\/strong> am Kite, ersetzen Sie die 2-Leiner-Lenkschn\u00fcre durch die <strong>HQ QuadLines 160\/ 70 <\/strong> <strong>(Art.Nr. 015803)<\/strong> und befolgen Sie die klaren Anweisungen &gt;&gt; fertig! Sie haben Ihren 2-Leiner Symphony PRO jetzt in einen 4-Leiner <strong>Symphony PRO Quad<\/strong> verwandelt! W\u00e4hlen Sie abschlie\u00dfend Ihre bevorzugten QuadHandles f\u00fcr die perfekte Kontrolle, idealerweise die <strong>HQ QuadHandles XL Colored (Art.-Nr. 022665)<\/strong>.<\/p>\n<p><strong>Wenn Sie dieses Zubeh\u00f6r bestellen m\u00f6chten, geben Sie die Artikelnummer im Suchfenster ein. Gew\u00fcnschtes Ergebnis anklicken und legen Sie das entsprechende Zubeh\u00f6r in Ihren Warenkorb.<\/strong><\/p>\n<p><strong>Keep flying!<\/strong><\/p>\n<\/div>\n<\/div>\n","protected":false},"excerpt":{"rendered":"<p>Leistungsstarke 2-Leiner-Lenkmatte f\u00fcr Speed- &amp; Power-Kiting | The Real Adventure | 4 Gr\u00f6\u00dfen<\/p>\n","protected":false},"featured_media":86538,"comment_status":"closed","ping_status":"closed","template":"","meta":{"_acf_changed":false},"product_brand":[],"product_cat":[2164,1347,2177,1348,1372],"product_tag":[],"class_list":{"0":"post-86506","1":"product","2":"type-product","3":"status-publish","4":"has-post-thumbnail","6":"product_cat-2-leiner-lenkmatten","7":"product_cat-angebote","8":"product_cat-hq-kites","9":"product_cat-marken","10":"product_cat-powerkites","11":"pa_editie-1-3-edge-de-2","12":"pa_editie-1-3-neon-red-de-2","13":"pa_editie-1-3-rainbow-v21-de-2","14":"pa_editie-1-8-neon-green-de-2","15":"pa_editie-1-8-rainbow-de-2","16":"pa_editie-2-2-neon-yellow-v21-de-2","17":"pa_editie-2-2-rainbow-v21-de-2","18":"pa_editie-2-5-neon-blue-v21-de-2","19":"pa_editie-2-5-rainbow-v21-de-2","21":"first","22":"instock","23":"sale","24":"taxable","25":"shipping-taxable","26":"purchasable","27":"product-type-variable"},"acf":[],"_links":{"self":[{"href":"https:\/\/www.wepaflyer.com\/de\/wp-json\/wp\/v2\/product\/86506","targetHints":{"allow":["GET"]}}],"collection":[{"href":"https:\/\/www.wepaflyer.com\/de\/wp-json\/wp\/v2\/product"}],"about":[{"href":"https:\/\/www.wepaflyer.com\/de\/wp-json\/wp\/v2\/types\/product"}],"replies":[{"embeddable":true,"href":"https:\/\/www.wepaflyer.com\/de\/wp-json\/wp\/v2\/comments?post=86506"}],"wp:featuredmedia":[{"embeddable":true,"href":"https:\/\/www.wepaflyer.com\/de\/wp-json\/wp\/v2\/media\/86538"}],"wp:attachment":[{"href":"https:\/\/www.wepaflyer.com\/de\/wp-json\/wp\/v2\/media?parent=86506"}],"wp:term":[{"taxonomy":"product_brand","embeddable":true,"href":"https:\/\/www.wepaflyer.com\/de\/wp-json\/wp\/v2\/product_brand?post=86506"},{"taxonomy":"product_cat","embeddable":true,"href":"https:\/\/www.wepaflyer.com\/de\/wp-json\/wp\/v2\/product_cat?post=86506"},{"taxonomy":"product_tag","embeddable":true,"href":"https:\/\/www.wepaflyer.com\/de\/wp-json\/wp\/v2\/product_tag?post=86506"}],"curies":[{"name":"wp","href":"https:\/\/api.w.org\/{rel}","templated":true}]}}