{"id":86417,"date":"2026-03-11T12:49:44","date_gmt":"2026-03-11T11:49:44","guid":{"rendered":"https:\/\/www.wepaflyer.com\/?post_type=product&#038;p=86417"},"modified":"2026-03-11T13:02:46","modified_gmt":"2026-03-11T12:02:46","slug":"hq-symphony-beach-iii-2-lines-family-kite-rainbow-aqua-kopie-2","status":"publish","type":"product","link":"https:\/\/www.wepaflyer.com\/de\/produkt\/hq-symphony-beach-iii-2-lines-family-kite-rainbow-aqua-kopie-2\/","title":{"rendered":"HQ Symphony Beach III 2-Lines Family Kite | Aqua"},"content":{"rendered":"<h3>HQ Symphony Beach III | R2F | Aqua<\/h3>\n<h5>Fantastische 2-Leiner-Lenkmatte f\u00fcr Anf\u00e4nger &amp; Fortgeschrittene | Family Kite | 4 Gr\u00f6\u00dfen<\/h5>\n<div>\n<p>Fantastische Flugeigenschaften, einfache Handhabung und grenzenloser Flugspa\u00df zeichnen den neuen Symphony Beach III von HQ Kites aus.<br \/>\nDieser Drachen ist nach den W\u00fcnschen und Anforderungen unerfahrener Drachenpiloten konzipiert und bietet ein hervorragendes Preis-Leistungs-Verh\u00e4ltnis und ist mit sch\u00f6nem Zubeh\u00f6r ausgestattet.<br \/>\nDer Symphony Beach III ist wie abgebildet in den Farben <strong>Aqua<\/strong>\u00a0erh\u00e4ltlich.<\/p>\n<p>Alle Gr\u00f6\u00dfen der neuen Symphony Beach-Serie sind mit dem Ziel konzipiert, dem Anf\u00e4nger-Kiter so viel Spa\u00df wie m\u00f6glich zu bieten. Sie fliegen sehr stabil und bieten f\u00fcr ihre Gr\u00f6\u00dfe eine bemerkenswerte Geschwindigkeit und Zugkraft.<\/p>\n<p>Diese Drachen machen jedem Anf\u00e4nger wirklich Spa\u00df und halten ihn stundenlang in Bewegung! Der Drachen wird mit Lenkschn\u00fcren auf einem Wickelgriff und Lenkschlaufen geliefert und ist somit sofort flugbereit = Ready-to-Go!<\/p>\n<p>Verpackt in einer sch\u00f6nen, kompakten Drachentasche.<\/p>\n<h6><strong>Erh\u00e4ltlich in den folgenden Gr\u00f6\u00dfen:<\/strong><\/h6>\n<ul>\n<li><strong>Symphony Beach III 1.3 Aqua | <span><\/span><\/strong><strong>130 x 55 cm. | 0,7m\u00b2 | R2F | 2&#215;25 Meter PolyesterLines 45daN | Alter 8+ | Windst\u00e4rke 2-6 Bft.<\/strong><\/li>\n<li><strong>Symphony Beach III 1.8 Aqua | <span><\/span><\/strong><strong>180 x 60 cm. | 1,1m\u00b2 | R2F |\u00a0 2&#215;25 Meter DyneemaLines 70daN | Alter 12+ | Windst\u00e4rke 2-6 Bft.<\/strong><\/li>\n<li><strong>Symphony Beach III 2.2 Aqua | <span>22<\/span><\/strong><strong>0 x 73 cm. | 1,6m\u00b2 | R2F |\u00a0 2&#215;25 Meter DyneemaLines 100daN | Alter 14+ | Windst\u00e4rke 2-6 Bft.<\/strong><\/li>\n<li><strong>Symphony Beach III 2.5 Aqua |<span> 250<\/span><\/strong><strong> x 73 cm. | 1,8m\u00b2 | R2F |\u00a0 2&#215;25 Meter DyneemaLines 160daN | Alter 14+ | Windst\u00e4rke 2-6 Bft.<\/strong><\/li>\n<li><strong>Alle angegebenen Altersangaben sind Richtwerte<\/strong><\/li>\n<\/ul>\n<p><strong>Alle Symphony Beach III Kites enthalten:<\/strong><\/p>\n<ul>\n<li><strong>Angemessene Flugleinen<\/strong><\/li>\n<li><strong>Lenkschlaufen (Straps)<\/strong><\/li>\n<li><strong>Handbuch mit Anleitungen<\/strong><\/li>\n<li><strong>Tragetasche<\/strong><\/li>\n<\/ul>\n<\/div>\n","protected":false},"excerpt":{"rendered":"<p>Fantastische 2-Leiner-Lenkmatte f\u00fcr Anf\u00e4nger &amp; Fortgeschrittene | Family Kite | 4 Gr\u00f6\u00dfen<\/p>\n","protected":false},"featured_media":86647,"comment_status":"closed","ping_status":"closed","template":"","meta":{"_acf_changed":false},"product_brand":[],"product_cat":[2164,1347,2177,1348,1372],"product_tag":[],"class_list":{"0":"post-86417","1":"product","2":"type-product","3":"status-publish","4":"has-post-thumbnail","6":"product_cat-2-leiner-lenkmatten","7":"product_cat-angebote","8":"product_cat-hq-kites","9":"product_cat-marken","10":"product_cat-powerkites","11":"pa_editie-1-3-aqua-de-de","12":"pa_editie-1-3-rainbow-de-de","13":"pa_editie-1-8-aqua-de-de","14":"pa_editie-1-8-rainbow-de-de","15":"pa_editie-2-2-aqua-de-de","16":"pa_editie-2-2-rainbow-de-de","17":"pa_editie-2-5-aqua-de-de","18":"pa_editie-2-5-rainbow-de-de","20":"first","21":"instock","22":"sale","23":"taxable","24":"shipping-taxable","25":"purchasable","26":"product-type-variable"},"acf":[],"_links":{"self":[{"href":"https:\/\/www.wepaflyer.com\/de\/wp-json\/wp\/v2\/product\/86417","targetHints":{"allow":["GET"]}}],"collection":[{"href":"https:\/\/www.wepaflyer.com\/de\/wp-json\/wp\/v2\/product"}],"about":[{"href":"https:\/\/www.wepaflyer.com\/de\/wp-json\/wp\/v2\/types\/product"}],"replies":[{"embeddable":true,"href":"https:\/\/www.wepaflyer.com\/de\/wp-json\/wp\/v2\/comments?post=86417"}],"wp:featuredmedia":[{"embeddable":true,"href":"https:\/\/www.wepaflyer.com\/de\/wp-json\/wp\/v2\/media\/86647"}],"wp:attachment":[{"href":"https:\/\/www.wepaflyer.com\/de\/wp-json\/wp\/v2\/media?parent=86417"}],"wp:term":[{"taxonomy":"product_brand","embeddable":true,"href":"https:\/\/www.wepaflyer.com\/de\/wp-json\/wp\/v2\/product_brand?post=86417"},{"taxonomy":"product_cat","embeddable":true,"href":"https:\/\/www.wepaflyer.com\/de\/wp-json\/wp\/v2\/product_cat?post=86417"},{"taxonomy":"product_tag","embeddable":true,"href":"https:\/\/www.wepaflyer.com\/de\/wp-json\/wp\/v2\/product_tag?post=86417"}],"curies":[{"name":"wp","href":"https:\/\/api.w.org\/{rel}","templated":true}]}}