{"id":86264,"date":"2026-03-08T14:58:00","date_gmt":"2026-03-08T13:58:00","guid":{"rendered":"https:\/\/www.wepaflyer.com\/?post_type=product&#038;p=86264"},"modified":"2026-03-08T15:06:16","modified_gmt":"2026-03-08T14:06:16","slug":"hq-prodigy-8-2-racekite","status":"publish","type":"product","link":"https:\/\/www.wepaflyer.com\/de\/produkt\/hq-prodigy-8-2-racekite\/","title":{"rendered":"HQ Prodigy 8.2 RaceKite"},"content":{"rendered":"<h3>HQ Prodigy 8.2 | 4-Leiner RaceKite<\/h3>\n<h4>681 x 147cm. \/ 8,2 m\u00b2 | Kite Only | Buggy-Race-Kite<\/h4>\n<p><strong>Hochwertiger Powerkite f\u00fcr Buggy-Rennfahrer.<\/strong><\/p>\n<p>Kompromissloses Design f\u00fcr maximale Performance und Geschwindigkeit auf allen Streckenarten \u2013 ohne Kontrollverlust. Extrem schnell und wendig. Wettkampf- und renntauglich, enorme Power pro Quadratmeter. Die Geschwindigkeit im Buggy l\u00e4sst sich mit den Bremsleinen regulieren.<\/p>\n<p>Nur als Kite-Version mit Anleitung und Tasche erh\u00e4ltlich.<br \/>\nWind: variabel, abh\u00e4ngig vom K\u00f6nnen.<br \/>\nAlter: ab 14 Jahren.<\/p>\n<p>Der Prodigy bietet High-End-Power f\u00fcr Rennfahrer. Bei der Konstruktion wurden keine Kompromisse eingegangen, was zu H\u00f6chstgeschwindigkeiten und Performance im Wettkampf f\u00fchrt. Handling und Kontrolle auf h\u00f6chstem Niveau \u2013 der Prodigy ist f\u00fcr einen Kite mit so hoher Streckung bemerkenswert stabil.<\/p>\n<p>Hergestellt aus Ripstop-Polyester in der abgebildeten Farbkombination. Der Kite ist nur als Kite-Only Version erh\u00e4ltlich. Passende Leinen, Quad-Griffe und Zubeh\u00f6r finden Sie in unserem Zubeh\u00f6rbereich.<\/p>\n<p>Anleitung inklusive.<br \/>\nVerpackt in einem praktischen Rucksack.<\/p>\n<p><strong>Eigenschaften<\/strong><\/p>\n<ul>\n<li>Extrem schnell und wendig.<\/li>\n<li>Renn- und wettbewerbserprobt.<\/li>\n<li>Enorme Kraft und Zugkraft pro Quadratmeter.<\/li>\n<li>Beschleunigung \u00fcber die Bremsleinen.<\/li>\n<\/ul>\n<p><strong>Technische Daten<\/strong><\/p>\n<ul>\n<li>Flache Fl\u00e4che: 8,2 m\u00b2<\/li>\n<li>Flache Spannweite: 681 cm<\/li>\n<li>H\u00f6he: 147 cm<\/li>\n<li>Flacher AR (Achsenquerschnitt): 5,70<\/li>\n<li>Zellen: 33<\/li>\n<\/ul>\n","protected":false},"excerpt":{"rendered":"<p>681 x 147cm. \/ 8,2 m\u00b2 | Kite Only | Buggy-Race-Kite<\/p>\n","protected":false},"featured_media":86259,"comment_status":"closed","ping_status":"closed","template":"","meta":{"_acf_changed":false},"product_brand":[],"product_cat":[2162,2177,1348,1372,1384],"product_tag":[],"class_list":{"0":"post-86264","1":"product","2":"type-product","3":"status-publish","4":"has-post-thumbnail","6":"product_cat-4-leiner-lenkmatten","7":"product_cat-hq-kites","8":"product_cat-marken","9":"product_cat-powerkites","10":"product_cat-sale","12":"first","13":"instock","14":"sale","15":"taxable","16":"shipping-taxable","17":"purchasable","18":"product-type-simple"},"acf":[],"_links":{"self":[{"href":"https:\/\/www.wepaflyer.com\/de\/wp-json\/wp\/v2\/product\/86264","targetHints":{"allow":["GET"]}}],"collection":[{"href":"https:\/\/www.wepaflyer.com\/de\/wp-json\/wp\/v2\/product"}],"about":[{"href":"https:\/\/www.wepaflyer.com\/de\/wp-json\/wp\/v2\/types\/product"}],"replies":[{"embeddable":true,"href":"https:\/\/www.wepaflyer.com\/de\/wp-json\/wp\/v2\/comments?post=86264"}],"wp:featuredmedia":[{"embeddable":true,"href":"https:\/\/www.wepaflyer.com\/de\/wp-json\/wp\/v2\/media\/86259"}],"wp:attachment":[{"href":"https:\/\/www.wepaflyer.com\/de\/wp-json\/wp\/v2\/media?parent=86264"}],"wp:term":[{"taxonomy":"product_brand","embeddable":true,"href":"https:\/\/www.wepaflyer.com\/de\/wp-json\/wp\/v2\/product_brand?post=86264"},{"taxonomy":"product_cat","embeddable":true,"href":"https:\/\/www.wepaflyer.com\/de\/wp-json\/wp\/v2\/product_cat?post=86264"},{"taxonomy":"product_tag","embeddable":true,"href":"https:\/\/www.wepaflyer.com\/de\/wp-json\/wp\/v2\/product_tag?post=86264"}],"curies":[{"name":"wp","href":"https:\/\/api.w.org\/{rel}","templated":true}]}}