{"id":85981,"date":"2026-03-01T21:37:08","date_gmt":"2026-03-01T20:37:08","guid":{"rendered":"https:\/\/www.wepaflyer.com\/?post_type=product&#038;p=85981"},"modified":"2026-03-02T08:49:47","modified_gmt":"2026-03-02T07:49:47","slug":"cim-flowtail-f-tail-delta-kollektion","status":"publish","type":"product","link":"https:\/\/www.wepaflyer.com\/de\/produkt\/cim-flowtail-f-tail-delta-kollektion\/","title":{"rendered":"CiM Flowtail (F-Tail) Delta Kollektion"},"content":{"rendered":"<h3>CiM Flowtail (F-Tail)Delta Kollektion \u2013 Beam, Custom &amp; Dart<\/h3>\n<h4>Einleiner-Deltadrachen | 200 x 700 cm. | R2F | Familiendrachen<\/h4>\n<p>Die F-Tail Deltas aus der Custom-, Dart- &amp; Beam-Serie sind recht gro\u00dfe Einleiner-Deltadrachen mit einer Spannweite von 2 Metern und mit \u00fcber 7 Meter langen Schw\u00e4nzen! Diese Drachen sind ideal f\u00fcr Familien und ambitionierte Drachenflieger. Trotz ihrer Gr\u00f6\u00dfe bieten sie einen angenehmen Zug. Erh\u00e4ltlich in verschiedenen Farben, sodass f\u00fcr jeden Geschmack etwas dabei ist. Stabiles Flugverhalten bei Windst\u00e4rken von 1 bis 6 Beaufort, sodass Sie den Drachen (fast) jederzeit fliegen k\u00f6nnen.<\/p>\n<p>Dank der langen Flowtail-Schw\u00e4nzen aus Taffeta-Nylon fliegt dieser Drachen so gut, dass er am liebsten f\u00fcr immer in der Luft bleiben m\u00f6chte.<\/p>\n<p><strong><em>Der Custom White wird oft bei Drachenfesten f\u00fcr n\u00e4chtliches Drachensteigen verwendet und dann mit Scheinwerfern beleuchtet&#8230; gruselig!<\/em><\/strong><\/p>\n<p>Der Drachen wird flugfertig (R2F) mit 100 Metern Drachenschnur auf einem Griff geliefert. Der F-Tail Delta besteht aus robustem Spinnaker-Tuch mit langen Taffeta-Nylon-Schw\u00e4nzen und wird in verschiedenen Farbzusammenstellungen und Designs wie abgebildet geliefert. Er verf\u00fcgt \u00fcber Fiberglasst\u00e4be, also richtig Stabil. Pro St\u00fcck in einer stabilen Nylonh\u00fclle verpackt.<\/p>\n","protected":false},"excerpt":{"rendered":"<p>Einleiner-Deltadrachen | 200 x 700 cm. | R2F | Familiendrachen<\/p>\n","protected":false},"featured_media":85970,"comment_status":"closed","ping_status":"closed","template":"","meta":{"_acf_changed":false},"product_brand":[],"product_cat":[2187,1396,2182,2184,1348,1384],"product_tag":[],"class_list":{"0":"post-85981","1":"product","2":"type-product","3":"status-publish","4":"has-post-thumbnail","6":"product_cat-colours-in-motion","7":"product_cat-drachen","8":"product_cat-festival-drachen","9":"product_cat-kinderdrachen","10":"product_cat-marken","11":"product_cat-sale","13":"first","14":"instock","15":"sale","16":"taxable","17":"shipping-taxable","18":"purchasable","19":"product-type-variable"},"acf":[],"_links":{"self":[{"href":"https:\/\/www.wepaflyer.com\/de\/wp-json\/wp\/v2\/product\/85981","targetHints":{"allow":["GET"]}}],"collection":[{"href":"https:\/\/www.wepaflyer.com\/de\/wp-json\/wp\/v2\/product"}],"about":[{"href":"https:\/\/www.wepaflyer.com\/de\/wp-json\/wp\/v2\/types\/product"}],"replies":[{"embeddable":true,"href":"https:\/\/www.wepaflyer.com\/de\/wp-json\/wp\/v2\/comments?post=85981"}],"wp:featuredmedia":[{"embeddable":true,"href":"https:\/\/www.wepaflyer.com\/de\/wp-json\/wp\/v2\/media\/85970"}],"wp:attachment":[{"href":"https:\/\/www.wepaflyer.com\/de\/wp-json\/wp\/v2\/media?parent=85981"}],"wp:term":[{"taxonomy":"product_brand","embeddable":true,"href":"https:\/\/www.wepaflyer.com\/de\/wp-json\/wp\/v2\/product_brand?post=85981"},{"taxonomy":"product_cat","embeddable":true,"href":"https:\/\/www.wepaflyer.com\/de\/wp-json\/wp\/v2\/product_cat?post=85981"},{"taxonomy":"product_tag","embeddable":true,"href":"https:\/\/www.wepaflyer.com\/de\/wp-json\/wp\/v2\/product_tag?post=85981"}],"curies":[{"name":"wp","href":"https:\/\/api.w.org\/{rel}","templated":true}]}}