{"id":85863,"date":"2026-03-01T10:24:17","date_gmt":"2026-03-01T09:24:17","guid":{"rendered":"https:\/\/www.wepaflyer.com\/?post_type=product&#038;p=85863"},"modified":"2026-03-01T10:47:07","modified_gmt":"2026-03-01T09:47:07","slug":"cim-dream-eddy-kollektion","status":"publish","type":"product","link":"https:\/\/www.wepaflyer.com\/de\/produkt\/cim-dream-eddy-kollektion\/","title":{"rendered":"CiM Dream Eddy Kollektion"},"content":{"rendered":"<h3>CiM Dream Eddy Kollektion \u2013 Verschiedene Motive<\/h3>\n<h4>Einleinerdrachen | 72 x 65 cm. | R2F | Gl\u00e4nzerder Anblick<\/h4>\n<p>Die Dream Eddy Einleiner-Drachen werden im Digitaldruckverfahren bedruckt und haben alle eine wundersch\u00f6ne, gl\u00e4nzende Oberfl\u00e4che. Geeignet f\u00fcr alle Altersgruppen und fliegt garantiert.<\/p>\n<p>Der Dream Eddy Fairy ist in verschiedenen Ausf\u00fchrungen erh\u00e4ltlich, siehe die Abbildungen.<br \/>\nEin Dream Eddy wird auch oft als Dekorationsdrachen verwendet.<\/p>\n<p>Der Drachen wird flugfertig (R2F) mit 80 m Drachenschnur auf Griff und zwei 250 cm langen Schw\u00e4nzen geliefert.<br \/>\nHergestellt aus robustem Spinnakertuch und im Design wie abgebildet.<br \/>\nDieser Eddy hat Fiberglasst\u00e4be f\u00fcr zus\u00e4tzliche Stabilit\u00e4t.<br \/>\nEinzeln verpackt in einem praktischen Beutel.<\/p>\n","protected":false},"excerpt":{"rendered":"<p>Einleinerdrachen | 72 x 65 cm. | R2F | Gl\u00e4nzerder Anblick<\/p>\n","protected":false},"featured_media":85856,"comment_status":"closed","ping_status":"closed","template":"","meta":{"_acf_changed":false},"product_brand":[],"product_cat":[2187,1396,2184,1348,1384],"product_tag":[],"class_list":{"0":"post-85863","1":"product","2":"type-product","3":"status-publish","4":"has-post-thumbnail","6":"product_cat-colours-in-motion","7":"product_cat-drachen","8":"product_cat-kinderdrachen","9":"product_cat-marken","10":"product_cat-sale","12":"first","13":"instock","14":"sale","15":"taxable","16":"shipping-taxable","17":"purchasable","18":"product-type-variable"},"acf":[],"_links":{"self":[{"href":"https:\/\/www.wepaflyer.com\/de\/wp-json\/wp\/v2\/product\/85863","targetHints":{"allow":["GET"]}}],"collection":[{"href":"https:\/\/www.wepaflyer.com\/de\/wp-json\/wp\/v2\/product"}],"about":[{"href":"https:\/\/www.wepaflyer.com\/de\/wp-json\/wp\/v2\/types\/product"}],"replies":[{"embeddable":true,"href":"https:\/\/www.wepaflyer.com\/de\/wp-json\/wp\/v2\/comments?post=85863"}],"wp:featuredmedia":[{"embeddable":true,"href":"https:\/\/www.wepaflyer.com\/de\/wp-json\/wp\/v2\/media\/85856"}],"wp:attachment":[{"href":"https:\/\/www.wepaflyer.com\/de\/wp-json\/wp\/v2\/media?parent=85863"}],"wp:term":[{"taxonomy":"product_brand","embeddable":true,"href":"https:\/\/www.wepaflyer.com\/de\/wp-json\/wp\/v2\/product_brand?post=85863"},{"taxonomy":"product_cat","embeddable":true,"href":"https:\/\/www.wepaflyer.com\/de\/wp-json\/wp\/v2\/product_cat?post=85863"},{"taxonomy":"product_tag","embeddable":true,"href":"https:\/\/www.wepaflyer.com\/de\/wp-json\/wp\/v2\/product_tag?post=85863"}],"curies":[{"name":"wp","href":"https:\/\/api.w.org\/{rel}","templated":true}]}}