{"id":85684,"date":"2026-02-27T13:06:41","date_gmt":"2026-02-27T12:06:41","guid":{"rendered":"https:\/\/www.wepaflyer.com\/?post_type=product&#038;p=85684"},"modified":"2026-02-27T13:10:23","modified_gmt":"2026-02-27T12:10:23","slug":"cim-delta-xl-warm-orbit-2-5m","status":"publish","type":"product","link":"https:\/\/www.wepaflyer.com\/de\/produkt\/cim-delta-xl-warm-orbit-2-5m\/","title":{"rendered":"CiM Delta XL Warm Orbit 2.5M"},"content":{"rendered":"<h3>CIM DELTA XL WARM ORBIT (KITE ONLY)<\/h3>\n<h4>259 x 135 cm. Kite Only | Einleiner Deltadrachen<\/h4>\n<p>Dieser 9 Ft. breiter Einleiner-Deltadrachen ist in vielen Varianten erh\u00e4ltlich und ein absoluter Publikumsmagnet auf jedem Drachenfest.<\/p>\n<p>Trotz seiner Gr\u00f6\u00dfe l\u00e4sst er sich leicht starten und fliegt auch bei leichtem bis m\u00e4\u00dfigem Wind ruhig. Er ist f\u00fcr alle Altersgruppen geeignet, aufgrund seiner Gr\u00f6\u00dfe jedoch nicht f\u00fcr die J\u00fcngsten.<\/p>\n<p>Hergestellt aus extrem robustem Paratex-Nylon-Polyester-Tuch in der abgebildeten Design- und Farbkombination. Sein Fiberglasrohrrahmen macht ihn relativ leicht und dennoch sehr stabil.<\/p>\n<p>Der Drachen wird ohne Leine geliefert. Wir empfehlen eine Dacron-Leine mit einer Bruchfestigkeit von mindestens 80 bis 90 daN (kgf). Diese Leinen finden Sie unter Zubeh\u00f6r und Drachenartikel.<\/p>\n<p>Verpackt in einer stabilen Transporttasche.<\/p>\n","protected":false},"excerpt":{"rendered":"<p>259 x 135 cm. Kite Only | Einleiner Deltadrachen<\/p>\n","protected":false},"featured_media":85683,"comment_status":"closed","ping_status":"closed","template":"","meta":{"_acf_changed":false},"product_brand":[],"product_cat":[2187,1396,2182,1348,1384],"product_tag":[],"class_list":{"0":"post-85684","1":"product","2":"type-product","3":"status-publish","4":"has-post-thumbnail","6":"product_cat-colours-in-motion","7":"product_cat-drachen","8":"product_cat-festival-drachen","9":"product_cat-marken","10":"product_cat-sale","12":"first","13":"instock","14":"sale","15":"taxable","16":"shipping-taxable","17":"purchasable","18":"product-type-simple"},"acf":[],"_links":{"self":[{"href":"https:\/\/www.wepaflyer.com\/de\/wp-json\/wp\/v2\/product\/85684","targetHints":{"allow":["GET"]}}],"collection":[{"href":"https:\/\/www.wepaflyer.com\/de\/wp-json\/wp\/v2\/product"}],"about":[{"href":"https:\/\/www.wepaflyer.com\/de\/wp-json\/wp\/v2\/types\/product"}],"replies":[{"embeddable":true,"href":"https:\/\/www.wepaflyer.com\/de\/wp-json\/wp\/v2\/comments?post=85684"}],"wp:featuredmedia":[{"embeddable":true,"href":"https:\/\/www.wepaflyer.com\/de\/wp-json\/wp\/v2\/media\/85683"}],"wp:attachment":[{"href":"https:\/\/www.wepaflyer.com\/de\/wp-json\/wp\/v2\/media?parent=85684"}],"wp:term":[{"taxonomy":"product_brand","embeddable":true,"href":"https:\/\/www.wepaflyer.com\/de\/wp-json\/wp\/v2\/product_brand?post=85684"},{"taxonomy":"product_cat","embeddable":true,"href":"https:\/\/www.wepaflyer.com\/de\/wp-json\/wp\/v2\/product_cat?post=85684"},{"taxonomy":"product_tag","embeddable":true,"href":"https:\/\/www.wepaflyer.com\/de\/wp-json\/wp\/v2\/product_tag?post=85684"}],"curies":[{"name":"wp","href":"https:\/\/api.w.org\/{rel}","templated":true}]}}