{"id":85673,"date":"2026-02-27T10:51:50","date_gmt":"2026-02-27T09:51:50","guid":{"rendered":"https:\/\/www.wepaflyer.com\/?post_type=product&#038;p=85673"},"modified":"2026-02-27T10:56:34","modified_gmt":"2026-02-27T09:56:34","slug":"cim-f-stop-blizzard","status":"publish","type":"product","link":"https:\/\/www.wepaflyer.com\/de\/produkt\/cim-f-stop-blizzard\/","title":{"rendered":"CiM F-Stop BLIZZARD"},"content":{"rendered":"<h3>CIM F-STOP RAINBOW BLIZZARD<\/h3>\n<h4>\u00d8 200 cm. | Das fliegende Windspiel<\/h4>\n<p>F-Stops sind eine Kombination aus Drachen und Windspiel; eine genaue Kategorisierung ist schwierig. Entwickelt und perfektioniert von KochSocks, sind sie ideal f\u00fcr gro\u00dfe, offene Fl\u00e4chen wie Str\u00e4nde, Wiesen oder Sportpl\u00e4tze.<\/p>\n<p>Befestigen Sie den F-Stop mit der Ankerleine an einem Bodenanker oder einem \u00e4hnlichen Objekt, spannen Sie die Leine langsam, r\u00fctteln Sie leicht daran, und schon beginnt das Windspiel \u2026 Der F-Stop springt hoch in die Luft, immer in Windrichtung. Ein wundersch\u00f6nes Schauspiel, besonders bei st\u00e4rkerem Wind oder wenn mehrere F-Stops gleichzeitig gestartet werden.<\/p>\n<p>Die F-Stops sind sehr robust und nahezu unzerst\u00f6rbar. Geeignet f\u00fcr (fast) alle Altersgruppen, aber wie bei vielen Modellen ist bei st\u00e4rkerem Wind Vorsicht geboten.<\/p>\n<p>Die F-Stops werden mit einem 150 kg schweren Kugellagerwirbel und 10 Metern Ankerleine geliefert. Sie bestehen aus Polyestertuch in der abgebildeten Farbkombination.<\/p>\n<p>Einzeln verpackt in einer Tragetasche.<\/p>\n","protected":false},"excerpt":{"rendered":"<p>\u00d8 200 cm. | Das fliegende Windspiel<\/p>\n","protected":false},"featured_media":85671,"comment_status":"closed","ping_status":"closed","template":"","meta":{"_acf_changed":false},"product_brand":[],"product_cat":[2187,1396,2182,1348,1384,1403],"product_tag":[],"class_list":{"0":"post-85673","1":"product","2":"type-product","3":"status-publish","4":"has-post-thumbnail","6":"product_cat-colours-in-motion","7":"product_cat-drachen","8":"product_cat-festival-drachen","9":"product_cat-marken","10":"product_cat-sale","11":"product_cat-windspiele","13":"first","14":"instock","15":"sale","16":"taxable","17":"shipping-taxable","18":"purchasable","19":"product-type-simple"},"acf":[],"_links":{"self":[{"href":"https:\/\/www.wepaflyer.com\/de\/wp-json\/wp\/v2\/product\/85673","targetHints":{"allow":["GET"]}}],"collection":[{"href":"https:\/\/www.wepaflyer.com\/de\/wp-json\/wp\/v2\/product"}],"about":[{"href":"https:\/\/www.wepaflyer.com\/de\/wp-json\/wp\/v2\/types\/product"}],"replies":[{"embeddable":true,"href":"https:\/\/www.wepaflyer.com\/de\/wp-json\/wp\/v2\/comments?post=85673"}],"wp:featuredmedia":[{"embeddable":true,"href":"https:\/\/www.wepaflyer.com\/de\/wp-json\/wp\/v2\/media\/85671"}],"wp:attachment":[{"href":"https:\/\/www.wepaflyer.com\/de\/wp-json\/wp\/v2\/media?parent=85673"}],"wp:term":[{"taxonomy":"product_brand","embeddable":true,"href":"https:\/\/www.wepaflyer.com\/de\/wp-json\/wp\/v2\/product_brand?post=85673"},{"taxonomy":"product_cat","embeddable":true,"href":"https:\/\/www.wepaflyer.com\/de\/wp-json\/wp\/v2\/product_cat?post=85673"},{"taxonomy":"product_tag","embeddable":true,"href":"https:\/\/www.wepaflyer.com\/de\/wp-json\/wp\/v2\/product_tag?post=85673"}],"curies":[{"name":"wp","href":"https:\/\/api.w.org\/{rel}","templated":true}]}}