{"id":85658,"date":"2026-02-26T19:37:44","date_gmt":"2026-02-26T18:37:44","guid":{"rendered":"https:\/\/www.wepaflyer.com\/?post_type=product&#038;p=85658"},"modified":"2026-03-14T12:24:18","modified_gmt":"2026-03-14T11:24:18","slug":"hq-manta-kite-leichtwind-kopie","status":"publish","type":"product","link":"https:\/\/www.wepaflyer.com\/de\/produkt\/hq-manta-kite-leichtwind-kopie\/","title":{"rendered":"HQ Manta Kite Tribal Flame LeichtWind"},"content":{"rendered":"<h3>HQ MANTA TRIBAL FLAME KITE LIGHTWIND<\/h3>\n<h4>320 x 130 cm. + 11 Meter Schwanz | Kite Only<\/h4>\n<p>Der Manta Kite ist ein vollfl\u00e4chig bedruckter Leichtwinddrachen nach einer Idee von Ralf Dietrich. Das Tribal-Design von Rainer Kuhlmann verleiht diesem beeindruckenden Leichtwinddrachen einen coolen und modernen Look, der durch einen langen Drachenschwanz noch verst\u00e4rkt wird. Durch die 5-mm-Carbonst\u00e4be eignet sich dieser Drachen sehr gut f\u00fcr schwache oder m\u00e4\u00dfige Winde bis maximal 4 Bft.<\/p>\n<p><b>Spezifikationen:<\/b><\/p>\n<ul>\n<li>Fl\u00fcgelspannweite: 320 cm<\/li>\n<li>Standh\u00f6he: 130 cm + 1100 cm Schwanz<\/li>\n<li>Tuch: Ripstop-Polyester<\/li>\n<li>St\u00e4be: Carbon 5 mm<\/li>\n<li>Empfohlene Schnur: Dacron BlackLines oder HI-Dacron in ca. 35 daN<\/li>\n<li>Windbereich: 1-4 Bft. (3-25 km\/h \/ 2-16 mph)<\/li>\n<li>Alter: ab 14 Jahren<\/li>\n<\/ul>\n","protected":false},"excerpt":{"rendered":"<p>320 x 130 cm. + 11 Meter Schwanz | Kite Only<\/p>\n","protected":false},"featured_media":85661,"comment_status":"closed","ping_status":"closed","template":"","meta":{"_acf_changed":false},"product_brand":[],"product_cat":[1396,2182,2177,1348,3560],"product_tag":[],"class_list":{"0":"post-85658","1":"product","2":"type-product","3":"status-publish","4":"has-post-thumbnail","6":"product_cat-drachen","7":"product_cat-festival-drachen","8":"product_cat-hq-kites","9":"product_cat-marken","10":"product_cat-neu","11":"pa_breedte-cm-130-de","12":"pa_lengte-cm-320-de","14":"first","15":"instock","16":"sale","17":"taxable","18":"shipping-taxable","19":"purchasable","20":"product-type-simple"},"acf":[],"_links":{"self":[{"href":"https:\/\/www.wepaflyer.com\/de\/wp-json\/wp\/v2\/product\/85658","targetHints":{"allow":["GET"]}}],"collection":[{"href":"https:\/\/www.wepaflyer.com\/de\/wp-json\/wp\/v2\/product"}],"about":[{"href":"https:\/\/www.wepaflyer.com\/de\/wp-json\/wp\/v2\/types\/product"}],"replies":[{"embeddable":true,"href":"https:\/\/www.wepaflyer.com\/de\/wp-json\/wp\/v2\/comments?post=85658"}],"wp:featuredmedia":[{"embeddable":true,"href":"https:\/\/www.wepaflyer.com\/de\/wp-json\/wp\/v2\/media\/85661"}],"wp:attachment":[{"href":"https:\/\/www.wepaflyer.com\/de\/wp-json\/wp\/v2\/media?parent=85658"}],"wp:term":[{"taxonomy":"product_brand","embeddable":true,"href":"https:\/\/www.wepaflyer.com\/de\/wp-json\/wp\/v2\/product_brand?post=85658"},{"taxonomy":"product_cat","embeddable":true,"href":"https:\/\/www.wepaflyer.com\/de\/wp-json\/wp\/v2\/product_cat?post=85658"},{"taxonomy":"product_tag","embeddable":true,"href":"https:\/\/www.wepaflyer.com\/de\/wp-json\/wp\/v2\/product_tag?post=85658"}],"curies":[{"name":"wp","href":"https:\/\/api.w.org\/{rel}","templated":true}]}}