{"id":85646,"date":"2026-02-26T17:51:18","date_gmt":"2026-02-26T16:51:18","guid":{"rendered":"https:\/\/www.wepaflyer.com\/?post_type=product&#038;p=85646"},"modified":"2026-03-10T14:55:24","modified_gmt":"2026-03-10T13:55:24","slug":"hq-hoffmanns-canard-delta-l-lime-kopie","status":"publish","type":"product","link":"https:\/\/www.wepaflyer.com\/de\/produkt\/hq-hoffmanns-canard-delta-l-lime-kopie\/","title":{"rendered":"HQ Hoffmanns Canard Delta L Aqua"},"content":{"rendered":"<h3>HOFFMANS CANARD DELTA L AQUA<\/h3>\n<h4>165 x 295 cm. | Kite Only | Besonderer Design Einleinerdrachen | Lieferbar ab 21. Mai 2026<\/h4>\n<p>Mit einem imposanten 9-Meter-Schwanz erzeugt Hoffmanns Canard Delta L am Himmel ein imposantes Erscheinungsbild. Das erstmalig in einem Delta verwendete Canard-Segel verleiht Hoffmanns Canard Delta S ein ruhiges und ausgewogenes Flugverhalten. Dieser bemerkenswerte Einleinerdrachen verf\u00fcgt \u00fcber eine modifizierte Befestigung der Flugschnur am Kiel und l\u00e4sst sich damit rasch an wechselnde Windverh\u00e4ltnisse anpassen.<\/p>\n<ul>\n<li>Breite: 295 cm<\/li>\n<li>H\u00f6he: 165 cm<\/li>\n<li>Segel: Ripstop-Nylon<\/li>\n<li>St\u00e4be: Kohlefaser 6 mm<\/li>\n<li>Empfohlene Schnur: Dacron BlackLine oder HI-Dacron ca. 45-70 daN<\/li>\n<li>Wind (Bft.): 1,5-4 Bft. (6-28 km\/h | 4-18 mph)<\/li>\n<li>Alter: ab 14 Jahre<\/li>\n<\/ul>\n","protected":false},"excerpt":{"rendered":"<p>165 x 295 cm. | Kite Only | Besonderer Design Einleinerdrachen | Lieferbar ab 21. Mai 2026<\/p>\n","protected":false},"featured_media":85649,"comment_status":"closed","ping_status":"closed","template":"","meta":{"_acf_changed":false},"product_brand":[],"product_cat":[1396,2182,2177,1348,3560],"product_tag":[],"class_list":{"0":"post-85646","1":"product","2":"type-product","3":"status-publish","4":"has-post-thumbnail","6":"product_cat-drachen","7":"product_cat-festival-drachen","8":"product_cat-hq-kites","9":"product_cat-marken","10":"product_cat-neu","12":"first","13":"instock","14":"sale","15":"taxable","16":"shipping-taxable","17":"purchasable","18":"product-type-simple"},"acf":[],"_links":{"self":[{"href":"https:\/\/www.wepaflyer.com\/de\/wp-json\/wp\/v2\/product\/85646","targetHints":{"allow":["GET"]}}],"collection":[{"href":"https:\/\/www.wepaflyer.com\/de\/wp-json\/wp\/v2\/product"}],"about":[{"href":"https:\/\/www.wepaflyer.com\/de\/wp-json\/wp\/v2\/types\/product"}],"replies":[{"embeddable":true,"href":"https:\/\/www.wepaflyer.com\/de\/wp-json\/wp\/v2\/comments?post=85646"}],"wp:featuredmedia":[{"embeddable":true,"href":"https:\/\/www.wepaflyer.com\/de\/wp-json\/wp\/v2\/media\/85649"}],"wp:attachment":[{"href":"https:\/\/www.wepaflyer.com\/de\/wp-json\/wp\/v2\/media?parent=85646"}],"wp:term":[{"taxonomy":"product_brand","embeddable":true,"href":"https:\/\/www.wepaflyer.com\/de\/wp-json\/wp\/v2\/product_brand?post=85646"},{"taxonomy":"product_cat","embeddable":true,"href":"https:\/\/www.wepaflyer.com\/de\/wp-json\/wp\/v2\/product_cat?post=85646"},{"taxonomy":"product_tag","embeddable":true,"href":"https:\/\/www.wepaflyer.com\/de\/wp-json\/wp\/v2\/product_tag?post=85646"}],"curies":[{"name":"wp","href":"https:\/\/api.w.org\/{rel}","templated":true}]}}