{"id":85475,"date":"2026-02-21T12:56:37","date_gmt":"2026-02-21T11:56:37","guid":{"rendered":"https:\/\/www.wepaflyer.com\/?post_type=product&#038;p=85475"},"modified":"2026-02-25T10:34:48","modified_gmt":"2026-02-25T09:34:48","slug":"alu-o-ringe","status":"publish","type":"product","link":"https:\/\/www.wepaflyer.com\/de\/produkt\/alu-o-ringe\/","title":{"rendered":"ALU-O-Ringe"},"content":{"rendered":"<h3>ALU O-RINGE | Aluminium Qualit\u00e4t | 6 verschiedene Gr\u00f6\u00dfen<\/h3>\n<h4><span>ALU O-Ring | Von \u00d8 11x6mm bis \u00d8 31x23mm | Au\u00dfen x Innendurchmesser<\/span><\/h4>\n<p>Glatte und abgerundete Aluminium O-Ringe aus einem St\u00fcck ohne scharfe R\u00e4nder oder Kanten. Verarbeitung und Material von ausgezeichneter HWTQ-Qualit\u00e4t.<\/p>\n<p>Erh\u00e4ltlich in 6 verschiedenen Durchmessern; bei der Durchmesserangabe steht zuerst der Au\u00dfendurchmesser und dann der Innendurchmesser angegeben.<\/p>\n<ul>\n<li><strong>ALU-O-Ring 11x6mm<\/strong><\/li>\n<li><strong>ALU-O-Ring 14x10mm<\/strong><\/li>\n<li><strong>ALU-O-Ring 17x11mm<\/strong><\/li>\n<li><strong>ALU-O-Ring 19x13mm<\/strong><\/li>\n<li><strong>ALU-O-Ring 25x18mm<\/strong><\/li>\n<li><strong>ALU-O-Ring 31x23mm<\/strong><\/li>\n<\/ul>\n<p>Schaue doch auch mal bei den \u00fcbrigen Aluminium- und Metallkleinteile rein, dort findest du bestimmt noch etwas dass du gebrauchen k\u00f6nntest.<\/p>\n","protected":false},"excerpt":{"rendered":"<p><span>ALU O-Ring | Von \u00d8 11x6mm bis \u00d8 31x23mm | Au\u00dfen x Innendurchmesser<\/span><\/p>\n","protected":false},"featured_media":85472,"comment_status":"closed","ping_status":"closed","template":"","meta":{"_acf_changed":false},"product_brand":[],"product_cat":[1385,2174,1348,2165],"product_tag":[],"class_list":{"0":"post-85475","1":"product","2":"type-product","3":"status-publish","4":"has-post-thumbnail","6":"product_cat-drachen-zubehor","7":"product_cat-drachenteile-metall","8":"product_cat-marken","9":"product_cat-wepa","11":"first","12":"instock","13":"sale","14":"taxable","15":"shipping-taxable","16":"purchasable","17":"product-type-variable"},"acf":[],"_links":{"self":[{"href":"https:\/\/www.wepaflyer.com\/de\/wp-json\/wp\/v2\/product\/85475","targetHints":{"allow":["GET"]}}],"collection":[{"href":"https:\/\/www.wepaflyer.com\/de\/wp-json\/wp\/v2\/product"}],"about":[{"href":"https:\/\/www.wepaflyer.com\/de\/wp-json\/wp\/v2\/types\/product"}],"replies":[{"embeddable":true,"href":"https:\/\/www.wepaflyer.com\/de\/wp-json\/wp\/v2\/comments?post=85475"}],"wp:featuredmedia":[{"embeddable":true,"href":"https:\/\/www.wepaflyer.com\/de\/wp-json\/wp\/v2\/media\/85472"}],"wp:attachment":[{"href":"https:\/\/www.wepaflyer.com\/de\/wp-json\/wp\/v2\/media?parent=85475"}],"wp:term":[{"taxonomy":"product_brand","embeddable":true,"href":"https:\/\/www.wepaflyer.com\/de\/wp-json\/wp\/v2\/product_brand?post=85475"},{"taxonomy":"product_cat","embeddable":true,"href":"https:\/\/www.wepaflyer.com\/de\/wp-json\/wp\/v2\/product_cat?post=85475"},{"taxonomy":"product_tag","embeddable":true,"href":"https:\/\/www.wepaflyer.com\/de\/wp-json\/wp\/v2\/product_tag?post=85475"}],"curies":[{"name":"wp","href":"https:\/\/api.w.org\/{rel}","templated":true}]}}