{"id":85262,"date":"2026-02-15T12:37:20","date_gmt":"2026-02-15T11:37:20","guid":{"rendered":"https:\/\/www.wepaflyer.com\/?post_type=product&#038;p=85262"},"modified":"2026-05-04T15:52:05","modified_gmt":"2026-05-04T13:52:05","slug":"hq-fellow-trickcompetition-kopie","status":"publish","type":"product","link":"https:\/\/www.wepaflyer.com\/de\/produkt\/hq-fellow-trickcompetition-kopie\/","title":{"rendered":"HQ Fellow Ocean Strike | Trick&#038;Competition"},"content":{"rendered":"<h3>HQ Fellow | Trick &amp; Competition<\/h3>\n<h4>250 x 112 cm. | Kite Only | Trickreicher Freund | Wettkampftauglich<\/h4>\n<p><b>Wundersch\u00f6ner Trick &amp; Wettkampfdrachen | Kite Only | F\u00fcr erfahrene Anf\u00e4nger &amp; Fortgeschrittene<\/b><\/p>\n<p>Das Fliegen von Lenkdrachen ist ein sehr facettenreicher\u00a0Sport. Teamfliegen, als eine anspruchsvolle\u00a0Disziplin des Lenkdrachensports, liegt wieder voll im Trend.<\/p>\n<p>Wer bereits den sicheren Umgang mit Lenkdrachen beherrscht und sich mit Gleichgesinnten\u00a0dem Pair- oder Teamflug zuwenden m\u00f6chte, der findet\u00a0im Fellow den perfekten Begleiter.<\/p>\n<p>Mit dem Fellow\u00a0bietet HQ einen ruhigen und extrem pr\u00e4zisen Drachen,\u00a0der wie auf Schienen fliegt, ein hohes Ma\u00df an Speed\u00a0Control bietet, sauber durch die Ecken fliegt und ganze\u00a0Choreographien sehr nachvollziehbar an den Himmel\u00a0zeichnet.<\/p>\n<p>Wer einen Drachen f\u00fcr akkurates Fliegen\u00a0sucht oder einfach nur entspannen m\u00f6chte, der kommt\u00a0mit dem Fellow voll auf seine Kosten. Und den einen\u00a0oder anderen Trick kann man dabei auch noch\u00a0einbauen, wenn man es m\u00f6chte.<\/p>\n<p><b>Spezifikationen:<\/b><\/p>\n<ul>\n<li>Fl\u00fcgelspannweite: 250 cm<\/li>\n<li>Standh\u00f6he: 112 cm<\/li>\n<li>Tuch: Icarex<\/li>\n<li>St\u00e4be: 6 mm Carbon<\/li>\n<li>Schn\u00fcre: DyneemaLines 50\u2013100 daN empfohlen<\/li>\n<li>Wind: 2\u20135 Bft. (8-30 km\/h, 4-19 mph)<\/li>\n<li>Alter: 14+<\/li>\n<\/ul>\n","protected":false},"excerpt":{"rendered":"<p>250 x 112 cm. | Kite Only | Trickreicher Freund | Wettkampftauglich<\/p>\n","protected":false},"featured_media":85269,"comment_status":"closed","ping_status":"closed","template":"","meta":{"_acf_changed":false},"product_brand":[],"product_cat":[1396,2177,2169,1348,3560],"product_tag":[3640],"class_list":{"0":"post-85262","1":"product","2":"type-product","3":"status-publish","4":"has-post-thumbnail","6":"product_cat-drachen","7":"product_cat-hq-kites","8":"product_cat-lenkdrachen","9":"product_cat-marken","10":"product_cat-neu","11":"product_tag-stuntvliegers","12":"pa_breedte-cm-112-de","13":"pa_lengte-cm-250-de","15":"first","16":"instock","17":"sale","18":"taxable","19":"shipping-taxable","20":"purchasable","21":"product-type-simple"},"acf":[],"_links":{"self":[{"href":"https:\/\/www.wepaflyer.com\/de\/wp-json\/wp\/v2\/product\/85262","targetHints":{"allow":["GET"]}}],"collection":[{"href":"https:\/\/www.wepaflyer.com\/de\/wp-json\/wp\/v2\/product"}],"about":[{"href":"https:\/\/www.wepaflyer.com\/de\/wp-json\/wp\/v2\/types\/product"}],"replies":[{"embeddable":true,"href":"https:\/\/www.wepaflyer.com\/de\/wp-json\/wp\/v2\/comments?post=85262"}],"wp:featuredmedia":[{"embeddable":true,"href":"https:\/\/www.wepaflyer.com\/de\/wp-json\/wp\/v2\/media\/85269"}],"wp:attachment":[{"href":"https:\/\/www.wepaflyer.com\/de\/wp-json\/wp\/v2\/media?parent=85262"}],"wp:term":[{"taxonomy":"product_brand","embeddable":true,"href":"https:\/\/www.wepaflyer.com\/de\/wp-json\/wp\/v2\/product_brand?post=85262"},{"taxonomy":"product_cat","embeddable":true,"href":"https:\/\/www.wepaflyer.com\/de\/wp-json\/wp\/v2\/product_cat?post=85262"},{"taxonomy":"product_tag","embeddable":true,"href":"https:\/\/www.wepaflyer.com\/de\/wp-json\/wp\/v2\/product_tag?post=85262"}],"curies":[{"name":"wp","href":"https:\/\/api.w.org\/{rel}","templated":true}]}}