{"id":85231,"date":"2026-02-15T11:05:27","date_gmt":"2026-02-15T10:05:27","guid":{"rendered":"https:\/\/www.wepaflyer.com\/?post_type=product&#038;p=85231"},"modified":"2026-03-14T17:13:05","modified_gmt":"2026-03-14T16:13:05","slug":"hq-delta-xl-rainbow-rider-2m-kopie","status":"publish","type":"product","link":"https:\/\/www.wepaflyer.com\/de\/produkt\/hq-delta-xl-rainbow-rider-2m-kopie\/","title":{"rendered":"HQ Delta XL Spectrum Spin 2M"},"content":{"rendered":"<h3>HQ Delta XL Spectrum Spin 2 Meter<\/h3>\n<h4>98\u00d7210 cm | R2F | 1-Leiner-Deltadrachen<\/h4>\n<p>Unsere XL Deltas sind besonders sch\u00f6ne und eindrucksvolle Drachen, echte Hingucker am Himmel und dabei leicht zu fliegen. Ihre Flugleistungen \u00fcberzeugen auch bei leichteren Winden. Die gr\u00f6\u00dferen Modelle tragen auch schwereren Leinenschmuck m\u00fchelos.<\/p>\n<ul>\n<li>Spannweite: 210\u00a0cm<\/li>\n<li>H\u00f6he: 98 cm<\/li>\n<li>Segel: Ripstop-Polyester + Mylar<\/li>\n<li>St\u00e4be: Kohlefaser + Fiberglas 6 mm<\/li>\n<li>Schnur: inkl., Polyester 45\u00a0kp, 60m auf Spule<\/li>\n<li>Wind: 2-5 Bft. (8-35 km\/h, 5-24\u00a0mph)<\/li>\n<li>Alter: ab 10\u00a0Jahre<\/li>\n<\/ul>\n","protected":false},"excerpt":{"rendered":"<p>98\u00d7210 cm | R2F | 1-Leiner-Deltadrachen<\/p>\n","protected":false},"featured_media":85237,"comment_status":"closed","ping_status":"closed","template":"","meta":{"_acf_changed":false},"product_brand":[],"product_cat":[1396,2177,2184,1348,3560],"product_tag":[],"class_list":{"0":"post-85231","1":"product","2":"type-product","3":"status-publish","4":"has-post-thumbnail","6":"product_cat-drachen","7":"product_cat-hq-kites","8":"product_cat-kinderdrachen","9":"product_cat-marken","10":"product_cat-neu","11":"pa_breedte-cm-150-de","12":"pa_lengte-cm-210-de","14":"first","15":"instock","16":"sale","17":"taxable","18":"shipping-taxable","19":"purchasable","20":"product-type-simple"},"acf":[],"_links":{"self":[{"href":"https:\/\/www.wepaflyer.com\/de\/wp-json\/wp\/v2\/product\/85231","targetHints":{"allow":["GET"]}}],"collection":[{"href":"https:\/\/www.wepaflyer.com\/de\/wp-json\/wp\/v2\/product"}],"about":[{"href":"https:\/\/www.wepaflyer.com\/de\/wp-json\/wp\/v2\/types\/product"}],"replies":[{"embeddable":true,"href":"https:\/\/www.wepaflyer.com\/de\/wp-json\/wp\/v2\/comments?post=85231"}],"wp:featuredmedia":[{"embeddable":true,"href":"https:\/\/www.wepaflyer.com\/de\/wp-json\/wp\/v2\/media\/85237"}],"wp:attachment":[{"href":"https:\/\/www.wepaflyer.com\/de\/wp-json\/wp\/v2\/media?parent=85231"}],"wp:term":[{"taxonomy":"product_brand","embeddable":true,"href":"https:\/\/www.wepaflyer.com\/de\/wp-json\/wp\/v2\/product_brand?post=85231"},{"taxonomy":"product_cat","embeddable":true,"href":"https:\/\/www.wepaflyer.com\/de\/wp-json\/wp\/v2\/product_cat?post=85231"},{"taxonomy":"product_tag","embeddable":true,"href":"https:\/\/www.wepaflyer.com\/de\/wp-json\/wp\/v2\/product_tag?post=85231"}],"curies":[{"name":"wp","href":"https:\/\/api.w.org\/{rel}","templated":true}]}}