{"id":85226,"date":"2026-02-15T10:45:18","date_gmt":"2026-02-15T09:45:18","guid":{"rendered":"https:\/\/www.wepaflyer.com\/?post_type=product&#038;p=85226"},"modified":"2026-03-14T17:15:13","modified_gmt":"2026-03-14T16:15:13","slug":"hq-delta-xl-rainbow-3m-kopie","status":"publish","type":"product","link":"https:\/\/www.wepaflyer.com\/de\/produkt\/hq-delta-xl-rainbow-3m-kopie\/","title":{"rendered":"HQ Delta XL Pixel Blaze 3M"},"content":{"rendered":"<h3><span style=\"line-height: 1.5em;\">HQ DELTA XL PIXEL BLAZE 3 METER<\/span><\/h3>\n<h4><span style=\"line-height: 1.5em;\">300 x 138 cm | Kite Only &#8211; \u00f8LH daN 45-70<\/span><\/h4>\n<p><span style=\"line-height: 1.5em;\">Die HQ Delta&#8217;s XL eignen sich hervorragend zum Fliegen bei leichtem Wind. Sie haben ein ruhiges Flugverhalten und ziehen nicht zu stark, sodass sie auch f\u00fcr j\u00fcngere Drachenflieger geeignet sind. Die Delta&#8217;s XL aus dieser HQ-Serie verf\u00fcgen \u00fcber Applikationen (Aufn\u00e4hteile) und sind besonders sch\u00f6n verarbeitet.<\/span><\/p>\n<p><span style=\"line-height: 1.5em;\">Am besten fliegen diese Delta Drachen bei Windst\u00e4rken zwischen 2 und 5 Bft., k\u00f6nnen sich aber auch bei sehr wenig Wind oder einer starken Brise behaupten.<\/span><\/p>\n<ul>\n<li>Spannweite : 300 cm<\/li>\n<li>H\u00f6he: 138 cm<\/li>\n<li>Tuch: Ripstop-Polyester + Mylar<\/li>\n<li>St\u00e4be: Carbon + Fiberglas 6 mm<\/li>\n<li>Drachenleine: empfohlene: Dacron oder Polyester 45-70 daN\/kp<\/li>\n<li>Wind: 2-5 Bft. (8-35 km\/h, 5-22 mph)<\/li>\n<li>Alter: ab 14 Jahren<\/li>\n<\/ul>\n","protected":false},"excerpt":{"rendered":"<p><span style=\"line-height: 1.5em;\">300 x 138 cm | Kite Only &#8211; \u00f8LH daN 45-70<\/span><\/p>\n","protected":false},"featured_media":85228,"comment_status":"closed","ping_status":"closed","template":"","meta":{"_acf_changed":false},"product_brand":[],"product_cat":[1396,2182,2177,2184,1348,3560],"product_tag":[],"class_list":{"0":"post-85226","1":"product","2":"type-product","3":"status-publish","4":"has-post-thumbnail","6":"product_cat-drachen","7":"product_cat-festival-drachen","8":"product_cat-hq-kites","9":"product_cat-kinderdrachen","10":"product_cat-marken","11":"product_cat-neu","12":"pa_breedte-cm-138-de","13":"pa_lengte-cm-300-de","15":"first","16":"instock","17":"sale","18":"taxable","19":"shipping-taxable","20":"purchasable","21":"product-type-simple"},"acf":[],"_links":{"self":[{"href":"https:\/\/www.wepaflyer.com\/de\/wp-json\/wp\/v2\/product\/85226","targetHints":{"allow":["GET"]}}],"collection":[{"href":"https:\/\/www.wepaflyer.com\/de\/wp-json\/wp\/v2\/product"}],"about":[{"href":"https:\/\/www.wepaflyer.com\/de\/wp-json\/wp\/v2\/types\/product"}],"replies":[{"embeddable":true,"href":"https:\/\/www.wepaflyer.com\/de\/wp-json\/wp\/v2\/comments?post=85226"}],"wp:featuredmedia":[{"embeddable":true,"href":"https:\/\/www.wepaflyer.com\/de\/wp-json\/wp\/v2\/media\/85228"}],"wp:attachment":[{"href":"https:\/\/www.wepaflyer.com\/de\/wp-json\/wp\/v2\/media?parent=85226"}],"wp:term":[{"taxonomy":"product_brand","embeddable":true,"href":"https:\/\/www.wepaflyer.com\/de\/wp-json\/wp\/v2\/product_brand?post=85226"},{"taxonomy":"product_cat","embeddable":true,"href":"https:\/\/www.wepaflyer.com\/de\/wp-json\/wp\/v2\/product_cat?post=85226"},{"taxonomy":"product_tag","embeddable":true,"href":"https:\/\/www.wepaflyer.com\/de\/wp-json\/wp\/v2\/product_tag?post=85226"}],"curies":[{"name":"wp","href":"https:\/\/api.w.org\/{rel}","templated":true}]}}