{"id":85224,"date":"2026-02-15T10:34:03","date_gmt":"2026-02-15T09:34:03","guid":{"rendered":"https:\/\/www.wepaflyer.com\/?post_type=product&#038;p=85224"},"modified":"2026-03-15T13:48:11","modified_gmt":"2026-03-15T12:48:11","slug":"hq-eco-classic-box-kite","status":"publish","type":"product","link":"https:\/\/www.wepaflyer.com\/de\/produkt\/hq-eco-classic-box-kite\/","title":{"rendered":"HQ Eco Classic Box Kite"},"content":{"rendered":"<h3>HQ Eco Classic Box Kite<\/h3>\n<h4>81x30x30 cm | R2F | 3D Drachen<\/h4>\n<p><strong>Ein echter Klassiker: Der klassische Kastendrachen<\/strong><\/p>\n<p>Unsere Ecoline besteht aus Drachenmodellen zu besonders g\u00fcnstigen Preisen. Die gute Verarbeitung aus Ripstop-Polyester erweist sich im t\u00e4glichen Gebrauch als sehr widerstandf\u00e4hig. Alle Ecoline-Kinderdrachen kommen \u201eReady to Fly\u201c &#8211; inklusive Griff mit Schnur.<\/p>\n<ul>\n<li>Breite: 30 cm<\/li>\n<li>H\u00f6he: 81 cm<\/li>\n<li>Segel: Ripstop-Polyester<\/li>\n<li>St\u00e4be: Fiberglas 3+4mm<\/li>\n<li>Schnur: Polyester 17 kp, 25 m auf Griff<\/li>\n<li>Wind (Bft.): 2-5 (10-32 km\/h l 6-20 mph)<\/li>\n<li>Alter: 8+<\/li>\n<\/ul>\n","protected":false},"excerpt":{"rendered":"<p>81x30x30 cm | R2F | 3D Drachen<\/p>\n","protected":false},"featured_media":85222,"comment_status":"closed","ping_status":"closed","template":"","meta":{"_acf_changed":false},"product_brand":[],"product_cat":[1396,2177,2184,1348,3560],"product_tag":[],"class_list":{"0":"post-85224","1":"product","2":"type-product","3":"status-publish","4":"has-post-thumbnail","6":"product_cat-drachen","7":"product_cat-hq-kites","8":"product_cat-kinderdrachen","9":"product_cat-marken","10":"product_cat-neu","12":"first","13":"instock","14":"sale","15":"taxable","16":"shipping-taxable","17":"purchasable","18":"product-type-simple"},"acf":[],"_links":{"self":[{"href":"https:\/\/www.wepaflyer.com\/de\/wp-json\/wp\/v2\/product\/85224","targetHints":{"allow":["GET"]}}],"collection":[{"href":"https:\/\/www.wepaflyer.com\/de\/wp-json\/wp\/v2\/product"}],"about":[{"href":"https:\/\/www.wepaflyer.com\/de\/wp-json\/wp\/v2\/types\/product"}],"replies":[{"embeddable":true,"href":"https:\/\/www.wepaflyer.com\/de\/wp-json\/wp\/v2\/comments?post=85224"}],"wp:featuredmedia":[{"embeddable":true,"href":"https:\/\/www.wepaflyer.com\/de\/wp-json\/wp\/v2\/media\/85222"}],"wp:attachment":[{"href":"https:\/\/www.wepaflyer.com\/de\/wp-json\/wp\/v2\/media?parent=85224"}],"wp:term":[{"taxonomy":"product_brand","embeddable":true,"href":"https:\/\/www.wepaflyer.com\/de\/wp-json\/wp\/v2\/product_brand?post=85224"},{"taxonomy":"product_cat","embeddable":true,"href":"https:\/\/www.wepaflyer.com\/de\/wp-json\/wp\/v2\/product_cat?post=85224"},{"taxonomy":"product_tag","embeddable":true,"href":"https:\/\/www.wepaflyer.com\/de\/wp-json\/wp\/v2\/product_tag?post=85224"}],"curies":[{"name":"wp","href":"https:\/\/api.w.org\/{rel}","templated":true}]}}