{"id":85181,"date":"2026-02-14T13:15:16","date_gmt":"2026-02-14T12:15:16","guid":{"rendered":"https:\/\/www.wepaflyer.com\/?post_type=product&#038;p=85181"},"modified":"2026-02-14T13:25:09","modified_gmt":"2026-02-14T12:25:09","slug":"hq-delta-xl-fireworks-4m","status":"publish","type":"product","link":"https:\/\/www.wepaflyer.com\/de\/produkt\/hq-delta-xl-fireworks-4m\/","title":{"rendered":"HQ Delta XL Fireworks 4M"},"content":{"rendered":"<h3><span>HQ DELTA XL FIREWORKS 4 METER<\/span><\/h3>\n<h4><span>410 x 195 cm. | Kite Only \u2013\u00a0<\/span>\u00f8LH daN 60-100<\/h4>\n<p>Unsere XL Deltas sind echte Hingucker am Himmel und dabei leicht zu fliegen. Ihre Flugleistungen \u00fcberzeugen auch bei leichteren Winden. Die gr\u00f6\u00dferen Modelle tragen auch schwereren Leinenschmuck m\u00fchelos.<\/p>\n<ul>\n<li>Spannweite: 410 cm<\/li>\n<li>H\u00f6he: 195 cm<\/li>\n<li>Segel: Ripstop-Polyester<\/li>\n<li>St\u00e4be: Kohlefaser + Fiberglas 9,5\u00a0mm<\/li>\n<li>Schnur: empf. DacronLine 60-100 daN<\/li>\n<li>Wind: 2-5 Bft. (14-35\u00a0km\/h, 9-22 mph)<\/li>\n<li>Alter: ab 14 Jahre<\/li>\n<\/ul>\n","protected":false},"excerpt":{"rendered":"<p><span>410 x 195 cm. | Kite Only \u2013\u00a0<\/span>\u00f8LH daN 60-100<\/p>\n","protected":false},"featured_media":85175,"comment_status":"closed","ping_status":"closed","template":"","meta":{"_acf_changed":false},"product_brand":[],"product_cat":[1396,2182,2177,1348,3560],"product_tag":[],"class_list":{"0":"post-85181","1":"product","2":"type-product","3":"status-publish","4":"has-post-thumbnail","6":"product_cat-drachen","7":"product_cat-festival-drachen","8":"product_cat-hq-kites","9":"product_cat-marken","10":"product_cat-neu","12":"first","13":"instock","14":"sale","15":"taxable","16":"shipping-taxable","17":"purchasable","18":"product-type-simple"},"acf":[],"_links":{"self":[{"href":"https:\/\/www.wepaflyer.com\/de\/wp-json\/wp\/v2\/product\/85181","targetHints":{"allow":["GET"]}}],"collection":[{"href":"https:\/\/www.wepaflyer.com\/de\/wp-json\/wp\/v2\/product"}],"about":[{"href":"https:\/\/www.wepaflyer.com\/de\/wp-json\/wp\/v2\/types\/product"}],"replies":[{"embeddable":true,"href":"https:\/\/www.wepaflyer.com\/de\/wp-json\/wp\/v2\/comments?post=85181"}],"wp:featuredmedia":[{"embeddable":true,"href":"https:\/\/www.wepaflyer.com\/de\/wp-json\/wp\/v2\/media\/85175"}],"wp:attachment":[{"href":"https:\/\/www.wepaflyer.com\/de\/wp-json\/wp\/v2\/media?parent=85181"}],"wp:term":[{"taxonomy":"product_brand","embeddable":true,"href":"https:\/\/www.wepaflyer.com\/de\/wp-json\/wp\/v2\/product_brand?post=85181"},{"taxonomy":"product_cat","embeddable":true,"href":"https:\/\/www.wepaflyer.com\/de\/wp-json\/wp\/v2\/product_cat?post=85181"},{"taxonomy":"product_tag","embeddable":true,"href":"https:\/\/www.wepaflyer.com\/de\/wp-json\/wp\/v2\/product_tag?post=85181"}],"curies":[{"name":"wp","href":"https:\/\/api.w.org\/{rel}","templated":true}]}}