{"id":85016,"date":"2026-02-08T17:08:31","date_gmt":"2026-02-08T16:08:31","guid":{"rendered":"https:\/\/www.wepaflyer.com\/?post_type=product&#038;p=85016"},"modified":"2026-05-04T15:52:05","modified_gmt":"2026-05-04T13:52:05","slug":"hq-arrow-l-speedpower-kopie","status":"publish","type":"product","link":"https:\/\/www.wepaflyer.com\/de\/produkt\/hq-arrow-l-speedpower-kopie\/","title":{"rendered":"HQ Arrow L Inferno | Speed&#038;Power"},"content":{"rendered":"<h3>HQ Arrow L Inferno | Speed &amp; Power<\/h3>\n<h4>Lenkdrachen | 220 x 84 cm. | Kite Only | Arrow L Upgraded<\/h4>\n<p><b><strong>Die Arrow L Inferno ist die verbesserte und \u00fcberarbeitete Version der regul\u00e4ren Arrow L, also noch schneller und zugkr\u00e4ftiger\u2026Empfohlene DyneemaLines ab 100daN<\/strong><br \/>\n<\/b><\/p>\n<p>Der Arrow L Inferno ist ein \u00e4u\u00dferst dynamischer Raketenrennfahrer, der Kraft und Geschwindigkeit auf unglaubliche Weise kombiniert, um ein herausforderndes Flugerlebnis zu schaffen. Atemberaubend enge Loopings an der Fl\u00fcgelspitze und eine hohe Fluggeschwindigkeit auch bei leichtem Wind sorgen f\u00fcr viel Flugvergn\u00fcgen vom Start an. Der Arrow L Inferno zeigt sich beim Start sehr gutm\u00fctig und l\u00e4sst sich von Windb\u00f6en nicht aus der Ruhe bringen. Eigenschaften, die f\u00fcr Lenkdrachen dieser Kategorie eigentlich v\u00f6llig untypisch sind. Bei m\u00e4\u00dfigem bis starkem Wind m\u00fcssen Piloten bereit sein, sich dieser echten Herausforderung zu stellen und werden daf\u00fcr reichlich belohnt.<\/p>\n<p>Das optisch sehr ansprechende Carbon-Design und vor allem seine gestreckte, sichelf\u00f6rmige Form machen den Arrow zu einer echten Ausnahmeerscheinung in seiner Klasse.<\/p>\n<p><b>Spezifikationen:<\/b><\/p>\n<ul>\n<li>Fl\u00fcgelspannweite: 220 cm<\/li>\n<li>Standh\u00f6he: 84 cm<\/li>\n<li>Tuch: Ripstop-Polyester<\/li>\n<li>St\u00e4be: 6 mm Carbon<\/li>\n<li>Schn\u00fcre: Dyneema Lines ab 100 daN empfohlen<\/li>\n<li>Wind: 2-7 Bft. (6-60 km\/h, 4-37 mph)<\/li>\n<li>Alter: ab 16 Jahren<\/li>\n<\/ul>\n","protected":false},"excerpt":{"rendered":"<p>Lenkdrachen | 220 x 84 cm. | Kite Only | Arrow L Upgraded<\/p>\n","protected":false},"featured_media":12367,"comment_status":"closed","ping_status":"closed","template":"","meta":{"_acf_changed":false},"product_brand":[],"product_cat":[1396,2177,2169,1348,3560],"product_tag":[3640],"class_list":{"0":"post-85016","1":"product","2":"type-product","3":"status-publish","4":"has-post-thumbnail","6":"product_cat-drachen","7":"product_cat-hq-kites","8":"product_cat-lenkdrachen","9":"product_cat-marken","10":"product_cat-neu","11":"product_tag-stuntvliegers","12":"pa_breedte-cm-41-de","13":"pa_lengte-cm-220-de","15":"first","16":"instock","17":"sale","18":"taxable","19":"shipping-taxable","20":"purchasable","21":"product-type-simple"},"acf":[],"_links":{"self":[{"href":"https:\/\/www.wepaflyer.com\/de\/wp-json\/wp\/v2\/product\/85016","targetHints":{"allow":["GET"]}}],"collection":[{"href":"https:\/\/www.wepaflyer.com\/de\/wp-json\/wp\/v2\/product"}],"about":[{"href":"https:\/\/www.wepaflyer.com\/de\/wp-json\/wp\/v2\/types\/product"}],"replies":[{"embeddable":true,"href":"https:\/\/www.wepaflyer.com\/de\/wp-json\/wp\/v2\/comments?post=85016"}],"wp:featuredmedia":[{"embeddable":true,"href":"https:\/\/www.wepaflyer.com\/de\/wp-json\/wp\/v2\/media\/12367"}],"wp:attachment":[{"href":"https:\/\/www.wepaflyer.com\/de\/wp-json\/wp\/v2\/media?parent=85016"}],"wp:term":[{"taxonomy":"product_brand","embeddable":true,"href":"https:\/\/www.wepaflyer.com\/de\/wp-json\/wp\/v2\/product_brand?post=85016"},{"taxonomy":"product_cat","embeddable":true,"href":"https:\/\/www.wepaflyer.com\/de\/wp-json\/wp\/v2\/product_cat?post=85016"},{"taxonomy":"product_tag","embeddable":true,"href":"https:\/\/www.wepaflyer.com\/de\/wp-json\/wp\/v2\/product_tag?post=85016"}],"curies":[{"name":"wp","href":"https:\/\/api.w.org\/{rel}","templated":true}]}}