{"id":84990,"date":"2026-02-07T18:04:36","date_gmt":"2026-02-07T17:04:36","guid":{"rendered":"https:\/\/www.wepaflyer.com\/?post_type=product&#038;p=84990"},"modified":"2026-05-04T15:52:05","modified_gmt":"2026-05-04T13:52:05","slug":"hq-arrow-s-speedpower-kopie","status":"publish","type":"product","link":"https:\/\/www.wepaflyer.com\/de\/produkt\/hq-arrow-s-speedpower-kopie\/","title":{"rendered":"HQ Arrow S Fireline | Speed&#038;Power"},"content":{"rendered":"<h3>HQ Arrow S Fireline | Speed &amp; Power<\/h3>\n<h4>Lenkdrachen | 149 x 55 cm. | Kite Only | Arrow S Upgraded<\/h4>\n<p><strong>Die Arrow S Fireline ist schnell, sehr schnell. Die Arrow S Fireline ist die verbesserte und \u00fcberarbeitete Version der regul\u00e4ren Arrow S, also noch schneller\u2026<b>Empfohlene DyneemaLines 50-70daN<\/b><\/strong><\/p>\n<p>Der Arrow S ist ein Inbegriff von Geschwindigkeit und Pr\u00e4zision. Er erfordert beim Start etwas Erfahrung, entfaltet jedoch sein Potenzial, sobald er den Wind \u201egreift\u201c.<\/p>\n<p>Mit einer Geschwindigkeit, die kaum ein anderer HQ-Drachen erreicht, sorgt der Arrow S f\u00fcr pure Adrenalinsch\u00fcbe. Kleinste Lenkbewegungen erm\u00f6glichen enge Spins und schnelle Richtungswechsel, die h\u00f6chste Konzentration verlangen.<\/p>\n<p>Der Arrow S bietet ultimativen Flugspa\u00df und richtet sich an erfahrene Piloten, die eine neue Dimension der Geschwindigkeit erleben m\u00f6chten. Lass dich von der Kraft des Windes mitrei\u00dfen!<\/p>\n<p><strong>Spezifikationen:<\/strong><\/p>\n<ul>\n<li>Breite: 149 cm<\/li>\n<li>H\u00f6he: 55 cm<\/li>\n<li>Segel: Ripstop-Polyester<\/li>\n<li>St\u00e4be: 5 + 6 mm Kohlefaser<\/li>\n<li>Schnur: Dyneema Lines 50-70 kp, empfohlen<\/li>\n<li>Wind (Bft.): 3-7 (10-60 km\/h l 6-37 mph)<\/li>\n<li>Alter: 14+<\/li>\n<\/ul>\n","protected":false},"excerpt":{"rendered":"<p>Lenkdrachen | 149 x 55 cm. | Kite Only | Arrow S Upgraded<\/p>\n","protected":false},"featured_media":82258,"comment_status":"closed","ping_status":"closed","template":"","meta":{"_acf_changed":false},"product_brand":[],"product_cat":[1396,2177,2169,1348,3560],"product_tag":[3640],"class_list":{"0":"post-84990","1":"product","2":"type-product","3":"status-publish","4":"has-post-thumbnail","6":"product_cat-drachen","7":"product_cat-hq-kites","8":"product_cat-lenkdrachen","9":"product_cat-marken","10":"product_cat-neu","11":"product_tag-stuntvliegers","13":"first","14":"instock","15":"sale","16":"taxable","17":"shipping-taxable","18":"purchasable","19":"product-type-simple"},"acf":[],"_links":{"self":[{"href":"https:\/\/www.wepaflyer.com\/de\/wp-json\/wp\/v2\/product\/84990","targetHints":{"allow":["GET"]}}],"collection":[{"href":"https:\/\/www.wepaflyer.com\/de\/wp-json\/wp\/v2\/product"}],"about":[{"href":"https:\/\/www.wepaflyer.com\/de\/wp-json\/wp\/v2\/types\/product"}],"replies":[{"embeddable":true,"href":"https:\/\/www.wepaflyer.com\/de\/wp-json\/wp\/v2\/comments?post=84990"}],"wp:featuredmedia":[{"embeddable":true,"href":"https:\/\/www.wepaflyer.com\/de\/wp-json\/wp\/v2\/media\/82258"}],"wp:attachment":[{"href":"https:\/\/www.wepaflyer.com\/de\/wp-json\/wp\/v2\/media?parent=84990"}],"wp:term":[{"taxonomy":"product_brand","embeddable":true,"href":"https:\/\/www.wepaflyer.com\/de\/wp-json\/wp\/v2\/product_brand?post=84990"},{"taxonomy":"product_cat","embeddable":true,"href":"https:\/\/www.wepaflyer.com\/de\/wp-json\/wp\/v2\/product_cat?post=84990"},{"taxonomy":"product_tag","embeddable":true,"href":"https:\/\/www.wepaflyer.com\/de\/wp-json\/wp\/v2\/product_tag?post=84990"}],"curies":[{"name":"wp","href":"https:\/\/api.w.org\/{rel}","templated":true}]}}