{"id":84872,"date":"2026-02-02T22:22:48","date_gmt":"2026-02-02T21:22:48","guid":{"rendered":"https:\/\/www.wepaflyer.com\/?post_type=product&#038;p=84872"},"modified":"2026-05-04T15:52:05","modified_gmt":"2026-05-04T13:52:05","slug":"hq-tyro-arctic-perfect-starter","status":"publish","type":"product","link":"https:\/\/www.wepaflyer.com\/de\/produkt\/hq-tyro-arctic-perfect-starter\/","title":{"rendered":"HQ Tyro Arctic | Perfect Starter"},"content":{"rendered":"<h3>HQ Tyro Arctic | Perfekter Starter<\/h3>\n<h4>120 x 56 cm. | R2F | Idealer Lenkdrachen f\u00fcr Anf\u00e4nger<\/h4>\n<p><strong>Tyro \u2013 der ideale Einstieg in die Welt der Lenkdrachen. Der Tyro von HQ macht erste Flugversuche zu einem echten Erlebnis.<\/strong><\/p>\n<p>Kompakt, reaktionsschnell und pr\u00e4zise kontrollierbar, \u00fcberzeugt er mit eleganten Loopings, direktem Flugverhalten und \u00fcberraschender Geschwindigkeit, sobald der Wind zunimmt. Seine ausgewogene Aerodynamik sorgt f\u00fcr ruhige, vorhersehbare Flugbewegungen, w\u00e4hrend das klare Steuerfeedback jederzeit ein sicheres Fluggef\u00fchl vermittelt. Der robuste Fiberglasrahmen steckt auch h\u00e4rtere Landungen m\u00fchelos weg.<\/p>\n<p>Langlebig konstruiert, mitrei\u00dfend im Flug \u2013 der Tyro begeistert Einsteiger und Freizeitpiloten gleicherma\u00dfen.<\/p>\n<p><strong>Spezifikationen:<\/strong><\/p>\n<ul>\n<li>Spannweite: 120 cm<\/li>\n<li>Standh\u00f6he: 56 cm<\/li>\n<li>Segel: Ripstop-Polyester<\/li>\n<li>St\u00e4be: Fiberglas + Hybrid 4 mm<\/li>\n<li>Schnur: inkl., Polyester 20 kp, 2 x 20 m auf Winder mit Schlaufen<\/li>\n<li>Wind: 2-5 Bft. (8-38 km\/h, 5-24 mph)<\/li>\n<li>Alter: ab 8 Jahre<\/li>\n<\/ul>\n","protected":false},"excerpt":{"rendered":"<p>120 x 56 cm. | R2F | Idealer Lenkdrachen f\u00fcr Anf\u00e4nger<\/p>\n","protected":false},"featured_media":86728,"comment_status":"closed","ping_status":"closed","template":"","meta":{"_acf_changed":false},"product_brand":[],"product_cat":[1396,2177,2169,1348,3560],"product_tag":[3640],"class_list":{"0":"post-84872","1":"product","2":"type-product","3":"status-publish","4":"has-post-thumbnail","6":"product_cat-drachen","7":"product_cat-hq-kites","8":"product_cat-lenkdrachen","9":"product_cat-marken","10":"product_cat-neu","11":"product_tag-stuntvliegers","13":"first","14":"instock","15":"sale","16":"taxable","17":"shipping-taxable","18":"purchasable","19":"product-type-simple"},"acf":[],"_links":{"self":[{"href":"https:\/\/www.wepaflyer.com\/de\/wp-json\/wp\/v2\/product\/84872","targetHints":{"allow":["GET"]}}],"collection":[{"href":"https:\/\/www.wepaflyer.com\/de\/wp-json\/wp\/v2\/product"}],"about":[{"href":"https:\/\/www.wepaflyer.com\/de\/wp-json\/wp\/v2\/types\/product"}],"replies":[{"embeddable":true,"href":"https:\/\/www.wepaflyer.com\/de\/wp-json\/wp\/v2\/comments?post=84872"}],"wp:featuredmedia":[{"embeddable":true,"href":"https:\/\/www.wepaflyer.com\/de\/wp-json\/wp\/v2\/media\/86728"}],"wp:attachment":[{"href":"https:\/\/www.wepaflyer.com\/de\/wp-json\/wp\/v2\/media?parent=84872"}],"wp:term":[{"taxonomy":"product_brand","embeddable":true,"href":"https:\/\/www.wepaflyer.com\/de\/wp-json\/wp\/v2\/product_brand?post=84872"},{"taxonomy":"product_cat","embeddable":true,"href":"https:\/\/www.wepaflyer.com\/de\/wp-json\/wp\/v2\/product_cat?post=84872"},{"taxonomy":"product_tag","embeddable":true,"href":"https:\/\/www.wepaflyer.com\/de\/wp-json\/wp\/v2\/product_tag?post=84872"}],"curies":[{"name":"wp","href":"https:\/\/api.w.org\/{rel}","templated":true}]}}