{"id":84662,"date":"2026-02-01T18:41:45","date_gmt":"2026-02-01T17:41:45","guid":{"rendered":"https:\/\/www.wepaflyer.com\/?post_type=product&#038;p=84662"},"modified":"2026-05-04T15:52:05","modified_gmt":"2026-05-04T13:52:05","slug":"hq-trixx-allround-trick","status":"publish","type":"product","link":"https:\/\/www.wepaflyer.com\/de\/produkt\/hq-trixx-allround-trick\/","title":{"rendered":"HQ Trixx | Allround &#038; Trick"},"content":{"rendered":"<h3>HQ Trixx | Allround &amp; Trick<\/h3>\n<h4>195 x 80 cm. | R2F | Vielseitiger Allrounder mit hoher Trickpotenz<\/h4>\n<p>Der neue Trixx, der \u201ekleine Bruder\u201c des Maestro, steht seinem Vorbild in nichts nach. Er ist ein vielseitiger Allrounder mit hohem Trick-Potenzial. Mit seiner Kombination aus leichtem Polyester, robustem Carbon und einem modernen, aerodynamischen Design beherrscht er alle wichtigen Trickman\u00f6ver und deren Variationen. Ob du ihn bis zum letzten Trick ausreizt oder ihn als vielseitigen Allrounder nutzt \u2013 die Entscheidung liegt bei dir. Der Trixx ist der perfekte Begleiter f\u00fcr Einsteiger, die in die faszinierende Welt der Trickfl\u00fcge eintauchen m\u00f6chten, sowie f\u00fcr fortgeschrittene Piloten, die auf der Suche nach einem Allesk\u00f6nner sind. Dank seines eleganten Designs gleitet der Trixx nicht nur geschmeidig durch die Luft, sondern beeindruckt auch optisch \u2013 ob im Binnenland oder am Strand. Mit einem gro\u00dfen Windbereich bleibt der Trixx auch bei st\u00e4rkerem Wind kontrollierbar und trickf\u00e4hig, selbst wenn es dann etwas wilder zugeht. Der Trixx bietet ein au\u00dfergew\u00f6hnliches Flugerlebnis, das du so schnell nicht vergessen wirst.<\/p>\n<p><strong>Spezifikationen:<\/strong><\/p>\n<ul>\n<li>Breite: 195 cm<\/li>\n<li>H\u00f6he: 80 cm<\/li>\n<li>Segel: Ripstop-Polyester Light 31g<\/li>\n<li>St\u00e4be: 5 + 6 mm Kohlefaser<\/li>\n<li>Schnur: Dyneema 50 kp, 2 x 25 m auf Winder mit Schlaufen<\/li>\n<li>Wind (Bft.): 2-5 (6-38 km\/h l 4-24 mph)<\/li>\n<li>Alter: 14+<\/li>\n<\/ul>\n","protected":false},"excerpt":{"rendered":"<p>195 x 80 cm. | R2F | Vielseitiger Allrounder mit hoher Trickpotenz<\/p>\n","protected":false},"featured_media":84654,"comment_status":"closed","ping_status":"closed","template":"","meta":{"_acf_changed":false},"product_brand":[],"product_cat":[1396,2177,2169,1348],"product_tag":[3640],"class_list":{"0":"post-84662","1":"product","2":"type-product","3":"status-publish","4":"has-post-thumbnail","6":"product_cat-drachen","7":"product_cat-hq-kites","8":"product_cat-lenkdrachen","9":"product_cat-marken","10":"product_tag-stuntvliegers","12":"first","13":"instock","14":"sale","15":"taxable","16":"shipping-taxable","17":"purchasable","18":"product-type-simple"},"acf":[],"_links":{"self":[{"href":"https:\/\/www.wepaflyer.com\/de\/wp-json\/wp\/v2\/product\/84662","targetHints":{"allow":["GET"]}}],"collection":[{"href":"https:\/\/www.wepaflyer.com\/de\/wp-json\/wp\/v2\/product"}],"about":[{"href":"https:\/\/www.wepaflyer.com\/de\/wp-json\/wp\/v2\/types\/product"}],"replies":[{"embeddable":true,"href":"https:\/\/www.wepaflyer.com\/de\/wp-json\/wp\/v2\/comments?post=84662"}],"wp:featuredmedia":[{"embeddable":true,"href":"https:\/\/www.wepaflyer.com\/de\/wp-json\/wp\/v2\/media\/84654"}],"wp:attachment":[{"href":"https:\/\/www.wepaflyer.com\/de\/wp-json\/wp\/v2\/media?parent=84662"}],"wp:term":[{"taxonomy":"product_brand","embeddable":true,"href":"https:\/\/www.wepaflyer.com\/de\/wp-json\/wp\/v2\/product_brand?post=84662"},{"taxonomy":"product_cat","embeddable":true,"href":"https:\/\/www.wepaflyer.com\/de\/wp-json\/wp\/v2\/product_cat?post=84662"},{"taxonomy":"product_tag","embeddable":true,"href":"https:\/\/www.wepaflyer.com\/de\/wp-json\/wp\/v2\/product_tag?post=84662"}],"curies":[{"name":"wp","href":"https:\/\/api.w.org\/{rel}","templated":true}]}}