{"id":84610,"date":"2026-01-31T15:29:06","date_gmt":"2026-01-31T14:29:06","guid":{"rendered":"https:\/\/www.wepaflyer.com\/?post_type=product&#038;p=84610"},"modified":"2026-05-04T15:52:05","modified_gmt":"2026-05-04T13:52:05","slug":"hq-calypso-ii-autumn-fun-allround","status":"publish","type":"product","link":"https:\/\/www.wepaflyer.com\/de\/produkt\/hq-calypso-ii-autumn-fun-allround\/","title":{"rendered":"HQ Calypso II Autumn Fun | Allround"},"content":{"rendered":"<h3>HQ Calypso II Autumn Fun | Allround<\/h3>\n<h4>110 x 59 cm. | R2F | Anf\u00e4nger Lenkdrachen<\/h4>\n<p><strong><span class=\"Y2IQFc\" lang=\"nl\">Dieser HQ-Einsteigerdrachen zeichnet sich vor allem durch seine robuste Verarbeitung aus.<\/span><\/strong><\/p>\n<p><span class=\"Y2IQFc\" lang=\"nl\">Das Segel besteht aus starkem Ripstop-Polyester, die Stangen sind aus nahezu unzerbrechlichem Fiberglas. Der Aufbau ist einfach und die Flugeigenschaften \u00e4u\u00dferst harmlos. Der Calypso II kann auch von Anf\u00e4ngern in einem weiten Windbereich sicher und zuverl\u00e4ssig geflogen werden. Die Zugkr\u00e4fte sind moderat, aber deutlich. Die Fluggeschwindigkeit \u00fcberfordert den Piloten nicht. Verbessertes Modell mit unverlierbaren (unverlierbaren) Abstandshaltern.<\/span><\/p>\n<p><b>Spezifikationen:<\/b><\/p>\n<ul>\n<li>Fl\u00fcgelspannweite: 110 cm<\/li>\n<li>H\u00f6he: 59 cm<\/li>\n<li>Stoff: Ripstop-Polyester<\/li>\n<li>St\u00e4be: Fiberglas 4 mm<\/li>\n<li>Leinen: inklusive, Polyester 20 kp, 2 x 20 m an Drachenringen<\/li>\n<li>Wind: 2\u20135 Bft. (6-38 km\/h, 4-24 mph)<\/li>\n<li>Alter: 8+<\/li>\n<\/ul>\n","protected":false},"excerpt":{"rendered":"<p>110 x 59 cm. | R2F | Anf\u00e4nger Lenkdrachen<\/p>\n","protected":false},"featured_media":84604,"comment_status":"closed","ping_status":"closed","template":"","meta":{"_acf_changed":false},"product_brand":[],"product_cat":[1396,2177,2169,1348,1384],"product_tag":[3640],"class_list":{"0":"post-84610","1":"product","2":"type-product","3":"status-publish","4":"has-post-thumbnail","6":"product_cat-drachen","7":"product_cat-hq-kites","8":"product_cat-lenkdrachen","9":"product_cat-marken","10":"product_cat-sale","11":"product_tag-stuntvliegers","13":"first","14":"instock","15":"sale","16":"taxable","17":"shipping-taxable","18":"purchasable","19":"product-type-simple"},"acf":[],"_links":{"self":[{"href":"https:\/\/www.wepaflyer.com\/de\/wp-json\/wp\/v2\/product\/84610","targetHints":{"allow":["GET"]}}],"collection":[{"href":"https:\/\/www.wepaflyer.com\/de\/wp-json\/wp\/v2\/product"}],"about":[{"href":"https:\/\/www.wepaflyer.com\/de\/wp-json\/wp\/v2\/types\/product"}],"replies":[{"embeddable":true,"href":"https:\/\/www.wepaflyer.com\/de\/wp-json\/wp\/v2\/comments?post=84610"}],"wp:featuredmedia":[{"embeddable":true,"href":"https:\/\/www.wepaflyer.com\/de\/wp-json\/wp\/v2\/media\/84604"}],"wp:attachment":[{"href":"https:\/\/www.wepaflyer.com\/de\/wp-json\/wp\/v2\/media?parent=84610"}],"wp:term":[{"taxonomy":"product_brand","embeddable":true,"href":"https:\/\/www.wepaflyer.com\/de\/wp-json\/wp\/v2\/product_brand?post=84610"},{"taxonomy":"product_cat","embeddable":true,"href":"https:\/\/www.wepaflyer.com\/de\/wp-json\/wp\/v2\/product_cat?post=84610"},{"taxonomy":"product_tag","embeddable":true,"href":"https:\/\/www.wepaflyer.com\/de\/wp-json\/wp\/v2\/product_tag?post=84610"}],"curies":[{"name":"wp","href":"https:\/\/api.w.org\/{rel}","templated":true}]}}