{"id":84538,"date":"2026-01-30T21:21:14","date_gmt":"2026-01-30T20:21:14","guid":{"rendered":"https:\/\/www.wepaflyer.com\/?post_type=product&#038;p=84538"},"modified":"2026-05-04T12:30:21","modified_gmt":"2026-05-04T10:30:21","slug":"hq-multi-kite-prisma","status":"publish","type":"product","link":"https:\/\/www.wepaflyer.com\/de\/produkt\/hq-multi-kite-prisma\/","title":{"rendered":"HQ Multi-Kite Prisma"},"content":{"rendered":"<h3>HQ MULTI-KITE PRISMA | 1- &amp; 2-Leiner (Lenk)Drachen<\/h3>\n<h4>Der au\u00dfergew\u00f6hnlichste Drachen f\u00fcr alle Altersgruppen | R2F | Einleiner &amp; Lenker in einem<\/h4>\n<p><strong>Egal, ob du einfach nur einen Drachen steigen lassen m\u00f6chtest oder dich im Lenk-Drachenfliegen versuchen willst, mit dem HQ Multi-Kite Prisma ist beides m\u00f6glich!<\/strong><\/p>\n<p>Der stablose Multi-Kite vereint die sch\u00f6nsten Seiten des Drachenfliegens auf sich; Das Kontemplative und Besinnliche des Einleinerfliegens und die sportlichen Herausforderungen des Lenkdrachenfliegens mit zwei Leinen. Dabei ist beides so einfach, dass wir den Drachen schon f\u00fcr Drachenflieger ab 10 Jahren empfehlen.<\/p>\n<p>Als Einleiner entwickelt der Multi-Kite einen leichten, aber deutlichen Zug. Der lange Schlauchschwanz stabilisiert dabei seinen Flug.<\/p>\n<p>Um den Drachen zum Zweileiner zu konvertieren, wird einfach ein Teil der Leine entfernt, Handgelenkschlaufen werden eingeklinkt und schon kann es losgehen. Der Multi-Kite zieht jetzt nur noch wenig, dabei ist er aber voll man\u00f6vrierf\u00e4hig. Kurven, Loopings und Sturzfl\u00fcge &#8211; jede Bewegung wird von dem langen Schlauchschwanz in den Himmel gezeichnet.<\/p>\n<p>Der Multi-Kite ist aus stabilem Polyestertuch gebaut &#8211; auch der Schlauchschwanz. So ausger\u00fcstet vertr\u00e4gt er auch eine rauere Behandlung. Und da er \u00fcber keinerlei St\u00e4be verf\u00fcgt, l\u00e4sst er sich ganz klein verpacken und so mit auf jede Reise nehmen, egal in welchem Verkehrsmittel!<\/p>\n<p><strong>Spezifikationen:<\/strong><\/p>\n<ul>\n<li>Spannweite: 87 cm<\/li>\n<li>L\u00e4nge inkl. Schlauchschwanz: 1230 cm<\/li>\n<li>Tuch: Ripstop-Polyester<\/li>\n<li>Schnur: inkl., PolyesterLines 20 daN, 2 x 20 m auf Winder mit Lenkschlaufen + PolyesterLines 40 daN, 60 m auf Spule<\/li>\n<li>Wind: Als Einleiner: 2-5 Bft. (11-38 km\/h) Als Zweileiner: 3-6 Bft. (15-49 km\/h)<\/li>\n<li>Alter: ab 10 Jahre<\/li>\n<\/ul>\n","protected":false},"excerpt":{"rendered":"<p>Der au\u00dfergew\u00f6hnlichste Drachen f\u00fcr alle Altersgruppen | R2F | Einleiner &amp; Lenker in einem<\/p>\n","protected":false},"featured_media":84559,"comment_status":"closed","ping_status":"closed","template":"","meta":{"_acf_changed":false},"product_brand":[],"product_cat":[2164,1396,2177,2184,1348,3560],"product_tag":[3631],"class_list":{"0":"post-84538","1":"product","2":"type-product","3":"status-publish","4":"has-post-thumbnail","6":"product_cat-2-leiner-lenkmatten","7":"product_cat-drachen","8":"product_cat-hq-kites","9":"product_cat-kinderdrachen","10":"product_cat-marken","11":"product_cat-neu","12":"product_tag-kindervliegers","14":"first","15":"instock","16":"sale","17":"taxable","18":"shipping-taxable","19":"purchasable","20":"product-type-simple"},"acf":[],"_links":{"self":[{"href":"https:\/\/www.wepaflyer.com\/de\/wp-json\/wp\/v2\/product\/84538","targetHints":{"allow":["GET"]}}],"collection":[{"href":"https:\/\/www.wepaflyer.com\/de\/wp-json\/wp\/v2\/product"}],"about":[{"href":"https:\/\/www.wepaflyer.com\/de\/wp-json\/wp\/v2\/types\/product"}],"replies":[{"embeddable":true,"href":"https:\/\/www.wepaflyer.com\/de\/wp-json\/wp\/v2\/comments?post=84538"}],"wp:featuredmedia":[{"embeddable":true,"href":"https:\/\/www.wepaflyer.com\/de\/wp-json\/wp\/v2\/media\/84559"}],"wp:attachment":[{"href":"https:\/\/www.wepaflyer.com\/de\/wp-json\/wp\/v2\/media?parent=84538"}],"wp:term":[{"taxonomy":"product_brand","embeddable":true,"href":"https:\/\/www.wepaflyer.com\/de\/wp-json\/wp\/v2\/product_brand?post=84538"},{"taxonomy":"product_cat","embeddable":true,"href":"https:\/\/www.wepaflyer.com\/de\/wp-json\/wp\/v2\/product_cat?post=84538"},{"taxonomy":"product_tag","embeddable":true,"href":"https:\/\/www.wepaflyer.com\/de\/wp-json\/wp\/v2\/product_tag?post=84538"}],"curies":[{"name":"wp","href":"https:\/\/api.w.org\/{rel}","templated":true}]}}