{"id":84503,"date":"2026-01-30T20:25:25","date_gmt":"2026-01-30T19:25:25","guid":{"rendered":"https:\/\/www.wepaflyer.com\/?post_type=product&#038;p=84503"},"modified":"2026-05-04T12:30:21","modified_gmt":"2026-05-04T10:30:21","slug":"hq-bird-kite-kingfisher-eisvogel","status":"publish","type":"product","link":"https:\/\/www.wepaflyer.com\/de\/produkt\/hq-bird-kite-kingfisher-eisvogel\/","title":{"rendered":"HQ Bird Kite Kingfisher (Eisvogel)"},"content":{"rendered":"<h3><span>HQ BIRD KITE KINGFISHER (EISVOGEL)<\/span><\/h3>\n<h4><span>175 x 80 cm. | R2F | Naturgetreu<\/span><\/h4>\n<p>Unsere Vogel-Einleinerdrachen kombinieren hochwertige Materialien und hervorragende Flugeigenschaften mit atemberaubenden Designs. Hergestellt aus rei\u00dffestem Ripstop-Polyester und robustem Fiberglas, garantieren sie ein stabiles Flugerlebnis in einem gro\u00dfen Windbereich. Alle Drachen kommen mit Flugleine auf einer Ringspule. Ob am Strand, im Park oder auf freier Wiese \u2013 unsere Vogel-Drachen sorgen f\u00fcr stundenlangen Spa\u00df und begeistern Piloten ab 8 Jahren, die den Himmel erobern m\u00f6chten.<\/p>\n<ul>\n<li>Breite: 175 cm<\/li>\n<li>H\u00f6he: 80 cm<\/li>\n<li>Segel: Ripstop-Polyester<\/li>\n<li>St\u00e4be: 2 + 4 + 5 mm Fiberglas<\/li>\n<li>inkl. Schnur: Polyester 17 kp, 40 m auf Griff<\/li>\n<li>Wind (Bft.): 2-5 (6-38 km\/h l 4-24 mph)<\/li>\n<li>Alter: 8+<\/li>\n<\/ul>\n","protected":false},"excerpt":{"rendered":"<p><span>175 x 80 cm. | R2F | Naturgetreu<\/span><\/p>\n","protected":false},"featured_media":84499,"comment_status":"closed","ping_status":"closed","template":"","meta":{"_acf_changed":false},"product_brand":[],"product_cat":[1396,2177,2184,1348],"product_tag":[3631],"class_list":{"0":"post-84503","1":"product","2":"type-product","3":"status-publish","4":"has-post-thumbnail","6":"product_cat-drachen","7":"product_cat-hq-kites","8":"product_cat-kinderdrachen","9":"product_cat-marken","10":"product_tag-kindervliegers","12":"first","13":"instock","14":"sale","15":"taxable","16":"shipping-taxable","17":"purchasable","18":"product-type-simple"},"acf":[],"_links":{"self":[{"href":"https:\/\/www.wepaflyer.com\/de\/wp-json\/wp\/v2\/product\/84503","targetHints":{"allow":["GET"]}}],"collection":[{"href":"https:\/\/www.wepaflyer.com\/de\/wp-json\/wp\/v2\/product"}],"about":[{"href":"https:\/\/www.wepaflyer.com\/de\/wp-json\/wp\/v2\/types\/product"}],"replies":[{"embeddable":true,"href":"https:\/\/www.wepaflyer.com\/de\/wp-json\/wp\/v2\/comments?post=84503"}],"wp:featuredmedia":[{"embeddable":true,"href":"https:\/\/www.wepaflyer.com\/de\/wp-json\/wp\/v2\/media\/84499"}],"wp:attachment":[{"href":"https:\/\/www.wepaflyer.com\/de\/wp-json\/wp\/v2\/media?parent=84503"}],"wp:term":[{"taxonomy":"product_brand","embeddable":true,"href":"https:\/\/www.wepaflyer.com\/de\/wp-json\/wp\/v2\/product_brand?post=84503"},{"taxonomy":"product_cat","embeddable":true,"href":"https:\/\/www.wepaflyer.com\/de\/wp-json\/wp\/v2\/product_cat?post=84503"},{"taxonomy":"product_tag","embeddable":true,"href":"https:\/\/www.wepaflyer.com\/de\/wp-json\/wp\/v2\/product_tag?post=84503"}],"curies":[{"name":"wp","href":"https:\/\/api.w.org\/{rel}","templated":true}]}}