{"id":84463,"date":"2026-01-30T12:33:14","date_gmt":"2026-01-30T11:33:14","guid":{"rendered":"https:\/\/www.wepaflyer.com\/?post_type=product&#038;p=84463"},"modified":"2026-05-04T12:30:20","modified_gmt":"2026-05-04T10:30:20","slug":"hq-cylinder-kite-aquarium","status":"publish","type":"product","link":"https:\/\/www.wepaflyer.com\/de\/produkt\/hq-cylinder-kite-aquarium\/","title":{"rendered":"HQ Cylinder Kite Aquarium"},"content":{"rendered":"<h3><span>HQ CYLINDER KITE AQUARIUM<\/span><\/h3>\n<h4><span>38 x 38 cm. | R2F | The Special Kite<\/span><\/h4>\n<p>Dieser Kinderdrachen begeistert mit seiner au\u00dfergew\u00f6hnlichen Form und ist ein echter Blickfang am Himmel. Ob am Strand, im Park oder auf einer Wiese \u2013 er sorgt f\u00fcr unvergessliche Flugabenteuer und stundenlangen Spa\u00df f\u00fcr die ganze Familie.<\/p>\n<p>Gefertigt aus strapazierf\u00e4higem Ripstop-Polyester, vereint er Robustheit mit Leichtigkeit und fliegt bereits bei sanften Winden zuverl\u00e4ssig. Der Drachen ist sofort flugbereit und erm\u00f6glicht selbst Anf\u00e4ngern ein m\u00fcheloses Abheben. Ein Highlight: Er fliegt auch ohne Waage stabil. Mit dem praktischen EasyClip l\u00e4sst sich die Flugleine einfach an einem der vier Fiberglasst\u00e4be befestigen, wodurch der Drachen \u2013 vor allem im Aquarium-Design \u2013 immer wieder neue Flugbilder zeigt. Einfach in der Handhabung und einzigartig im Design \u2013 dieser Kinderdrachen ist die perfekte Wahl f\u00fcr kleine und gro\u00dfe Piloten!<\/p>\n<ul>\n<li>Breite: 38 cm<\/li>\n<li>H\u00f6he: 38 cm<\/li>\n<li>Segel: Ripstop-Polyester<\/li>\n<li>St\u00e4be: 2 + 2,5 mm Fiberglas<\/li>\n<li>inkl. Schnur: Polyester 17 kp, 25 m auf Griff<\/li>\n<li>Wind (Bft.): 2-5 (10-30 km\/h l 6-19 mph)<\/li>\n<li>Alter: 5+<\/li>\n<\/ul>\n","protected":false},"excerpt":{"rendered":"<p><span>38 x 38 cm. | R2F | The Special Kite<\/span><\/p>\n","protected":false},"featured_media":84557,"comment_status":"closed","ping_status":"closed","template":"","meta":{"_acf_changed":false},"product_brand":[],"product_cat":[1396,2177,2184,1348],"product_tag":[3631],"class_list":{"0":"post-84463","1":"product","2":"type-product","3":"status-publish","4":"has-post-thumbnail","6":"product_cat-drachen","7":"product_cat-hq-kites","8":"product_cat-kinderdrachen","9":"product_cat-marken","10":"product_tag-kindervliegers","12":"first","13":"instock","14":"sale","15":"taxable","16":"shipping-taxable","17":"purchasable","18":"product-type-simple"},"acf":[],"_links":{"self":[{"href":"https:\/\/www.wepaflyer.com\/de\/wp-json\/wp\/v2\/product\/84463","targetHints":{"allow":["GET"]}}],"collection":[{"href":"https:\/\/www.wepaflyer.com\/de\/wp-json\/wp\/v2\/product"}],"about":[{"href":"https:\/\/www.wepaflyer.com\/de\/wp-json\/wp\/v2\/types\/product"}],"replies":[{"embeddable":true,"href":"https:\/\/www.wepaflyer.com\/de\/wp-json\/wp\/v2\/comments?post=84463"}],"wp:featuredmedia":[{"embeddable":true,"href":"https:\/\/www.wepaflyer.com\/de\/wp-json\/wp\/v2\/media\/84557"}],"wp:attachment":[{"href":"https:\/\/www.wepaflyer.com\/de\/wp-json\/wp\/v2\/media?parent=84463"}],"wp:term":[{"taxonomy":"product_brand","embeddable":true,"href":"https:\/\/www.wepaflyer.com\/de\/wp-json\/wp\/v2\/product_brand?post=84463"},{"taxonomy":"product_cat","embeddable":true,"href":"https:\/\/www.wepaflyer.com\/de\/wp-json\/wp\/v2\/product_cat?post=84463"},{"taxonomy":"product_tag","embeddable":true,"href":"https:\/\/www.wepaflyer.com\/de\/wp-json\/wp\/v2\/product_tag?post=84463"}],"curies":[{"name":"wp","href":"https:\/\/api.w.org\/{rel}","templated":true}]}}