{"id":84438,"date":"2026-01-30T11:41:21","date_gmt":"2026-01-30T10:41:21","guid":{"rendered":"https:\/\/www.wepaflyer.com\/?post_type=product&#038;p=84438"},"modified":"2026-05-04T12:30:20","modified_gmt":"2026-05-04T10:30:20","slug":"hq-eco-butterfly-rainbow-110","status":"publish","type":"product","link":"https:\/\/www.wepaflyer.com\/de\/produkt\/hq-eco-butterfly-rainbow-110\/","title":{"rendered":"HQ Eco Butterfly Rainbow 110"},"content":{"rendered":"<h3>HQ ECO Schmetterling Rainbow 110 cm<\/h3>\n<h4>110\u00d782 cm | R2F | Schmetterlingdrachen<\/h4>\n<p>Unsere Ecoline besteht aus Drachenmodellen zu besonders g\u00fcnstigen Preisen. Die gute Verarbeitung aus Ripstop-Polyester erweist sich im t\u00e4glichen Gebrauch als sehr widerstandf\u00e4hig. Alle Ecoline-Kinderdrachen kommen \u201eReady to Fly\u201c \u2013 inklusive Griff mit Schnur.<\/p>\n<ul>\n<li>Breite: 110 cm<\/li>\n<li>H\u00f6he: 82 cm<\/li>\n<li>Segel: Ripstop-Polyester<\/li>\n<li>St\u00e4be: 1.5 + 3 mm Fiberglas<\/li>\n<li>inkl. Schnur: Polyester 17 kp, 25 m auf Griff<\/li>\n<li>Wind (Bft.): 2-4 (6-28 km\/h l 4-17 mph)<\/li>\n<li>Alter: 5+<\/li>\n<\/ul>\n","protected":false},"excerpt":{"rendered":"<p>110\u00d782 cm | R2F | Schmetterlingdrachen<\/p>\n","protected":false},"featured_media":84566,"comment_status":"closed","ping_status":"closed","template":"","meta":{"_acf_changed":false},"product_brand":[],"product_cat":[1396,2177,2184,1348],"product_tag":[3631],"class_list":{"0":"post-84438","1":"product","2":"type-product","3":"status-publish","4":"has-post-thumbnail","6":"product_cat-drachen","7":"product_cat-hq-kites","8":"product_cat-kinderdrachen","9":"product_cat-marken","10":"product_tag-kindervliegers","12":"first","13":"instock","14":"sale","15":"taxable","16":"shipping-taxable","17":"purchasable","18":"product-type-simple"},"acf":[],"_links":{"self":[{"href":"https:\/\/www.wepaflyer.com\/de\/wp-json\/wp\/v2\/product\/84438","targetHints":{"allow":["GET"]}}],"collection":[{"href":"https:\/\/www.wepaflyer.com\/de\/wp-json\/wp\/v2\/product"}],"about":[{"href":"https:\/\/www.wepaflyer.com\/de\/wp-json\/wp\/v2\/types\/product"}],"replies":[{"embeddable":true,"href":"https:\/\/www.wepaflyer.com\/de\/wp-json\/wp\/v2\/comments?post=84438"}],"wp:featuredmedia":[{"embeddable":true,"href":"https:\/\/www.wepaflyer.com\/de\/wp-json\/wp\/v2\/media\/84566"}],"wp:attachment":[{"href":"https:\/\/www.wepaflyer.com\/de\/wp-json\/wp\/v2\/media?parent=84438"}],"wp:term":[{"taxonomy":"product_brand","embeddable":true,"href":"https:\/\/www.wepaflyer.com\/de\/wp-json\/wp\/v2\/product_brand?post=84438"},{"taxonomy":"product_cat","embeddable":true,"href":"https:\/\/www.wepaflyer.com\/de\/wp-json\/wp\/v2\/product_cat?post=84438"},{"taxonomy":"product_tag","embeddable":true,"href":"https:\/\/www.wepaflyer.com\/de\/wp-json\/wp\/v2\/product_tag?post=84438"}],"curies":[{"name":"wp","href":"https:\/\/api.w.org\/{rel}","templated":true}]}}