{"id":84397,"date":"2026-01-29T19:57:06","date_gmt":"2026-01-29T18:57:06","guid":{"rendered":"https:\/\/www.wepaflyer.com\/?post_type=product&#038;p=84397"},"modified":"2026-05-02T17:41:37","modified_gmt":"2026-05-02T15:41:37","slug":"hq-eco-simple-flyer-120-rainbow-flower","status":"publish","type":"product","link":"https:\/\/www.wepaflyer.com\/de\/produkt\/hq-eco-simple-flyer-120-rainbow-flower\/","title":{"rendered":"HQ Eco Simple Flyer 120 Rainbow Flower"},"content":{"rendered":"<h3><span>HQ ECO SIMPLE FLYER 120 RAINBOW FLOWER<\/span><\/h3>\n<h4><span>120 x 75 cm. | R2F | Rainbow Flower Motiv<\/span><\/h4>\n<p><span>Die 1-Leiner Simple-Flyer-Drachen der HQ Eco Line-Serie sind speziell entwickelte und hergestellte Kinderdrachen f\u00fcr problemloses Drachensteigen, damit auch die j\u00fcngsten Drachenflieger schnell und einfach einen Drachen steigen lassen k\u00f6nnen!<\/span><\/p>\n<p><span>Der Mittelgro\u00dfe Simple Flyer 120-Drachen l\u00e4sst sich locker aus der Hand fliegen und durch den breiten und langen Schwanz (fast 2 Meter lang!) fliegt er extrem stabil und bietet maximalen Flugspa\u00df zum minimalen Preis. Geeignet f\u00fcr alle Altersgruppen.<\/span><\/p>\n<p><span>Hergestellt aus Ripstop-Polyestertuch mit 4-mm-Glasfaserrahmen.<\/span><\/p>\n<p><span>Der HQ Eco Simple Flyer 120 fliegt am besten bei Windst\u00e4rken von 2 bis 5 Bft.<\/span><\/p>\n<p><span>Der Drachen wird flugbereit mit 25 Metern Drachenleine in 17daN St\u00e4rke auf einem Griff in Farbe und Design wie abgebildet geliefert.<br \/>\nAnleitungen sind im Paket enthalten. Verpackt in einer einfachen H\u00fclle.<\/span><\/p>\n","protected":false},"excerpt":{"rendered":"<p><span>120 x 75 cm. | R2F | Rainbow Flower Motiv<\/span><\/p>\n","protected":false},"featured_media":84547,"comment_status":"closed","ping_status":"closed","template":"","meta":{"_acf_changed":false},"product_brand":[],"product_cat":[1396,2177,2184,1348],"product_tag":[],"class_list":{"0":"post-84397","1":"product","2":"type-product","3":"status-publish","4":"has-post-thumbnail","6":"product_cat-drachen","7":"product_cat-hq-kites","8":"product_cat-kinderdrachen","9":"product_cat-marken","11":"first","12":"instock","13":"sale","14":"taxable","15":"shipping-taxable","16":"purchasable","17":"product-type-simple"},"acf":[],"_links":{"self":[{"href":"https:\/\/www.wepaflyer.com\/de\/wp-json\/wp\/v2\/product\/84397","targetHints":{"allow":["GET"]}}],"collection":[{"href":"https:\/\/www.wepaflyer.com\/de\/wp-json\/wp\/v2\/product"}],"about":[{"href":"https:\/\/www.wepaflyer.com\/de\/wp-json\/wp\/v2\/types\/product"}],"replies":[{"embeddable":true,"href":"https:\/\/www.wepaflyer.com\/de\/wp-json\/wp\/v2\/comments?post=84397"}],"wp:featuredmedia":[{"embeddable":true,"href":"https:\/\/www.wepaflyer.com\/de\/wp-json\/wp\/v2\/media\/84547"}],"wp:attachment":[{"href":"https:\/\/www.wepaflyer.com\/de\/wp-json\/wp\/v2\/media?parent=84397"}],"wp:term":[{"taxonomy":"product_brand","embeddable":true,"href":"https:\/\/www.wepaflyer.com\/de\/wp-json\/wp\/v2\/product_brand?post=84397"},{"taxonomy":"product_cat","embeddable":true,"href":"https:\/\/www.wepaflyer.com\/de\/wp-json\/wp\/v2\/product_cat?post=84397"},{"taxonomy":"product_tag","embeddable":true,"href":"https:\/\/www.wepaflyer.com\/de\/wp-json\/wp\/v2\/product_tag?post=84397"}],"curies":[{"name":"wp","href":"https:\/\/api.w.org\/{rel}","templated":true}]}}