{"id":84388,"date":"2026-01-29T19:38:52","date_gmt":"2026-01-29T18:38:52","guid":{"rendered":"https:\/\/www.wepaflyer.com\/?post_type=product&#038;p=84388"},"modified":"2026-05-04T12:30:20","modified_gmt":"2026-05-04T10:30:20","slug":"hq-eco-eddy-70-clownfish","status":"publish","type":"product","link":"https:\/\/www.wepaflyer.com\/de\/produkt\/hq-eco-eddy-70-clownfish\/","title":{"rendered":"HQ Eco Eddy 70 Clownfish"},"content":{"rendered":"<h3><span>HQ ECO EDDY 70 CLOWNFISH<\/span><\/h3>\n<h4><span>70 x 58 cm. | R2F | Clownfischmotiv<\/span><\/h4>\n<p><span>Die 1-Leiner Diamantdrachen der HQ Eco Line-Serie sind etwas Besonderes. Entwickelt und hergestellt f\u00fcr problemloses Drachensteigen, damit auch die j\u00fcngsten Drachenflieger schnell und einfach einen Drachen steigen lassen k\u00f6nnen!<\/span><\/p>\n<p><span>Diesen mittelgro\u00dfen Eddy 70-Drachen k\u00f6nnen Sie aus der Hand fliegen lassen, maximaler Flugspa\u00df zum minimalen Preis. F\u00fcr alle Altersgruppen geeignet.<\/span><\/p>\n<p><span>Hergestellt aus Ripstop-Polyestertuch mit 4&amp;2 mm starkem Glasfaserrahmen.<\/span><\/p>\n<p><span>Der HQ Eco Eddy 70 fliegt am liebsten bei Windst\u00e4rken von 2 bis 5 Bft.<\/span><\/p>\n<p><span>Der Drachen wird flugbereit mit 25 Metern Drachenleine in 17daN St\u00e4rke auf Griff geliefert in Farbe und Design wie abgebildet.<br \/>\nEine Anleitung und ein sch\u00f6ner Drachenschwanz sind im Paket enthalten. Verpackt in einer einfachen H\u00fclle.<\/span><\/p>\n","protected":false},"excerpt":{"rendered":"<p><span>70 x 58 cm. | R2F | Clownfischmotiv<\/span><\/p>\n","protected":false},"featured_media":84545,"comment_status":"closed","ping_status":"closed","template":"","meta":{"_acf_changed":false},"product_brand":[],"product_cat":[1396,2177,2184,1348],"product_tag":[3631],"class_list":{"0":"post-84388","1":"product","2":"type-product","3":"status-publish","4":"has-post-thumbnail","6":"product_cat-drachen","7":"product_cat-hq-kites","8":"product_cat-kinderdrachen","9":"product_cat-marken","10":"product_tag-kindervliegers","12":"first","13":"instock","14":"sale","15":"taxable","16":"shipping-taxable","17":"purchasable","18":"product-type-simple"},"acf":[],"_links":{"self":[{"href":"https:\/\/www.wepaflyer.com\/de\/wp-json\/wp\/v2\/product\/84388","targetHints":{"allow":["GET"]}}],"collection":[{"href":"https:\/\/www.wepaflyer.com\/de\/wp-json\/wp\/v2\/product"}],"about":[{"href":"https:\/\/www.wepaflyer.com\/de\/wp-json\/wp\/v2\/types\/product"}],"replies":[{"embeddable":true,"href":"https:\/\/www.wepaflyer.com\/de\/wp-json\/wp\/v2\/comments?post=84388"}],"wp:featuredmedia":[{"embeddable":true,"href":"https:\/\/www.wepaflyer.com\/de\/wp-json\/wp\/v2\/media\/84545"}],"wp:attachment":[{"href":"https:\/\/www.wepaflyer.com\/de\/wp-json\/wp\/v2\/media?parent=84388"}],"wp:term":[{"taxonomy":"product_brand","embeddable":true,"href":"https:\/\/www.wepaflyer.com\/de\/wp-json\/wp\/v2\/product_brand?post=84388"},{"taxonomy":"product_cat","embeddable":true,"href":"https:\/\/www.wepaflyer.com\/de\/wp-json\/wp\/v2\/product_cat?post=84388"},{"taxonomy":"product_tag","embeddable":true,"href":"https:\/\/www.wepaflyer.com\/de\/wp-json\/wp\/v2\/product_tag?post=84388"}],"curies":[{"name":"wp","href":"https:\/\/api.w.org\/{rel}","templated":true}]}}