{"id":84324,"date":"2026-01-27T12:57:19","date_gmt":"2026-01-27T11:57:19","guid":{"rendered":"https:\/\/www.wepaflyer.com\/?post_type=product&#038;p=84324"},"modified":"2026-01-27T13:00:10","modified_gmt":"2026-01-27T12:00:10","slug":"wus-windturbine-greywhite-110","status":"publish","type":"product","link":"https:\/\/www.wepaflyer.com\/de\/produkt\/wus-windturbine-greywhite-110\/","title":{"rendered":"WuS WindTurbine GreyWhite 110"},"content":{"rendered":"<h3>Wepa Windturbine GrauWei\u00df 110<\/h3>\n<h4>\u00f8 20 x 110 cm. | 2-farbig<\/h4>\n<p>Gr\u00f6\u00dfere Windturbine. 6 Bahnen in den Farben abwechselnd grau und wei\u00df.<\/p>\n<p>Hergestellt aus strapazierf\u00e4higem Spinnaker-Tuch. Inklusive Wirbelkarabiner.<\/p>\n","protected":false},"excerpt":{"rendered":"<p>\u00f8 20 x 110 cm. | 2-farbig<\/p>\n","protected":false},"featured_media":84322,"comment_status":"closed","ping_status":"closed","template":"","meta":{"_acf_changed":false},"product_brand":[],"product_cat":[3549,1348,1384,2165,1403,2188],"product_tag":[],"class_list":{"0":"post-84324","1":"product","2":"type-product","3":"status-publish","4":"has-post-thumbnail","6":"product_cat-grabbelkiste","7":"product_cat-marken","8":"product_cat-sale","9":"product_cat-wepa","10":"product_cat-windspiele","11":"product_cat-windspiele-garten","13":"first","14":"instock","15":"sale","16":"taxable","17":"shipping-taxable","18":"purchasable","19":"product-type-simple"},"acf":[],"_links":{"self":[{"href":"https:\/\/www.wepaflyer.com\/de\/wp-json\/wp\/v2\/product\/84324","targetHints":{"allow":["GET"]}}],"collection":[{"href":"https:\/\/www.wepaflyer.com\/de\/wp-json\/wp\/v2\/product"}],"about":[{"href":"https:\/\/www.wepaflyer.com\/de\/wp-json\/wp\/v2\/types\/product"}],"replies":[{"embeddable":true,"href":"https:\/\/www.wepaflyer.com\/de\/wp-json\/wp\/v2\/comments?post=84324"}],"wp:featuredmedia":[{"embeddable":true,"href":"https:\/\/www.wepaflyer.com\/de\/wp-json\/wp\/v2\/media\/84322"}],"wp:attachment":[{"href":"https:\/\/www.wepaflyer.com\/de\/wp-json\/wp\/v2\/media?parent=84324"}],"wp:term":[{"taxonomy":"product_brand","embeddable":true,"href":"https:\/\/www.wepaflyer.com\/de\/wp-json\/wp\/v2\/product_brand?post=84324"},{"taxonomy":"product_cat","embeddable":true,"href":"https:\/\/www.wepaflyer.com\/de\/wp-json\/wp\/v2\/product_cat?post=84324"},{"taxonomy":"product_tag","embeddable":true,"href":"https:\/\/www.wepaflyer.com\/de\/wp-json\/wp\/v2\/product_tag?post=84324"}],"curies":[{"name":"wp","href":"https:\/\/api.w.org\/{rel}","templated":true}]}}