{"id":84299,"date":"2026-01-26T20:24:02","date_gmt":"2026-01-26T19:24:02","guid":{"rendered":"https:\/\/www.wepaflyer.com\/?post_type=product&#038;p=84299"},"modified":"2026-01-26T21:48:59","modified_gmt":"2026-01-26T20:48:59","slug":"terschelling-wimpel-m","status":"publish","type":"product","link":"https:\/\/www.wepaflyer.com\/de\/produkt\/terschelling-wimpel-m\/","title":{"rendered":"Terschelling Wimpel M"},"content":{"rendered":"<h3>Terschelling Wimpel | Size M<\/h3>\n<h4>100 cm | Mit Befestigungssystem<\/h4>\n<p>Ein klassischer Wimpel in den Terschellinger Farben:<\/p>\n<p><strong><em>Rot f\u00fcr die D\u00e4cher, Blau f\u00fcr den Himmel, Gelb f\u00fcr die Halme, Gr\u00fcn f\u00fcr das Gras, Wei\u00df f\u00fcr den Sand \u2013 das sind die Farben des (Ter)Schellingerlandes.<\/em><\/strong><\/p>\n<p>Ideal f\u00fcr Fahnenmast, Zelt, Wohnwagen, Veranda, Campingplatz oder andere Orte.<\/p>\n<p>Hergestellt aus robustem Spinnaker-Gewebe. UV- und wetterbest\u00e4ndig.<\/p>\n","protected":false},"excerpt":{"rendered":"<p>100 cm | Mit Befestigungssystem<\/p>\n","protected":false},"featured_media":84638,"comment_status":"closed","ping_status":"closed","template":"","meta":{"_acf_changed":false},"product_brand":[],"product_cat":[1348,1384,2165,1403,2188],"product_tag":[],"class_list":{"0":"post-84299","1":"product","2":"type-product","3":"status-publish","4":"has-post-thumbnail","6":"product_cat-marken","7":"product_cat-sale","8":"product_cat-wepa","9":"product_cat-windspiele","10":"product_cat-windspiele-garten","12":"first","13":"instock","14":"sale","15":"taxable","16":"shipping-taxable","17":"purchasable","18":"product-type-simple"},"acf":[],"_links":{"self":[{"href":"https:\/\/www.wepaflyer.com\/de\/wp-json\/wp\/v2\/product\/84299","targetHints":{"allow":["GET"]}}],"collection":[{"href":"https:\/\/www.wepaflyer.com\/de\/wp-json\/wp\/v2\/product"}],"about":[{"href":"https:\/\/www.wepaflyer.com\/de\/wp-json\/wp\/v2\/types\/product"}],"replies":[{"embeddable":true,"href":"https:\/\/www.wepaflyer.com\/de\/wp-json\/wp\/v2\/comments?post=84299"}],"wp:featuredmedia":[{"embeddable":true,"href":"https:\/\/www.wepaflyer.com\/de\/wp-json\/wp\/v2\/media\/84638"}],"wp:attachment":[{"href":"https:\/\/www.wepaflyer.com\/de\/wp-json\/wp\/v2\/media?parent=84299"}],"wp:term":[{"taxonomy":"product_brand","embeddable":true,"href":"https:\/\/www.wepaflyer.com\/de\/wp-json\/wp\/v2\/product_brand?post=84299"},{"taxonomy":"product_cat","embeddable":true,"href":"https:\/\/www.wepaflyer.com\/de\/wp-json\/wp\/v2\/product_cat?post=84299"},{"taxonomy":"product_tag","embeddable":true,"href":"https:\/\/www.wepaflyer.com\/de\/wp-json\/wp\/v2\/product_tag?post=84299"}],"curies":[{"name":"wp","href":"https:\/\/api.w.org\/{rel}","templated":true}]}}