{"id":84264,"date":"2026-01-25T16:21:37","date_gmt":"2026-01-25T15:21:37","guid":{"rendered":"https:\/\/www.wepaflyer.com\/?post_type=product&#038;p=84264"},"modified":"2026-01-25T16:25:21","modified_gmt":"2026-01-25T15:25:21","slug":"wus-windorca","status":"publish","type":"product","link":"https:\/\/www.wepaflyer.com\/de\/produkt\/wus-windorca\/","title":{"rendered":"WuS WindOrca"},"content":{"rendered":"<h3>Wepa WindOrca<\/h3>\n<h4>\u00d8 30 cm \/ 80 x 100 cm | Windspiel<\/h4>\n<p>Beliebtes Windspiel in Form eines Orcas. W\u00e4hrend sich das Rad im Wind dreht, zeigt der Orca die Windrichtung an. Ein lustiges Dekorationselement, das zum Gl\u00fcck nicht bei\u00dft. Eines unserer \u00e4ltesten Windspiele.<\/p>\n<p>Hergestellt aus robustem Spinnaker-Gewebe. UV- und witterungsbest\u00e4ndig, mit Standstab.<\/p>\n<p>Vor dem Versand wird jedes Windspiel einer kurzen Qualit\u00e4tskontrolle unterzogen. Auch Windspiele aus der Grabbelkiste sind in der Regel in gutem Zustand, dennoch k\u00f6nnen wir f\u00fcr diese Modelle keine Garantie \u00fcbernehmen.<\/p>\n","protected":false},"excerpt":{"rendered":"<p>\u00d8 30 cm \/ 80 x 100 cm | Windspiel<\/p>\n","protected":false},"featured_media":84262,"comment_status":"closed","ping_status":"closed","template":"","meta":{"_acf_changed":false},"product_brand":[],"product_cat":[3549,1348,1384,2165,1403,2188],"product_tag":[],"class_list":{"0":"post-84264","1":"product","2":"type-product","3":"status-publish","4":"has-post-thumbnail","6":"product_cat-grabbelkiste","7":"product_cat-marken","8":"product_cat-sale","9":"product_cat-wepa","10":"product_cat-windspiele","11":"product_cat-windspiele-garten","13":"first","14":"instock","15":"sale","16":"taxable","17":"shipping-taxable","18":"purchasable","19":"product-type-simple"},"acf":[],"_links":{"self":[{"href":"https:\/\/www.wepaflyer.com\/de\/wp-json\/wp\/v2\/product\/84264","targetHints":{"allow":["GET"]}}],"collection":[{"href":"https:\/\/www.wepaflyer.com\/de\/wp-json\/wp\/v2\/product"}],"about":[{"href":"https:\/\/www.wepaflyer.com\/de\/wp-json\/wp\/v2\/types\/product"}],"replies":[{"embeddable":true,"href":"https:\/\/www.wepaflyer.com\/de\/wp-json\/wp\/v2\/comments?post=84264"}],"wp:featuredmedia":[{"embeddable":true,"href":"https:\/\/www.wepaflyer.com\/de\/wp-json\/wp\/v2\/media\/84262"}],"wp:attachment":[{"href":"https:\/\/www.wepaflyer.com\/de\/wp-json\/wp\/v2\/media?parent=84264"}],"wp:term":[{"taxonomy":"product_brand","embeddable":true,"href":"https:\/\/www.wepaflyer.com\/de\/wp-json\/wp\/v2\/product_brand?post=84264"},{"taxonomy":"product_cat","embeddable":true,"href":"https:\/\/www.wepaflyer.com\/de\/wp-json\/wp\/v2\/product_cat?post=84264"},{"taxonomy":"product_tag","embeddable":true,"href":"https:\/\/www.wepaflyer.com\/de\/wp-json\/wp\/v2\/product_tag?post=84264"}],"curies":[{"name":"wp","href":"https:\/\/api.w.org\/{rel}","templated":true}]}}