{"id":84226,"date":"2026-01-24T14:39:21","date_gmt":"2026-01-24T13:39:21","guid":{"rendered":"https:\/\/www.wepaflyer.com\/?post_type=product&#038;p=84226"},"modified":"2026-01-25T13:06:14","modified_gmt":"2026-01-25T12:06:14","slug":"wus-windturbine-rainbow-70","status":"publish","type":"product","link":"https:\/\/www.wepaflyer.com\/de\/produkt\/wus-windturbine-rainbow-70\/","title":{"rendered":"WuS WindTurbine Rainbow 70"},"content":{"rendered":"<h3>Wepa Windturbine Regenbogen 70<\/h3>\n<h4>\u00f8 15 x 70 cm | 12 Farbbahnen \u2013 6-farbig<\/h4>\n<p>Kleinere Windturbine. 12 Farbbahnen. Die Windturbine Regenbogen 70 nutzt ausschlie\u00dflich die 6 Prim\u00e4rfarben des Regenbogens: Rot, Orange, Gelb, Gr\u00fcn, Blau und Violett \u2013 immer in dieser Reihenfolge, genau wie in einem echten Regenbogen. Bei dieser 12-farbigen Windturbine erscheint jede Farbe zweimal und erzeugt so einen doppelten Regenbogen.<\/p>\n<p>Hergestellt aus strapazierf\u00e4higem Spinnaker-Gewebe. Inklusive Wirbelkarabiner.<\/p>\n","protected":false},"excerpt":{"rendered":"<p>\u00f8 15 x 70 cm | 12 Farbbahnen \u2013 6-farbig<\/p>\n","protected":false},"featured_media":84225,"comment_status":"closed","ping_status":"closed","template":"","meta":{"_acf_changed":false},"product_brand":[],"product_cat":[1348,1384,2165,1403,2188],"product_tag":[],"class_list":{"0":"post-84226","1":"product","2":"type-product","3":"status-publish","4":"has-post-thumbnail","6":"product_cat-marken","7":"product_cat-sale","8":"product_cat-wepa","9":"product_cat-windspiele","10":"product_cat-windspiele-garten","12":"first","13":"instock","14":"sale","15":"taxable","16":"shipping-taxable","17":"purchasable","18":"product-type-simple"},"acf":[],"_links":{"self":[{"href":"https:\/\/www.wepaflyer.com\/de\/wp-json\/wp\/v2\/product\/84226","targetHints":{"allow":["GET"]}}],"collection":[{"href":"https:\/\/www.wepaflyer.com\/de\/wp-json\/wp\/v2\/product"}],"about":[{"href":"https:\/\/www.wepaflyer.com\/de\/wp-json\/wp\/v2\/types\/product"}],"replies":[{"embeddable":true,"href":"https:\/\/www.wepaflyer.com\/de\/wp-json\/wp\/v2\/comments?post=84226"}],"wp:featuredmedia":[{"embeddable":true,"href":"https:\/\/www.wepaflyer.com\/de\/wp-json\/wp\/v2\/media\/84225"}],"wp:attachment":[{"href":"https:\/\/www.wepaflyer.com\/de\/wp-json\/wp\/v2\/media?parent=84226"}],"wp:term":[{"taxonomy":"product_brand","embeddable":true,"href":"https:\/\/www.wepaflyer.com\/de\/wp-json\/wp\/v2\/product_brand?post=84226"},{"taxonomy":"product_cat","embeddable":true,"href":"https:\/\/www.wepaflyer.com\/de\/wp-json\/wp\/v2\/product_cat?post=84226"},{"taxonomy":"product_tag","embeddable":true,"href":"https:\/\/www.wepaflyer.com\/de\/wp-json\/wp\/v2\/product_tag?post=84226"}],"curies":[{"name":"wp","href":"https:\/\/api.w.org\/{rel}","templated":true}]}}