{"id":84208,"date":"2026-01-23T18:53:16","date_gmt":"2026-01-23T17:53:16","guid":{"rendered":"https:\/\/www.wepaflyer.com\/?post_type=product&#038;p=84208"},"modified":"2026-01-23T18:56:34","modified_gmt":"2026-01-23T17:56:34","slug":"cim-windsock-rainbow-fish-wave","status":"publish","type":"product","link":"https:\/\/www.wepaflyer.com\/de\/produkt\/cim-windsock-rainbow-fish-wave\/","title":{"rendered":"CiM Windsock Rainbow Fish WAVE"},"content":{"rendered":"<h3>Lustiger Windsack in Fischdesign | Welle<\/h3>\n<h4>\u00d8 12 x 38 x 91 cm. | Rainbow Fish Wave<\/h4>\n<p>In unserer Kollektion finden Sie eine Reihe von Winds\u00e4cken mit Fischmotiven, die wir scherzhaft als \u201eAbteilung f\u00fcr fliegende Fische\u201c bezeichnen. Hier finden Sie eine Auswahl an Winds\u00e4cken mit Fischmotiven in verschiedenen Farben und Ausf\u00fchrungen. Angler werden hier garantiert f\u00fcndig.<\/p>\n<p>Hergestellt aus robustem Spinnaker-Gewebe, UV- und wetterbest\u00e4ndig, mit Karabinerwirbel.<\/p>\n","protected":false},"excerpt":{"rendered":"<p>\u00d8 12 x 38 x 91 cm. | Rainbow Fish Wave<\/p>\n","protected":false},"featured_media":84206,"comment_status":"closed","ping_status":"closed","template":"","meta":{"_acf_changed":false},"product_brand":[],"product_cat":[1347,2187,1348,1403,2188],"product_tag":[],"class_list":{"0":"post-84208","1":"product","2":"type-product","3":"status-publish","4":"has-post-thumbnail","6":"product_cat-angebote","7":"product_cat-colours-in-motion","8":"product_cat-marken","9":"product_cat-windspiele","10":"product_cat-windspiele-garten","12":"first","13":"instock","14":"sale","15":"taxable","16":"shipping-taxable","17":"purchasable","18":"product-type-simple"},"acf":[],"_links":{"self":[{"href":"https:\/\/www.wepaflyer.com\/de\/wp-json\/wp\/v2\/product\/84208","targetHints":{"allow":["GET"]}}],"collection":[{"href":"https:\/\/www.wepaflyer.com\/de\/wp-json\/wp\/v2\/product"}],"about":[{"href":"https:\/\/www.wepaflyer.com\/de\/wp-json\/wp\/v2\/types\/product"}],"replies":[{"embeddable":true,"href":"https:\/\/www.wepaflyer.com\/de\/wp-json\/wp\/v2\/comments?post=84208"}],"wp:featuredmedia":[{"embeddable":true,"href":"https:\/\/www.wepaflyer.com\/de\/wp-json\/wp\/v2\/media\/84206"}],"wp:attachment":[{"href":"https:\/\/www.wepaflyer.com\/de\/wp-json\/wp\/v2\/media?parent=84208"}],"wp:term":[{"taxonomy":"product_brand","embeddable":true,"href":"https:\/\/www.wepaflyer.com\/de\/wp-json\/wp\/v2\/product_brand?post=84208"},{"taxonomy":"product_cat","embeddable":true,"href":"https:\/\/www.wepaflyer.com\/de\/wp-json\/wp\/v2\/product_cat?post=84208"},{"taxonomy":"product_tag","embeddable":true,"href":"https:\/\/www.wepaflyer.com\/de\/wp-json\/wp\/v2\/product_tag?post=84208"}],"curies":[{"name":"wp","href":"https:\/\/api.w.org\/{rel}","templated":true}]}}