{"id":84172,"date":"2026-01-22T16:58:51","date_gmt":"2026-01-22T15:58:51","guid":{"rendered":"https:\/\/www.wepaflyer.com\/?post_type=product&#038;p=84172"},"modified":"2026-01-22T17:03:24","modified_gmt":"2026-01-22T16:03:24","slug":"grosser-einleiner-diamant-monkey-business","status":"publish","type":"product","link":"https:\/\/www.wepaflyer.com\/de\/produkt\/grosser-einleiner-diamant-monkey-business\/","title":{"rendered":"Gro\u00dfer Einleiner Diamant &#8222;Monkey Business&#8220;"},"content":{"rendered":"<h3>MONKEY-BUSINESS DIAMANT<\/h3>\n<h4>Gro\u00dfer Diamant Einleiner | 100 x 95 cm. | R2F<\/h4>\n<p>Gro\u00dfer, einleiner Diamantdrachen f\u00fcr alle, die sich mal so richtig langweilen \u2013 f\u00fcr echte \u201eMonkey Business\u201c-Tage! Er fliegt schon bei leichtem Wind und ist f\u00fcr jedes Alter geeignet. Selbst die j\u00fcngsten Drachenflieger werden dieses Modell lieben und es gerne in ihrem Zimmer aufh\u00e4ngen.<\/p>\n<p>Der Drachen wird flugfertig (R2F) mit einem Griff geliefert worauf die Drachenschnur gewickelt ist; Schwanz und eine Anleitung sind enthalten.<\/p>\n<p>Der \u201eMonkey Business\u201c-Diamantdrachen besteht aus robustem Spinnakerstoff, hat ein Fiberglasgestell und wird wie abgebildet geliefert. Einzeln verpackt in einem PE-Beutel.<\/p>\n","protected":false},"excerpt":{"rendered":"<p>Gro\u00dfer Diamant Einleiner | 100 x 95 cm. | R2F<\/p>\n","protected":false},"featured_media":84170,"comment_status":"closed","ping_status":"closed","template":"","meta":{"_acf_changed":false},"product_brand":[],"product_cat":[1396,2184,1348,1384,2165],"product_tag":[],"class_list":{"0":"post-84172","1":"product","2":"type-product","3":"status-publish","4":"has-post-thumbnail","6":"product_cat-drachen","7":"product_cat-kinderdrachen","8":"product_cat-marken","9":"product_cat-sale","10":"product_cat-wepa","12":"first","13":"instock","14":"sale","15":"taxable","16":"shipping-taxable","17":"purchasable","18":"product-type-simple"},"acf":[],"_links":{"self":[{"href":"https:\/\/www.wepaflyer.com\/de\/wp-json\/wp\/v2\/product\/84172","targetHints":{"allow":["GET"]}}],"collection":[{"href":"https:\/\/www.wepaflyer.com\/de\/wp-json\/wp\/v2\/product"}],"about":[{"href":"https:\/\/www.wepaflyer.com\/de\/wp-json\/wp\/v2\/types\/product"}],"replies":[{"embeddable":true,"href":"https:\/\/www.wepaflyer.com\/de\/wp-json\/wp\/v2\/comments?post=84172"}],"wp:featuredmedia":[{"embeddable":true,"href":"https:\/\/www.wepaflyer.com\/de\/wp-json\/wp\/v2\/media\/84170"}],"wp:attachment":[{"href":"https:\/\/www.wepaflyer.com\/de\/wp-json\/wp\/v2\/media?parent=84172"}],"wp:term":[{"taxonomy":"product_brand","embeddable":true,"href":"https:\/\/www.wepaflyer.com\/de\/wp-json\/wp\/v2\/product_brand?post=84172"},{"taxonomy":"product_cat","embeddable":true,"href":"https:\/\/www.wepaflyer.com\/de\/wp-json\/wp\/v2\/product_cat?post=84172"},{"taxonomy":"product_tag","embeddable":true,"href":"https:\/\/www.wepaflyer.com\/de\/wp-json\/wp\/v2\/product_tag?post=84172"}],"curies":[{"name":"wp","href":"https:\/\/api.w.org\/{rel}","templated":true}]}}