{"id":84164,"date":"2026-01-22T16:33:24","date_gmt":"2026-01-22T15:33:24","guid":{"rendered":"https:\/\/www.wepaflyer.com\/?post_type=product&#038;p=84164"},"modified":"2026-01-22T16:41:19","modified_gmt":"2026-01-22T15:41:19","slug":"diamant-stunter-jolly-ice","status":"publish","type":"product","link":"https:\/\/www.wepaflyer.com\/de\/produkt\/diamant-stunter-jolly-ice\/","title":{"rendered":"Diamant Stunter Jolly Ice"},"content":{"rendered":"<h3>DIAMANT STUNTER JOLLY ICE<\/h3>\n<h4>Kinder Lenkdrachen | 95 x 75 cm. | R2F<\/h4>\n<p>Der Diamant LX-95 Lenkdrachen ist ein lebhafter Stuntdrachen in klassischer Form, der Jung und Alt begeistert!<\/p>\n<p>Sie suchen einen unkomplizierten Lenkdrachen, der nicht viel kostet? Dann ist der Jolly Ice Diamant Lenkdrachen genau das Richtige f\u00fcr Sie! Er ist beliebt und gesch\u00e4tzt f\u00fcr seine hervorragenden Flugeigenschaften, insbesondere f\u00fcr Anf\u00e4nger.<\/p>\n<p>Dieser Drachen ist flugfertig (R2F). Einfach die Flugleinen (auf zwei Griffen) anbringen, die beiden mitgelieferten Schw\u00e4nze unten verknoten und schon kann es losgehen!<\/p>\n<p>Anf\u00e4ngern empfehlen wir, zun\u00e4chst bei leichtem Wind zu \u00fcben, um den Drachen kennenzulernen und sein Verhalten bei verschiedenen Lenkbewegungen zu beobachten. Dieser Lenkdrachen eignet sich f\u00fcr leichten bis m\u00e4\u00dfigen Wind. Er fliegt auch bei st\u00e4rkerem Wind, verwenden Sie dann aber immer st\u00e4rkere Leinen.<\/p>\n<p>Ein gro\u00dfartiger Anf\u00e4ngerdrachen. Auch f\u00fcr die j\u00fcngsten Piloten geeignet. Der Acro Diamant Jolly Ice besteht aus strapazierf\u00e4higem Ripstop-Nylon und verf\u00fcgt \u00fcber einen robusten Fiberglasrahmen f\u00fcr zus\u00e4tzliche Stabilit\u00e4t. Dieser Einsteigerkite verzeiht Fehler und steckt einige Abst\u00fcrze weg, was zu seiner Beliebtheit beitr\u00e4gt. Vermeiden Sie jedoch unbedingt schwere Crashes, da die Fiberglasst\u00e4be brechen und das Segel einrei\u00dfen k\u00f6nnen. Der Acro Diamant LX-95 JOLLY ICE ist einzeln in einem PE-Beutel verpackt und enth\u00e4lt Lenkschn\u00fcre auf zwei Griffen sowie zwei Drachenschw\u00e4nze.<\/p>\n","protected":false},"excerpt":{"rendered":"<p>Kinder Lenkdrachen | 95 x 75 cm. | R2F<\/p>\n","protected":false},"featured_media":84162,"comment_status":"closed","ping_status":"closed","template":"","meta":{"_acf_changed":false},"product_brand":[],"product_cat":[1396,2184,2169,1348,1384,2165],"product_tag":[],"class_list":{"0":"post-84164","1":"product","2":"type-product","3":"status-publish","4":"has-post-thumbnail","6":"product_cat-drachen","7":"product_cat-kinderdrachen","8":"product_cat-lenkdrachen","9":"product_cat-marken","10":"product_cat-sale","11":"product_cat-wepa","13":"first","14":"instock","15":"sale","16":"taxable","17":"shipping-taxable","18":"purchasable","19":"product-type-simple"},"acf":[],"_links":{"self":[{"href":"https:\/\/www.wepaflyer.com\/de\/wp-json\/wp\/v2\/product\/84164","targetHints":{"allow":["GET"]}}],"collection":[{"href":"https:\/\/www.wepaflyer.com\/de\/wp-json\/wp\/v2\/product"}],"about":[{"href":"https:\/\/www.wepaflyer.com\/de\/wp-json\/wp\/v2\/types\/product"}],"replies":[{"embeddable":true,"href":"https:\/\/www.wepaflyer.com\/de\/wp-json\/wp\/v2\/comments?post=84164"}],"wp:featuredmedia":[{"embeddable":true,"href":"https:\/\/www.wepaflyer.com\/de\/wp-json\/wp\/v2\/media\/84162"}],"wp:attachment":[{"href":"https:\/\/www.wepaflyer.com\/de\/wp-json\/wp\/v2\/media?parent=84164"}],"wp:term":[{"taxonomy":"product_brand","embeddable":true,"href":"https:\/\/www.wepaflyer.com\/de\/wp-json\/wp\/v2\/product_brand?post=84164"},{"taxonomy":"product_cat","embeddable":true,"href":"https:\/\/www.wepaflyer.com\/de\/wp-json\/wp\/v2\/product_cat?post=84164"},{"taxonomy":"product_tag","embeddable":true,"href":"https:\/\/www.wepaflyer.com\/de\/wp-json\/wp\/v2\/product_tag?post=84164"}],"curies":[{"name":"wp","href":"https:\/\/api.w.org\/{rel}","templated":true}]}}