{"id":83671,"date":"2025-12-20T15:39:20","date_gmt":"2025-12-20T14:39:20","guid":{"rendered":"https:\/\/www.wepaflyer.com\/?post_type=product&#038;p=83671"},"modified":"2026-05-04T12:27:22","modified_gmt":"2026-05-04T10:27:22","slug":"hq-symphony-beach-2-2-blue-gold-limited-edition","status":"publish","type":"product","link":"https:\/\/www.wepaflyer.com\/de\/produkt\/hq-symphony-beach-2-2-blue-gold-limited-edition\/","title":{"rendered":"HQ Symphony Beach 2.2 Blue\/Gold | Limited Edition"},"content":{"rendered":"<h3><strong>HQ Symphony Beach 2.2 Blue\/Gold | R2F | Limited Edition<\/strong><\/h3>\n<h4><strong>2-Leiner-Lenkmatte f\u00fcr Anf\u00e4nger &amp; Fortgeschrittene in einzigartiger Farbkombination zum FR\u00dcHLINGS-SALE Superpreis<\/strong><\/h4>\n<p>Der Symphony Beach 2.2 Blue\/Gold Limited Edition von HQ Kites besticht durch hervorragende Flugeigenschaften, einfache Handhabung und endlosen Flugspa\u00df.<br \/>\nDieser Drachen ist nach den W\u00fcnschen und Anforderungen unerfahrener Drachenpiloten konzipiert und bietet ein mehr als hervorragendes Preis-Leistungs-Verh\u00e4ltnis und ist mit sch\u00f6nem Zubeh\u00f6r ausgestattet.<br \/>\nEr fliegt sehr stabil und bietet f\u00fcr seine Gr\u00f6\u00dfe bemerkenswerte Geschwindigkeit und Zugkraft.<\/p>\n<h4><strong>Der Symphony Beach 2.2 Blue\/Gold ist nur beschr\u00e4nkt verf\u00fcgbar WEG = WEG<\/strong><\/h4>\n<p>Diese Drachen machen jedem Anf\u00e4nger wirklich Spa\u00df und halten ihn stundenlang in Bewegung!<br \/>\nDer Drachen wird mit Lenkschn\u00fcren auf Wickelgriff und Lenkschlaufen geliefert und ist somit sofort flugbereit = Ready-to-Go!<br \/>\nVerpackt in einer sch\u00f6nen, kompakten Drachentasche.<\/p>\n<p><strong>Symphony Beach 2.2 Blue\/Gold |\u00a0220 x 73 cm. | 1,6m\u00b2 | R2F |\u00a0 2x25meter DyneemaLines 100daN | Ab 14 Jahren | Windst\u00e4rke 2-6 Beaufort<\/strong><\/p>\n<p><strong>Der Symphony Beach 2.2 Blue\/Gold ist inklusive:<\/strong><\/p>\n<ul>\n<li><strong>Angemessene Flugleinen<\/strong><\/li>\n<li><strong>Straps (Lenkschlaufen)<\/strong><\/li>\n<li><strong>Handbuch mit Anleitungen<\/strong><\/li>\n<li><strong>Tragetasche<\/strong><\/li>\n<\/ul>\n","protected":false},"excerpt":{"rendered":"<p>2-Leiner-Lenkmatte f\u00fcr Anf\u00e4nger &amp; Fortgeschrittene in einzigartiger Farbkombination zum FR\u00dcHLINGS-SALE Superpreis<\/p>\n","protected":false},"featured_media":83649,"comment_status":"closed","ping_status":"closed","template":"","meta":{"_acf_changed":false},"product_brand":[],"product_cat":[2164,1347,2177,1348,1372],"product_tag":[3632],"class_list":{"0":"post-83671","1":"product","2":"type-product","3":"status-publish","4":"has-post-thumbnail","6":"product_cat-2-leiner-lenkmatten","7":"product_cat-angebote","8":"product_cat-hq-kites","9":"product_cat-marken","10":"product_cat-powerkites","11":"product_tag-powerkites","13":"first","14":"instock","15":"sale","16":"taxable","17":"shipping-taxable","18":"purchasable","19":"product-type-simple"},"acf":[],"_links":{"self":[{"href":"https:\/\/www.wepaflyer.com\/de\/wp-json\/wp\/v2\/product\/83671","targetHints":{"allow":["GET"]}}],"collection":[{"href":"https:\/\/www.wepaflyer.com\/de\/wp-json\/wp\/v2\/product"}],"about":[{"href":"https:\/\/www.wepaflyer.com\/de\/wp-json\/wp\/v2\/types\/product"}],"replies":[{"embeddable":true,"href":"https:\/\/www.wepaflyer.com\/de\/wp-json\/wp\/v2\/comments?post=83671"}],"wp:featuredmedia":[{"embeddable":true,"href":"https:\/\/www.wepaflyer.com\/de\/wp-json\/wp\/v2\/media\/83649"}],"wp:attachment":[{"href":"https:\/\/www.wepaflyer.com\/de\/wp-json\/wp\/v2\/media?parent=83671"}],"wp:term":[{"taxonomy":"product_brand","embeddable":true,"href":"https:\/\/www.wepaflyer.com\/de\/wp-json\/wp\/v2\/product_brand?post=83671"},{"taxonomy":"product_cat","embeddable":true,"href":"https:\/\/www.wepaflyer.com\/de\/wp-json\/wp\/v2\/product_cat?post=83671"},{"taxonomy":"product_tag","embeddable":true,"href":"https:\/\/www.wepaflyer.com\/de\/wp-json\/wp\/v2\/product_tag?post=83671"}],"curies":[{"name":"wp","href":"https:\/\/api.w.org\/{rel}","templated":true}]}}